{"id":1054,"date":"2018-04-25T12:10:17","date_gmt":"2018-04-25T10:10:17","guid":{"rendered":"http:\/\/residencedespins.ddns.net\/heiva-nui\/?page_id=1054"},"modified":"2018-05-28T14:41:10","modified_gmt":"2018-05-28T12:41:10","slug":"fete-nationale-a-gaillard-le-vendredi-13-juillet-2018","status":"publish","type":"page","link":"http:\/\/residencedespins.ddns.net\/heiva-nui\/?page_id=1054","title":{"rendered":"F\u00eate nationale \u00e0 Gaillard le vendredi 13 juillet 2018"},"content":{"rendered":"\n<table id=\"tablepress-12\" class=\"tablepress tablepress-id-12\">\n<tbody class=\"row-hover\">\n<tr class=\"row-1 odd\">\n\t<td class=\"column-1\"><p style=\"color:transparent; width:50px;\"><\/p><\/td><td class=\"column-2\"><strong>Vendredi 13 juillet 2018<\/strong><\/td>\n<\/tr>\n<tr class=\"row-2 even\">\n\t<td class=\"column-1\">18h00<\/td><td class=\"column-2\">Ouverture de la <a href=\"http:\/\/serveur11-wordpress.no-ip.org\/heiva-nui\/buvette-cantine\/\" rel=\"noopener\" target=\"_blank\">caisse, cantine, buvette<\/a><\/td>\n<\/tr>\n<tr class=\"row-3 odd\">\n\t<td class=\"column-1\">18h30<\/td><td class=\"column-2\">D\u00e9part du cort\u00e8ge sur le parvis de la mairie (cort\u00e8ge anim\u00e9 par l'<a href=\"http:\/\/orchestredegaillard.com\/\" rel=\"noopener\" target=\"_blank\">orchestre de Gaillard<\/a> et le groupe polyn\u00e9sien)<\/td>\n<\/tr>\n<tr class=\"row-4 even\">\n\t<td class=\"column-1\">18h40<\/td><td class=\"column-2\">Arr\u00eat du cort\u00e8ge au cimeti\u00e8re et discours de M. le Maire Jean-Paul Bosland<\/td>\n<\/tr>\n<tr class=\"row-5 odd\">\n\t<td class=\"column-1\">19h30<\/td><td class=\"column-2\">Arriv\u00e9e du cort\u00e8ge au stade municipal Louis Simon<\/td>\n<\/tr>\n<tr class=\"row-6 even\">\n\t<td class=\"column-1\">19h30<\/td><td class=\"column-2\">Vin d'honneur offert par la municipalit\u00e9 \u00e0 la population au stade municipal Louis Simon<\/td>\n<\/tr>\n<tr class=\"row-7 odd\">\n\t<td class=\"column-1\">20h00<\/td><td class=\"column-2\">Prestation de l'<a href=\"http:\/\/orchestredegaillard.com\/\" rel=\"noopener\" target=\"_blank\">orchestre de Gaillard<\/a> de 30 minutes<\/td>\n<\/tr>\n<tr class=\"row-8 even\">\n\t<td class=\"column-1\">20h30<\/td><td class=\"column-2\">Premi\u00e8re partie (30 minutes) du grand spectacle polyn\u00e9sien (danses, chants, musiques en costumes traditionnels) avec comme th\u00e8me, \u00ab<a href=\"http:\/\/www.pewtrusts.org\/fr\/research-and-analysis\/issue-briefs\/2016\/04\/rahui-nui-no-tuhaa-pae\" rel=\"noopener\" target=\"_blank\">La protection des oc\u00e9ans<\/a>\u00bb<\/td>\n<\/tr>\n<tr class=\"row-9 odd\">\n\t<td class=\"column-1\">21h00<\/td><td class=\"column-2\">Prestation de l'<a href=\"http:\/\/orchestredegaillard.com\/\" rel=\"noopener\" target=\"_blank\">orchestre de Gaillard<\/a> de 30 minutes<\/td>\n<\/tr>\n<tr class=\"row-10 even\">\n\t<td class=\"column-1\">21h30<\/td><td class=\"column-2\">Seconde partie (30 minutes) du grand spectacle polyn\u00e9sien (danses, chants, musiques en costumes traditionnels) avec comme th\u00e8me, \u00ab<a href=\"http:\/\/www.pewtrusts.org\/fr\/research-and-analysis\/issue-briefs\/2016\/04\/rahui-nui-no-tuhaa-pae\" rel=\"noopener\" target=\"_blank\">La protection des oc\u00e9ans<\/a>\u00bb<\/td>\n<\/tr>\n<tr class=\"row-11 odd\">\n\t<td class=\"column-1\">22h00<\/td><td class=\"column-2\">Grand feu d'artifice sur le stade<\/td>\n<\/tr>\n<tr class=\"row-12 even\">\n\t<td class=\"column-1\">22h30<\/td><td class=\"column-2\">D\u00e9but du bal<\/td>\n<\/tr>\n<tr class=\"row-13 odd\">\n\t<td class=\"column-1\">24h00 <\/td><td class=\"column-2\">Fin de la journ\u00e9e, fin du bal, fermeture de la <a href=\"http:\/\/serveur11-wordpress.no-ip.org\/heiva-nui\/buvette-cantine\/\" rel=\"noopener\" target=\"_blank\">caisse, cantine, buvette<\/a><\/td>\n<\/tr>\n<\/tbody>\n<\/table>\n<!-- #tablepress-12 from cache -->\n<div class='printomatic pom-default ' id='id8094'  data-print_target='article'><\/div>\n","protected":false},"excerpt":{"rendered":"","protected":false},"author":1,"featured_media":0,"parent":158,"menu_order":10,"comment_status":"closed","ping_status":"closed","template":"","meta":{"footnotes":""},"class_list":["post-1054","page","type-page","status-publish","hentry"],"_links":{"self":[{"href":"http:\/\/residencedespins.ddns.net\/heiva-nui\/index.php?rest_route=\/wp\/v2\/pages\/1054","targetHints":{"allow":["GET"]}}],"collection":[{"href":"http:\/\/residencedespins.ddns.net\/heiva-nui\/index.php?rest_route=\/wp\/v2\/pages"}],"about":[{"href":"http:\/\/residencedespins.ddns.net\/heiva-nui\/index.php?rest_route=\/wp\/v2\/types\/page"}],"author":[{"embeddable":true,"href":"http:\/\/residencedespins.ddns.net\/heiva-nui\/index.php?rest_route=\/wp\/v2\/users\/1"}],"replies":[{"embeddable":true,"href":"http:\/\/residencedespins.ddns.net\/heiva-nui\/index.php?rest_route=%2Fwp%2Fv2%2Fcomments&post=1054"}],"version-history":[{"count":1,"href":"http:\/\/residencedespins.ddns.net\/heiva-nui\/index.php?rest_route=\/wp\/v2\/pages\/1054\/revisions"}],"predecessor-version":[{"id":1055,"href":"http:\/\/residencedespins.ddns.net\/heiva-nui\/index.php?rest_route=\/wp\/v2\/pages\/1054\/revisions\/1055"}],"up":[{"embeddable":true,"href":"http:\/\/residencedespins.ddns.net\/heiva-nui\/index.php?rest_route=\/wp\/v2\/pages\/158"}],"wp:attachment":[{"href":"http:\/\/residencedespins.ddns.net\/heiva-nui\/index.php?rest_route=%2Fwp%2Fv2%2Fmedia&parent=1054"}],"curies":[{"name":"wp","href":"https:\/\/api.w.org\/{rel}","templated":true}]}}