{"id":1137,"date":"2018-05-28T14:37:19","date_gmt":"2018-05-28T12:37:19","guid":{"rendered":"http:\/\/residencedespins.ddns.net\/heiva-nui\/?page_id=1137"},"modified":"2018-05-28T14:48:34","modified_gmt":"2018-05-28T12:48:34","slug":"soirees-polynesiennes-a-veyrier-du-lac-du-jeudi-28-au-samedi-30-juin-2018","status":"publish","type":"page","link":"http:\/\/residencedespins.ddns.net\/heiva-nui\/?page_id=1137","title":{"rendered":"Soir\u00e9es polyn\u00e9siennes \u00e0 Veyrier-du-Lac du jeudi 28 au samedi 30 juin 2018"},"content":{"rendered":"\n<table id=\"tablepress-13\" class=\"tablepress tablepress-id-13\">\n<tbody class=\"row-hover\">\n<tr class=\"row-1 odd\">\n\t<td class=\"column-1\"><p style=\"color:transparent; width:50px;\"><\/p><\/td><td class=\"column-2\"><strong>Jeudi 28 juin 2018 - Soir\u00e9e au restaurant \u00ab<a href=\"http:\/\/www.itaste.com\/fr\/restaurants\/44513-Le-Pecheur.html\" rel=\"noopener\" target=\"_blank\">Le p\u00eacheur<\/a>\u00bb<\/strong><\/td>\n<\/tr>\n<tr class=\"row-2 even\">\n\t<td class=\"column-1\">18h30<\/td><td class=\"column-2\">Accueil des convives du restaurant avec musique et chants polyn\u00e9siens<\/td>\n<\/tr>\n<tr class=\"row-3 odd\">\n\t<td class=\"column-1\">21h30<\/td><td class=\"column-2\">Grand spectacle polyn\u00e9sien d\u2019environ une heure (danses, chants, musiques en costumes traditionnels) avec comme th\u00e8me, \u00ab<a href=\"http:\/\/www.pewtrusts.org\/fr\/research-and-analysis\/issue-briefs\/2016\/04\/rahui-nui-no-tuhaa-pae\" rel=\"noopener\" target=\"_blank\">La protection des oc\u00e9ans<\/a>\u00bb<\/td>\n<\/tr>\n<tr class=\"row-4 even\">\n\t<td class=\"column-1\"><\/td><td class=\"column-2\"><strong>Vendredi 29 juin 2018 - Soir\u00e9e \u00e0 la f\u00eate de l'<a href=\"http:\/\/www.education.gouv.fr\/annuaire\/74-haute-savoie\/veyrier-du-lac\/etab\/ecole-elementaire-publique-alice-delean.html\" rel=\"noopener\" target=\"_blank\">\u00e9cole \u00e9l\u00e9mentaire<\/a> \u00abAlice Delean\u00bb<\/strong><\/td>\n<\/tr>\n<tr class=\"row-5 odd\">\n\t<td class=\"column-1\">17h30<\/td><td class=\"column-2\">Animations, pr\u00e9sentations et d\u00e9monstrations polyn\u00e9siennes<\/td>\n<\/tr>\n<tr class=\"row-6 even\">\n\t<td class=\"column-1\">20h00<\/td><td class=\"column-2\">Ouverture de la cantine polyn\u00e9sienne<\/td>\n<\/tr>\n<tr class=\"row-7 odd\">\n\t<td class=\"column-1\">21h30<\/td><td class=\"column-2\">Show polyn\u00e9sien d\u2019environ 30 minutes (danses, chants, musiques en costumes traditionnels) avec comme th\u00e8me, \u00ab<a href=\"http:\/\/www.pewtrusts.org\/fr\/research-and-analysis\/issue-briefs\/2016\/04\/rahui-nui-no-tuhaa-pae\" rel=\"noopener\" target=\"_blank\">La protection des oc\u00e9ans<\/a>\u00bb<\/td>\n<\/tr>\n<tr class=\"row-8 even\">\n\t<td class=\"column-1\"><\/td><td class=\"column-2\"><strong>Samedi 30 juin 2018 - Soir\u00e9e au <a href=\"https:\/\/www.lac-annecy.com\/hotellerie-de-plein-air\/1\/213467-camping-de-la-plage-atc-routes-du-monde.html\" rel=\"noopener\" target=\"_blank\">camping de la plage<\/a><\/strong><\/td>\n<\/tr>\n<tr class=\"row-9 odd\">\n\t<td class=\"column-1\">18h00<\/td><td class=\"column-2\">Ouverture de la caisse, cantine et buvette polyn\u00e9siennes<\/td>\n<\/tr>\n<tr class=\"row-10 even\">\n\t<td class=\"column-1\">19h30<\/td><td class=\"column-2\">Repas polyn\u00e9sien<\/td>\n<\/tr>\n<tr class=\"row-11 odd\">\n\t<td class=\"column-1\">20h30<\/td><td class=\"column-2\">Grand spectacle polyn\u00e9sien d\u2019environ une heure (danses, chants, musiques en costumes traditionnels) avec comme th\u00e8me, \u00ab<a href=\"http:\/\/www.pewtrusts.org\/fr\/research-and-analysis\/issue-briefs\/2016\/04\/rahui-nui-no-tuhaa-pae\" rel=\"noopener\" target=\"_blank\">La protection des oc\u00e9ans<\/a>\u00bb, la buvette restant ouverte jusqu\u2019\u00e0 22h00<\/td>\n<\/tr>\n<tr class=\"row-12 even\">\n\t<td class=\"column-1\">22h00<\/td><td class=\"column-2\">Fin de la soir\u00e9e polyn\u00e9sienne<\/td>\n<\/tr>\n<\/tbody>\n<\/table>\n<!-- #tablepress-13 from cache -->\n<div class='printomatic pom-default ' id='id2327'  data-print_target='article'><\/div>\n","protected":false},"excerpt":{"rendered":"","protected":false},"author":1,"featured_media":0,"parent":158,"menu_order":8,"comment_status":"closed","ping_status":"closed","template":"","meta":{"footnotes":""},"class_list":["post-1137","page","type-page","status-publish","hentry"],"_links":{"self":[{"href":"http:\/\/residencedespins.ddns.net\/heiva-nui\/index.php?rest_route=\/wp\/v2\/pages\/1137","targetHints":{"allow":["GET"]}}],"collection":[{"href":"http:\/\/residencedespins.ddns.net\/heiva-nui\/index.php?rest_route=\/wp\/v2\/pages"}],"about":[{"href":"http:\/\/residencedespins.ddns.net\/heiva-nui\/index.php?rest_route=\/wp\/v2\/types\/page"}],"author":[{"embeddable":true,"href":"http:\/\/residencedespins.ddns.net\/heiva-nui\/index.php?rest_route=\/wp\/v2\/users\/1"}],"replies":[{"embeddable":true,"href":"http:\/\/residencedespins.ddns.net\/heiva-nui\/index.php?rest_route=%2Fwp%2Fv2%2Fcomments&post=1137"}],"version-history":[{"count":2,"href":"http:\/\/residencedespins.ddns.net\/heiva-nui\/index.php?rest_route=\/wp\/v2\/pages\/1137\/revisions"}],"predecessor-version":[{"id":1144,"href":"http:\/\/residencedespins.ddns.net\/heiva-nui\/index.php?rest_route=\/wp\/v2\/pages\/1137\/revisions\/1144"}],"up":[{"embeddable":true,"href":"http:\/\/residencedespins.ddns.net\/heiva-nui\/index.php?rest_route=\/wp\/v2\/pages\/158"}],"wp:attachment":[{"href":"http:\/\/residencedespins.ddns.net\/heiva-nui\/index.php?rest_route=%2Fwp%2Fv2%2Fmedia&parent=1137"}],"curies":[{"name":"wp","href":"https:\/\/api.w.org\/{rel}","templated":true}]}}