{"id":164,"date":"2017-04-27T10:32:05","date_gmt":"2017-04-27T08:32:05","guid":{"rendered":"http:\/\/residencedespins.ddns.net\/heiva-nui\/?page_id=164"},"modified":"2017-04-27T17:25:47","modified_gmt":"2017-04-27T15:25:47","slug":"samedi-17-juin-2017-a-excenevex","status":"publish","type":"page","link":"http:\/\/residencedespins.ddns.net\/heiva-nui\/?page_id=164","title":{"rendered":"Samedi 17 Juin 2017 \u00e0 Excenevex"},"content":{"rendered":"\n<table id=\"tablepress-3\" class=\"tablepress tablepress-id-3\">\n<tbody class=\"row-hover\">\n<tr class=\"row-1 odd\">\n\t<td class=\"column-1\">10h00<\/td><td class=\"column-2\">Ouverture des stands<\/td>\n<\/tr>\n<tr class=\"row-2 even\">\n\t<td class=\"column-1\">11h00<\/td><td class=\"column-2\">Animation spectacle de Polyn\u00e9sia Spectacle<\/td>\n<\/tr>\n<tr class=\"row-3 odd\">\n\t<td class=\"column-1\">12h30<\/td><td class=\"column-2\">Grillade avec animation spectacle<\/td>\n<\/tr>\n<tr class=\"row-4 even\">\n\t<td class=\"column-1\">14h30<\/td><td class=\"column-2\">Animation javelot polyn\u00e9sien<\/td>\n<\/tr>\n<tr class=\"row-5 odd\">\n\t<td class=\"column-1\">14h30<\/td><td class=\"column-2\">Initiation artisanat polyn\u00e9sien<\/td>\n<\/tr>\n<tr class=\"row-6 even\">\n\t<td class=\"column-1\">14h30<\/td><td class=\"column-2\">Initiation danses polyn\u00e9siennes<\/td>\n<\/tr>\n<tr class=\"row-7 odd\">\n\t<td class=\"column-1\">15h30<\/td><td class=\"column-2\">Animation spectacle<\/td>\n<\/tr>\n<tr class=\"row-8 even\">\n\t<td class=\"column-1\">16h00<\/td><td class=\"column-2\">Fin des initiations<\/td>\n<\/tr>\n<tr class=\"row-9 odd\">\n\t<td class=\"column-1\">16h30<\/td><td class=\"column-2\">Fin de l\u2019animation spectacle<\/td>\n<\/tr>\n<tr class=\"row-10 even\">\n\t<td class=\"column-1\">17h30<\/td><td class=\"column-2\">Pr\u00e9paration de la soir\u00e9e culturelle, buffet d\u00eenatoire<\/td>\n<\/tr>\n<tr class=\"row-11 odd\">\n\t<td class=\"column-1\">20h00<\/td><td class=\"column-2\">Accueil des invit\u00e9s et grand spectacle<\/td>\n<\/tr>\n<tr class=\"row-12 even\">\n\t<td class=\"column-1\">00h00<\/td><td class=\"column-2\">Fin de la soir\u00e9e<\/td>\n<\/tr>\n<\/tbody>\n<\/table>\n<!-- #tablepress-3 from cache -->\n<div class='printomatic pom-default ' id='id7702'  data-print_target='article'><\/div>\n","protected":false},"excerpt":{"rendered":"","protected":false},"author":1,"featured_media":0,"parent":158,"menu_order":3,"comment_status":"closed","ping_status":"closed","template":"","meta":{"footnotes":""},"class_list":["post-164","page","type-page","status-publish","hentry"],"_links":{"self":[{"href":"http:\/\/residencedespins.ddns.net\/heiva-nui\/index.php?rest_route=\/wp\/v2\/pages\/164","targetHints":{"allow":["GET"]}}],"collection":[{"href":"http:\/\/residencedespins.ddns.net\/heiva-nui\/index.php?rest_route=\/wp\/v2\/pages"}],"about":[{"href":"http:\/\/residencedespins.ddns.net\/heiva-nui\/index.php?rest_route=\/wp\/v2\/types\/page"}],"author":[{"embeddable":true,"href":"http:\/\/residencedespins.ddns.net\/heiva-nui\/index.php?rest_route=\/wp\/v2\/users\/1"}],"replies":[{"embeddable":true,"href":"http:\/\/residencedespins.ddns.net\/heiva-nui\/index.php?rest_route=%2Fwp%2Fv2%2Fcomments&post=164"}],"version-history":[{"count":4,"href":"http:\/\/residencedespins.ddns.net\/heiva-nui\/index.php?rest_route=\/wp\/v2\/pages\/164\/revisions"}],"predecessor-version":[{"id":287,"href":"http:\/\/residencedespins.ddns.net\/heiva-nui\/index.php?rest_route=\/wp\/v2\/pages\/164\/revisions\/287"}],"up":[{"embeddable":true,"href":"http:\/\/residencedespins.ddns.net\/heiva-nui\/index.php?rest_route=\/wp\/v2\/pages\/158"}],"wp:attachment":[{"href":"http:\/\/residencedespins.ddns.net\/heiva-nui\/index.php?rest_route=%2Fwp%2Fv2%2Fmedia&parent=164"}],"curies":[{"name":"wp","href":"https:\/\/api.w.org\/{rel}","templated":true}]}}