{"id":179,"date":"2017-04-27T10:47:08","date_gmt":"2017-04-27T08:47:08","guid":{"rendered":"http:\/\/residencedespins.ddns.net\/heiva-nui\/?page_id=179"},"modified":"2017-04-27T11:26:09","modified_gmt":"2017-04-27T09:26:09","slug":"jeudi-15-juin-2017-a-excenevex","status":"publish","type":"page","link":"http:\/\/residencedespins.ddns.net\/heiva-nui\/?page_id=179","title":{"rendered":"Jeudi 15 Juin 2017 \u00e0 Excenevex"},"content":{"rendered":"\n<table id=\"tablepress-1\" class=\"tablepress tablepress-id-1\">\n<tbody class=\"row-hover\">\n<tr class=\"row-1 odd\">\n\t<td class=\"column-1\">10h00<\/td><td class=\"column-2\">Arriv\u00e9e des artisans &amp; Installation des stands sur la plage d'Excenevex<\/td>\n<\/tr>\n<tr class=\"row-2 even\">\n\t<td class=\"column-1\">12h00<\/td><td class=\"column-2\">Ouverture des stands<\/td>\n<\/tr>\n<tr class=\"row-3 odd\">\n\t<td class=\"column-1\">18h30<\/td><td class=\"column-2\">Pr\u00e9paration du groupe de danse pour le d\u00e9fil\u00e9<\/td>\n<\/tr>\n<tr class=\"row-4 even\">\n\t<td class=\"column-1\">20h00<\/td><td class=\"column-2\">D\u00e9fil\u00e9 de la mairie d\u2019Excenevex vers la plage<\/td>\n<\/tr>\n<tr class=\"row-5 odd\">\n\t<td class=\"column-1\">22h00<\/td><td class=\"column-2\">Discours du Maire d\u2019Excenevex et ouverture du Heiva Nui<\/td>\n<\/tr>\n<tr class=\"row-6 even\">\n\t<td class=\"column-1\">22h30<\/td><td class=\"column-2\">Soir\u00e9e DJ avec spectacle<\/td>\n<\/tr>\n<tr class=\"row-7 odd\">\n\t<td class=\"column-1\">01h00<\/td><td class=\"column-2\">Fin de la soir\u00e9e<\/td>\n<\/tr>\n<\/tbody>\n<\/table>\n<!-- #tablepress-1 from cache -->\n<div class='printomatic pom-default ' id='id9991'  data-print_target='article'><\/div>\n","protected":false},"excerpt":{"rendered":"","protected":false},"author":1,"featured_media":0,"parent":158,"menu_order":1,"comment_status":"closed","ping_status":"closed","template":"","meta":{"footnotes":""},"class_list":["post-179","page","type-page","status-publish","hentry"],"_links":{"self":[{"href":"http:\/\/residencedespins.ddns.net\/heiva-nui\/index.php?rest_route=\/wp\/v2\/pages\/179","targetHints":{"allow":["GET"]}}],"collection":[{"href":"http:\/\/residencedespins.ddns.net\/heiva-nui\/index.php?rest_route=\/wp\/v2\/pages"}],"about":[{"href":"http:\/\/residencedespins.ddns.net\/heiva-nui\/index.php?rest_route=\/wp\/v2\/types\/page"}],"author":[{"embeddable":true,"href":"http:\/\/residencedespins.ddns.net\/heiva-nui\/index.php?rest_route=\/wp\/v2\/users\/1"}],"replies":[{"embeddable":true,"href":"http:\/\/residencedespins.ddns.net\/heiva-nui\/index.php?rest_route=%2Fwp%2Fv2%2Fcomments&post=179"}],"version-history":[{"count":4,"href":"http:\/\/residencedespins.ddns.net\/heiva-nui\/index.php?rest_route=\/wp\/v2\/pages\/179\/revisions"}],"predecessor-version":[{"id":201,"href":"http:\/\/residencedespins.ddns.net\/heiva-nui\/index.php?rest_route=\/wp\/v2\/pages\/179\/revisions\/201"}],"up":[{"embeddable":true,"href":"http:\/\/residencedespins.ddns.net\/heiva-nui\/index.php?rest_route=\/wp\/v2\/pages\/158"}],"wp:attachment":[{"href":"http:\/\/residencedespins.ddns.net\/heiva-nui\/index.php?rest_route=%2Fwp%2Fv2%2Fmedia&parent=179"}],"curies":[{"name":"wp","href":"https:\/\/api.w.org\/{rel}","templated":true}]}}