{"id":189,"date":"2017-04-27T10:56:12","date_gmt":"2017-04-27T08:56:12","guid":{"rendered":"http:\/\/residencedespins.ddns.net\/heiva-nui\/?page_id=189"},"modified":"2018-06-28T10:01:16","modified_gmt":"2018-06-28T08:01:16","slug":"paiement-par-cheque","status":"publish","type":"page","link":"http:\/\/residencedespins.ddns.net\/heiva-nui\/?page_id=189","title":{"rendered":"Paiement par ch\u00e8que"},"content":{"rendered":"<ul>\n<li>Repas-spectacle polyn\u00e9sien du samedi 16 juin 2018 au soir \u00e0 Excenevex (\u20ac 35.\u2013):<\/li>\n<\/ul>\n<p style=\"text-align: center;\"><em>Punch d\u2019accueil alcoolis\u00e9<br \/>\nEntr\u00e9e: Poisson cru \u00e0 la tahitienne et riz blanc<br \/>\nPlat chaud: Poulet fafa (poulet aux \u00e9pinards et cr\u00e8me coco), brochettes de c\u0153ur de b\u0153uf<br \/>\nLes l\u00e9gumes: Manioc, Taro et patates douces selon disponibilit\u00e9s<br \/>\nDessert: Po'e banane (sorte de flan d'amidon de manioc et de bananes) et\/ou salade de fruits frais aux couleurs exotiques<\/em><\/p>\n<hr \/>\n<ul>\n<li>Repas-four-spectacle polyn\u00e9sien du dimanche\u00a017 juin 2018 \u00e0 midi\u00a0\u00e0 Excenevex (\u20ac 35.\u2013):<\/li>\n<\/ul>\n<p style=\"text-align: center;\"><em>Punch d\u2019accueil alcoolis\u00e9<br \/>\nEntr\u00e9e: Poisson cru \u00e0 la tahitienne et riz blanc<br \/>\nPlat chaud: R\u00f4ti de porc, poulet fafa (poulet aux \u00e9pinards et cr\u00e8me coco)<br \/>\nLes l\u00e9gumes: Manioc, taro, bananes plantains, patates douces selon disponibilit\u00e9s<br \/>\nDessert: Po'e banane (sorte de flan d'amidon de manioc et de bananes) et\/ou salade de fruits frais aux couleurs exotiques<\/em><\/p>\n<hr \/>\n<ul>\n<li>Repas-spectacle polyn\u00e9sien du samedi 7 juillet 2018 au soir \u00e0 Port-Valais (\u20ac 35.\u2013):<\/li>\n<\/ul>\n<p style=\"text-align: center;\"><em>Punch d\u2019accueil alcoolis\u00e9<br \/>\nEntr\u00e9e: Poisson cru \u00e0 la tahitienne et riz blanc<br \/>\nPlat chaud: Poulet fafa (poulet aux \u00e9pinards et cr\u00e8me coco), brochettes de c\u0153ur de b\u0153uf<br \/>\nLes l\u00e9gumes: Manioc, Taro et patates douces selon disponibilit\u00e9s<br \/>\nDessert: Po'e banane (sorte de flan d'amidon de manioc et de bananes) et\/ou salade de fruits frais aux couleurs exotiques<\/em><\/p>\n<hr \/>\n<ul>\n<li>Repas-four-spectacle polyn\u00e9sien du dimanche 8 juillet 2018 \u00e0 midi\u00a0\u00e0 Port-Valais (\u20ac 35.\u2013):<\/li>\n<\/ul>\n<p style=\"text-align: center;\"><em>Punch d\u2019accueil alcoolis\u00e9<br \/>\nEntr\u00e9e: Poisson cru \u00e0 la tahitienne et riz blanc<br \/>\nPlat chaud: R\u00f4ti de porc, poulet fafa (poulet aux \u00e9pinards et cr\u00e8me coco)<br \/>\nLes l\u00e9gumes: Manioc, taro, bananes plantains, patates douces selon disponibilit\u00e9s<br \/>\nDessert: Po'e banane (sorte de flan d'amidon de manioc et de bananes) et\/ou salade de fruits frais aux couleurs exotiques<\/em><\/p>\n<hr \/>\n<p style=\"text-align: center;\"><div id=\"usermessage2a\" class=\"cf_info \"><\/div><form enctype=\"multipart\/form-data\" action=\"\/heiva-nui\/index.php?rest_route=%2Fwp%2Fv2%2Fpages%2F189#usermessage2a\" method=\"post\" class=\"cform r%c3%a9servation-des-repas \" id=\"cforms2form\"><fieldset class=\"cf-fs1\" style=\"\"><legend>R\u00e9servation des repas<\/legend><ol class=\"cf-ol\"><\/ol><\/fieldset><fieldset class=\"cf-fs2\" style=\"\"><legend>Votre identit\u00e9<\/legend><ol class=\"cf-ol\"><li id=\"li-2-3\" class=\"\"><label id=\"label-2-3\" for=\"cf2_field_3\"><span>Formule<\/span><\/label><select name=\"cf2_field_3\" id=\"cf2_field_3\" class=\"cformselect fldrequired\" title=\"\"><option value=\"Madame\">Madame<\/option><option value=\"Monsieur\">Monsieur<\/option><\/select><span class=\"reqtxt\">(obligatoire)<\/span><\/li><li id=\"li-2-4\" class=\"\"><label id=\"label-2-4\" for=\"cf2_field_4\"><span>Nom<\/span><\/label><input type=\"text\" name=\"cf2_field_4\" id=\"cf2_field_4\" class=\"single fldrequired\" value=\"\" title=\"\"\/><span class=\"reqtxt\">(obligatoire)<\/span><\/li><li id=\"li-2-5\" class=\"\"><label id=\"label-2-5\" for=\"cf2_field_5\"><span>Pr\u00e9nom<\/span><\/label><input type=\"text\" name=\"cf2_field_5\" id=\"cf2_field_5\" class=\"single fldrequired\" value=\"\" title=\"\"\/><span class=\"reqtxt\">(obligatoire)<\/span><\/li><li id=\"li-2-6\" class=\"\"><label id=\"label-2-6\" for=\"cf2_field_6\"><span>Email<\/span><\/label><input type=\"text\" name=\"cf2_field_6\" id=\"cf2_field_6\" class=\"single fldemail fldrequired\" value=\"\" title=\"\"\/><span class=\"emailreqtxt\">(email valide obligatoire)<\/span><\/li><li id=\"li-2-7\" class=\"\"><label id=\"label-2-7\" for=\"cf2_field_7\"><span>T\u00e9l\u00e9phone<\/span><\/label><input type=\"text\" name=\"cf2_field_7\" id=\"cf2_field_7\" class=\"single fldrequired\" value=\"\" title=\"\"\/><span class=\"reqtxt\">(obligatoire)<\/span><\/li><\/ol><\/fieldset><fieldset class=\"cf-fs3\" style=\"\"><legend>Repas-spectacle du samedi 16 juin 2018 au soir \u00e0 Excenevex<\/legend><ol class=\"cf-ol\"><li id=\"li-2-10\" class=\"\"><label id=\"label-2-10\" for=\"cf2_field_10\"><span>Nombre de places pour le 16 \u00e0 \u20ac 35.\u2013<\/span><\/label><select name=\"cf2_field_10\" id=\"cf2_field_10\" class=\"cformselect fldrequired\" title=\"\"><option value=\"0\">0<\/option><option value=\"1\">1<\/option><option value=\"2\">2<\/option><option value=\"3\">3<\/option><option value=\"4\">4<\/option><option value=\"5\">5<\/option><option value=\"6\">6<\/option><option value=\"7\">7<\/option><option value=\"8\">8<\/option><option value=\"9\">9<\/option><option value=\"10\">10<\/option><option value=\"11\">11<\/option><option value=\"12\">12<\/option><\/select><span class=\"reqtxt\">(obligatoire)<\/span><\/li><\/ol><\/fieldset><fieldset class=\"cf-fs4\" style=\"\"><legend>Repas-four-spectacle du dimanche 17 juin 2018 \u00e0 midi \u00e0 Excenevex<\/legend><ol class=\"cf-ol\"><li id=\"li-2-12\" class=\"\"><label id=\"label-2-12\" for=\"cf2_field_12\"><span>Nombre de places pour le 17 \u00e0 \u20ac 35.\u2013<\/span><\/label><select name=\"cf2_field_12\" id=\"cf2_field_12\" class=\"cformselect fldrequired\" title=\"\"><option value=\"0\">0<\/option><option value=\"1\">1<\/option><option value=\"2\">2<\/option><option value=\"3\">3<\/option><option value=\"4\">4<\/option><option value=\"5\">5<\/option><option value=\"6\">6<\/option><option value=\"7\">7<\/option><option value=\"8\">8<\/option><option value=\"9\">9<\/option><option value=\"10\">10<\/option><option value=\"11\">11<\/option><option value=\"12\">12<\/option><\/select><span class=\"reqtxt\">(obligatoire)<\/span><\/li><\/ol><\/fieldset><fieldset class=\"cf-fs5\" style=\"\"><legend>Repas-spectacle du samedi 7 juillet 2018 au soir \u00e0 Port-Valais<\/legend><ol class=\"cf-ol\"><li id=\"li-2-14\" class=\"\"><label id=\"label-2-14\" for=\"cf2_field_14\"><span>Nombre de places pour le 7 \u00e0 \u20ac 35.\u2013<\/span><\/label><select name=\"cf2_field_14\" id=\"cf2_field_14\" class=\"cformselect fldrequired\" title=\"\"><option value=\"0\">0<\/option><option value=\"1\">1<\/option><option value=\"2\">2<\/option><option value=\"3\">3<\/option><option value=\"4\">4<\/option><option value=\"5\">5<\/option><option value=\"6\">6<\/option><option value=\"7\">7<\/option><option value=\"8\">8<\/option><option value=\"9\">9<\/option><option value=\"10\">10<\/option><option value=\"11\">11<\/option><option value=\"12\">12<\/option><\/select><span class=\"reqtxt\">(obligatoire)<\/span><\/li><\/ol><\/fieldset><fieldset class=\"cf-fs6\" style=\"\"><legend>Repas-four-spectacle du dimanche 8 juillet 2018 \u00e0 midi \u00e0 Port-Valais<\/legend><ol class=\"cf-ol\"><li id=\"li-2-16\" class=\"\"><label id=\"label-2-16\" for=\"cf2_field_16\"><span>Nombre de places pour le 8 \u00e0 \u20ac 35.\u2013<\/span><\/label><select name=\"cf2_field_16\" id=\"cf2_field_16\" class=\"cformselect fldrequired\" title=\"\"><option value=\"0\">0<\/option><option value=\"1\">1<\/option><option value=\"2\">2<\/option><option value=\"3\">3<\/option><option value=\"4\">4<\/option><option value=\"5\">5<\/option><option value=\"6\">6<\/option><option value=\"7\">7<\/option><option value=\"8\">8<\/option><option value=\"9\">9<\/option><option value=\"10\">10<\/option><option value=\"11\">11<\/option><option value=\"12\">12<\/option><\/select><span class=\"reqtxt\">(obligatoire)<\/span><\/li><\/ol><\/fieldset><fieldset class=\"cf-fs7\" style=\"\"><legend>Vos remarques\/demandes<\/legend><ol class=\"cf-ol\"><li id=\"li-2-18\" class=\"\"><label id=\"label-2-18\" for=\"cf2_field_18\"><span>Texte<\/span><\/label><textarea cols=\"30\" rows=\"8\" name=\"cf2_field_18\" id=\"cf2_field_18\" class=\"area\" title=\"\"><\/textarea><\/li><\/ol><\/fieldset><fieldset class=\"cf_hidden\"><legend>&nbsp;<\/legend><input type=\"hidden\" name=\"cf_working2\" id=\"cf_working2\" value=\"<span>Veuillez%20patienter...<\/span>\"\/><input type=\"hidden\" name=\"cf_failure2\" id=\"cf_failure2\" value=\"<span>Veuillez%20compl%C3%A9ter%20tous%20les%20champs%20obligatoires.<\/span>\"\/><input type=\"hidden\" name=\"cf_customerr2\" id=\"cf_customerr2\" value=\"y\"\/><\/fieldset><p class=\"cf-sb\"><input type=\"submit\" name=\"sendbutton2\" id=\"sendbutton2\" class=\"sendbutton\" value=\"Envoyer\" \/><\/p><\/form><\/p>\n<hr \/>\n<p style=\"text-align: center;\"><em><span style=\"color: #ff0000;\">Apr\u00e8s avoir envoy\u00e9 votre formulaire de r\u00e9servation de repas (bouton [Envoyer] ci-dessus), vous recevrez dans l'heure un email de confirmation vous indiquant o\u00f9 exp\u00e9dier votre ch\u00e8que et \u00e0 l'ordre de qui il doit \u00eatre\u00a0libell\u00e9. Vous voudrez bien imprimer ce dernier et le prendre avec vous\u00a0au repas comme preuve de votre r\u00e9servation.<\/span><\/em><\/p>\n<p style=\"text-align: center;\"><span style=\"color: #ff0000;\"><em>D\u00e8s la r\u00e9ception de votre ch\u00e8que, accompagn\u00e9 d'une copie du mail pr\u00e9c\u00e9dent, vous recevrez \u00e9galement par email votre\/vos billet(s) d'entr\u00e9e(s) que vous\u00a0voudrez bien imprimer et pr\u00e9senter \u00e0 l'accueil.<\/em><\/span><\/p>\n<p style=\"text-align: center;\"><span style=\"color: #ff0000;\"><em>SI VOUS VENEZ AVEC DES ENFANTS DE MOINS DE 12 ANS, QUI B\u00c9N\u00c9FICIENT DU DEMI-TARIF (\u20ac 17.50), AJUSTEZ DONC LE MONTANT DU CH\u00caQUE EN CONS\u00c9QUENCE ET INDIQUEZ CELA DANS LA PARTIE DES REMARQUES DU FORMULAIRE.<\/em><\/span><\/p>\n","protected":false},"excerpt":{"rendered":"<p>Repas-spectacle polyn\u00e9sien du samedi 16 juin 2018 au soir \u00e0 Excenevex (\u20ac 35.\u2013): Punch d\u2019accueil alcoolis\u00e9 Entr\u00e9e: Poisson cru \u00e0 la tahitienne et riz blanc Plat chaud: Poulet fafa (poulet aux \u00e9pinards et cr\u00e8me coco), brochettes de c\u0153ur de b\u0153uf Les l\u00e9gumes: Manioc, Taro et patates douces selon disponibilit\u00e9s Dessert: Po'e banane (sorte de flan <a class=\"read-more\" href=\"http:\/\/residencedespins.ddns.net\/heiva-nui\/?page_id=189\">...lire la suite <span class=\"meta-nav\">&rarr;<\/span><\/a><\/p>\n","protected":false},"author":1,"featured_media":0,"parent":134,"menu_order":2,"comment_status":"closed","ping_status":"closed","template":"","meta":{"footnotes":""},"class_list":["post-189","page","type-page","status-publish","hentry"],"_links":{"self":[{"href":"http:\/\/residencedespins.ddns.net\/heiva-nui\/index.php?rest_route=\/wp\/v2\/pages\/189","targetHints":{"allow":["GET"]}}],"collection":[{"href":"http:\/\/residencedespins.ddns.net\/heiva-nui\/index.php?rest_route=\/wp\/v2\/pages"}],"about":[{"href":"http:\/\/residencedespins.ddns.net\/heiva-nui\/index.php?rest_route=\/wp\/v2\/types\/page"}],"author":[{"embeddable":true,"href":"http:\/\/residencedespins.ddns.net\/heiva-nui\/index.php?rest_route=\/wp\/v2\/users\/1"}],"replies":[{"embeddable":true,"href":"http:\/\/residencedespins.ddns.net\/heiva-nui\/index.php?rest_route=%2Fwp%2Fv2%2Fcomments&post=189"}],"version-history":[{"count":19,"href":"http:\/\/residencedespins.ddns.net\/heiva-nui\/index.php?rest_route=\/wp\/v2\/pages\/189\/revisions"}],"predecessor-version":[{"id":1245,"href":"http:\/\/residencedespins.ddns.net\/heiva-nui\/index.php?rest_route=\/wp\/v2\/pages\/189\/revisions\/1245"}],"up":[{"embeddable":true,"href":"http:\/\/residencedespins.ddns.net\/heiva-nui\/index.php?rest_route=\/wp\/v2\/pages\/134"}],"wp:attachment":[{"href":"http:\/\/residencedespins.ddns.net\/heiva-nui\/index.php?rest_route=%2Fwp%2Fv2%2Fmedia&parent=189"}],"curies":[{"name":"wp","href":"https:\/\/api.w.org\/{rel}","templated":true}]}}