{"id":212,"date":"2017-04-27T12:01:59","date_gmt":"2017-04-27T10:01:59","guid":{"rendered":"http:\/\/residencedespins.ddns.net\/heiva-nui\/?page_id=212"},"modified":"2018-06-28T09:53:54","modified_gmt":"2018-06-28T07:53:54","slug":"soiree-a-theme","status":"publish","type":"page","link":"http:\/\/residencedespins.ddns.net\/heiva-nui\/?page_id=212","title":{"rendered":"Repas des soir\u00e9es \u00e0 th\u00e8mes &#8211; Fours polyn\u00e9siens"},"content":{"rendered":"<ul>\n<li>Les soir\u00e9es des samedis soirs seront organis\u00e9es sur la plage d\u2019Excenevex et au d\u00e9barcad\u00e8re de Port-Valais \u2550 D\u00eener suivi d'un grand spectacle (\u20ac 35.\u2013):<\/li>\n<\/ul>\n<p style=\"text-align: center;\"><em>Punch d\u2019accueil alcoolis\u00e9<\/em><br \/>\n<em>Entr\u00e9e: Poisson cru \u00e0 la tahitienne et riz blanc<\/em><br \/>\n<em>Plat chaud: Poulet fafa (poulet aux \u00e9pinards et cr\u00e8me coco), brochettes de c\u0153ur de b\u0153uf<br \/>\nLes l\u00e9gumes: Manioc, Taro et patates douces selon disponibilit\u00e9s<\/em><br \/>\n<em>Dessert: Po'e banane (sorte de flan d'amidon de manioc et de bananes) et\/ou salade de fruits frais aux couleurs exotiques<\/em><\/p>\n<ul>\n<li>Les repas des dimanches midis\u00a0seront organis\u00e9s sur la plage d\u2019Excenevex et au d\u00e9barcad\u00e8re de Port-Valais \u2550 Four tahitien suivi d'un grand spectacle\u00a0(\u20ac 35.\u2013):<\/li>\n<\/ul>\n<p style=\"text-align: center;\"><a href=\"http:\/\/residencedespins.ddns.net\/heiva-nui\/wp-content\/uploads\/2017\/04\/Four-tahitien-1.jpg\" rel=\"shadowbox[sbpost-212];player=img;\"><img loading=\"lazy\" decoding=\"async\" class=\"aligncenter size-medium wp-image-235\" src=\"http:\/\/residencedespins.ddns.net\/heiva-nui\/wp-content\/uploads\/2017\/04\/Four-tahitien-1-300x191.jpg\" alt=\"\" width=\"300\" height=\"191\" srcset=\"http:\/\/residencedespins.ddns.net\/heiva-nui\/wp-content\/uploads\/2017\/04\/Four-tahitien-1-300x191.jpg 300w, http:\/\/residencedespins.ddns.net\/heiva-nui\/wp-content\/uploads\/2017\/04\/Four-tahitien-1.jpg 680w\" sizes=\"auto, (max-width: 300px) 100vw, 300px\" \/><\/a><em>Punch d\u2019accueil alcoolis\u00e9<\/em><br \/>\n<em> Entr\u00e9e: Poisson cru \u00e0 la tahitienne et riz blanc<\/em><br \/>\n<em> Plat chaud: R\u00f4ti de porc, poulet fafa (poulet aux \u00e9pinards et cr\u00e8me coco)<\/em><br \/>\n<em> Les l\u00e9gumes: Manioc, taro, bananes plantains, patates douces selon disponibilit\u00e9s<\/em><br \/>\n<em>Dessert: Po'e banane (sorte de flan d'amidon de manioc et de bananes) et\/ou salade de fruits frais aux couleurs exotiques<br \/>\n<\/em><\/p>\n<p style=\"text-align: center;\"><a href=\"http:\/\/residencedespins.ddns.net\/heiva-nui\/wp-content\/uploads\/2017\/04\/Four-tahitien-2.jpg\" rel=\"shadowbox[sbpost-212];player=img;\"><img loading=\"lazy\" decoding=\"async\" class=\"alignnone wp-image-236 size-medium\" src=\"http:\/\/residencedespins.ddns.net\/heiva-nui\/wp-content\/uploads\/2017\/04\/Four-tahitien-2-300x199.jpg\" alt=\"\" width=\"300\" height=\"199\" srcset=\"http:\/\/residencedespins.ddns.net\/heiva-nui\/wp-content\/uploads\/2017\/04\/Four-tahitien-2-300x199.jpg 300w, http:\/\/residencedespins.ddns.net\/heiva-nui\/wp-content\/uploads\/2017\/04\/Four-tahitien-2.jpg 719w\" sizes=\"auto, (max-width: 300px) 100vw, 300px\" \/><\/a> <a href=\"http:\/\/residencedespins.ddns.net\/heiva-nui\/wp-content\/uploads\/2017\/04\/Four-tahitien-3.jpg\" rel=\"shadowbox[sbpost-212];player=img;\"><img loading=\"lazy\" decoding=\"async\" class=\"alignnone wp-image-237 size-medium\" src=\"http:\/\/residencedespins.ddns.net\/heiva-nui\/wp-content\/uploads\/2017\/04\/Four-tahitien-3-300x199.jpg\" alt=\"\" width=\"300\" height=\"199\" srcset=\"http:\/\/residencedespins.ddns.net\/heiva-nui\/wp-content\/uploads\/2017\/04\/Four-tahitien-3-300x199.jpg 300w, http:\/\/residencedespins.ddns.net\/heiva-nui\/wp-content\/uploads\/2017\/04\/Four-tahitien-3.jpg 749w\" sizes=\"auto, (max-width: 300px) 100vw, 300px\" \/><\/a><\/p>\n","protected":false},"excerpt":{"rendered":"<p>Les soir\u00e9es des samedis soirs seront organis\u00e9es sur la plage d\u2019Excenevex et au d\u00e9barcad\u00e8re de Port-Valais \u2550 D\u00eener suivi d'un grand spectacle (\u20ac 35.\u2013): Punch d\u2019accueil alcoolis\u00e9 Entr\u00e9e: Poisson cru \u00e0 la tahitienne et riz blanc Plat chaud: Poulet fafa (poulet aux \u00e9pinards et cr\u00e8me coco), brochettes de c\u0153ur de b\u0153uf Les l\u00e9gumes: Manioc, Taro <a class=\"read-more\" href=\"http:\/\/residencedespins.ddns.net\/heiva-nui\/?page_id=212\">...lire la suite <span class=\"meta-nav\">&rarr;<\/span><\/a><\/p>\n","protected":false},"author":1,"featured_media":0,"parent":208,"menu_order":2,"comment_status":"closed","ping_status":"closed","template":"","meta":{"footnotes":""},"class_list":["post-212","page","type-page","status-publish","hentry"],"_links":{"self":[{"href":"http:\/\/residencedespins.ddns.net\/heiva-nui\/index.php?rest_route=\/wp\/v2\/pages\/212","targetHints":{"allow":["GET"]}}],"collection":[{"href":"http:\/\/residencedespins.ddns.net\/heiva-nui\/index.php?rest_route=\/wp\/v2\/pages"}],"about":[{"href":"http:\/\/residencedespins.ddns.net\/heiva-nui\/index.php?rest_route=\/wp\/v2\/types\/page"}],"author":[{"embeddable":true,"href":"http:\/\/residencedespins.ddns.net\/heiva-nui\/index.php?rest_route=\/wp\/v2\/users\/1"}],"replies":[{"embeddable":true,"href":"http:\/\/residencedespins.ddns.net\/heiva-nui\/index.php?rest_route=%2Fwp%2Fv2%2Fcomments&post=212"}],"version-history":[{"count":20,"href":"http:\/\/residencedespins.ddns.net\/heiva-nui\/index.php?rest_route=\/wp\/v2\/pages\/212\/revisions"}],"predecessor-version":[{"id":1242,"href":"http:\/\/residencedespins.ddns.net\/heiva-nui\/index.php?rest_route=\/wp\/v2\/pages\/212\/revisions\/1242"}],"up":[{"embeddable":true,"href":"http:\/\/residencedespins.ddns.net\/heiva-nui\/index.php?rest_route=\/wp\/v2\/pages\/208"}],"wp:attachment":[{"href":"http:\/\/residencedespins.ddns.net\/heiva-nui\/index.php?rest_route=%2Fwp%2Fv2%2Fmedia&parent=212"}],"curies":[{"name":"wp","href":"https:\/\/api.w.org\/{rel}","templated":true}]}}