{"id":490,"date":"2017-05-06T11:20:06","date_gmt":"2017-05-06T09:20:06","guid":{"rendered":"http:\/\/residencedespins.ddns.net\/heiva-nui\/?page_id=490"},"modified":"2018-06-28T12:44:01","modified_gmt":"2018-06-28T10:44:01","slug":"groupes-de-seniors-ccas-ehpad","status":"publish","type":"page","link":"http:\/\/residencedespins.ddns.net\/heiva-nui\/?page_id=490","title":{"rendered":"Groupes de s\u00e9niors (CCAS, EHPAD, EMS, &#8230;)"},"content":{"rendered":"<ul>\n<li>Les repas-spectacles des vendredis midis et des samedis midis seront organis\u00e9s sur la plage d\u2019Excenevex et au d\u00e9barcad\u00e8re de Port-Valais (\u20ac 25.\u2013):<\/li>\n<\/ul>\n<p style=\"text-align: center;\"><em>Punch d\u2019accueil non-alcoolis\u00e9 en musique<\/em><br \/>\n<em>Entr\u00e9e: Poisson cru \u00e0 la tahitienne et riz blanc<\/em><br \/>\n<em>Plat chaud: Poulet fafa (poulet aux \u00e9pinards et cr\u00e8me coco) et riz blanc<\/em><br \/>\n<em>Dessert: Salade de fruits frais aux couleurs exotiques<\/em><br \/>\n<em>Caf\u00e9<\/em><\/p>\n<p style=\"text-align: center;\"><span style=\"color: #0000ff;\"><em>Deux bouteilles (eau et jus) sur chaque table, mais le vin n'est pas compris<\/em><\/span><\/p>\n\n<table id=\"tablepress-11\" class=\"tablepress tablepress-id-11\">\n<tbody class=\"row-hover\">\n<tr class=\"row-1 odd\">\n\t<td class=\"column-1\">11h00<\/td><td class=\"column-2\">Accueil des groupes d\u2019a\u00een\u00e9s<\/td>\n<\/tr>\n<tr class=\"row-2 even\">\n\t<td class=\"column-1\">11h30<\/td><td class=\"column-2\">Punch d'accueil non-alcoolis\u00e9 en musique<\/td>\n<\/tr>\n<tr class=\"row-3 odd\">\n\t<td class=\"column-1\">12h00<\/td><td class=\"column-2\">Repas polyn\u00e9sien<\/td>\n<\/tr>\n<tr class=\"row-4 even\">\n\t<td class=\"column-1\">13h00<\/td><td class=\"column-2\">Show polyn\u00e9sien d\u2019environ 30 minutes sur la sc\u00e8ne <\/td>\n<\/tr>\n<tr class=\"row-5 odd\">\n\t<td class=\"column-1\">13h30<\/td><td class=\"column-2\">Animation de pr\u00e9sentation des danses et des costumes<\/td>\n<\/tr>\n<tr class=\"row-6 even\">\n\t<td class=\"column-1\">14h30<\/td><td class=\"column-2\">Fin de l'animation<\/td>\n<\/tr>\n<tr class=\"row-7 odd\">\n\t<td class=\"column-1\">15h00<\/td><td class=\"column-2\">Visite possible des stands des artisans<\/td>\n<\/tr>\n<\/tbody>\n<\/table>\n<!-- #tablepress-11 from cache -->\n<p style=\"text-align: center;\"><em><span style=\"color: #ff0000;\">Vous pouvez vous renseigner ou faire une r\u00e9servation \u00e0 l'aide du formulaire de contact qui suit:<\/span><\/em><\/p>\n<p style=\"text-align: center;\"><div id=\"usermessagea\" class=\"cf_info \"><\/div><form enctype=\"multipart\/form-data\" action=\"\/heiva-nui\/index.php?rest_route=%2Fwp%2Fv2%2Fpages%2F490#usermessagea\" method=\"post\" class=\"cform cformsdirect contact \" id=\"cformsform\"><fieldset class=\"cf-fs1\" style=\"\"><legend>Demande d'informations<\/legend><ol class=\"cf-ol\"><li id=\"li--2\" class=\"\"><label id=\"label--2\" for=\"cf_field_2\"><span>Formule<\/span><\/label><select name=\"cf_field_2\" id=\"cf_field_2\" class=\"cformselect fldrequired\" title=\"\"><option value=\"Madame\">Madame<\/option><option value=\"Monsieur\">Monsieur<\/option><\/select><span class=\"reqtxt\">(obligatoire)<\/span><\/li><li id=\"li--3\" class=\"\"><label id=\"label--3\" for=\"cf_field_3\"><span>Nom<\/span><\/label><input type=\"text\" name=\"cf_field_3\" id=\"cf_field_3\" class=\"single fldrequired\" value=\"\" title=\"\"\/><span class=\"reqtxt\">(obligatoire)<\/span><\/li><li id=\"li--4\" class=\"\"><label id=\"label--4\" for=\"cf_field_4\"><span>Pr\u00e9nom<\/span><\/label><input type=\"text\" name=\"cf_field_4\" id=\"cf_field_4\" class=\"single fldrequired\" value=\"\" title=\"\"\/><span class=\"reqtxt\">(obligatoire)<\/span><\/li><li id=\"li--5\" class=\"\"><label id=\"label--5\" for=\"cf_field_5\"><span>Email<\/span><\/label><input type=\"text\" name=\"cf_field_5\" id=\"cf_field_5\" class=\"single fldemail fldrequired\" value=\"\" title=\"\"\/><span class=\"emailreqtxt\">(email valide obligatoire)<\/span><\/li><li id=\"li--6\" class=\"\"><label id=\"label--6\" for=\"cf_field_6\"><span>T\u00e9l\u00e9phone<\/span><\/label><input type=\"text\" name=\"cf_field_6\" id=\"cf_field_6\" class=\"single\" value=\"\" title=\"\"\/><\/li><li id=\"li--7\" class=\"\"><label id=\"label--7\" for=\"cf_field_7\"><span>Adresse<\/span><\/label><textarea cols=\"30\" rows=\"8\" name=\"cf_field_7\" id=\"cf_field_7\" class=\"area\" title=\"\"><\/textarea><\/li><li id=\"li--8\" class=\"\"><label id=\"label--8\" for=\"cf_field_8\"><span>Texte<\/span><\/label><textarea cols=\"30\" rows=\"8\" name=\"cf_field_8\" id=\"cf_field_8\" class=\"area fldrequired\" title=\"\"><\/textarea><span class=\"reqtxt\">(obligatoire)<\/span><\/li><\/ol><\/fieldset><fieldset class=\"cf_hidden\"><legend>&nbsp;<\/legend><input type=\"hidden\" name=\"cf_working\" id=\"cf_working\" value=\"<span>Veuillez%20patienter...<\/span>\"\/><input type=\"hidden\" name=\"cf_failure\" id=\"cf_failure\" value=\"<span>Veuillez%20compl%C3%A9ter%20tous%20les%20champs%20obligatoires.<\/span>\"\/><input type=\"hidden\" name=\"cf_customerr\" id=\"cf_customerr\" value=\"y\"\/><\/fieldset><p class=\"cf-sb\"><input type=\"submit\" name=\"sendbutton\" id=\"sendbutton\" class=\"sendbutton\" value=\"Envoyer\" \/><\/p><\/form><\/p>\n<p style=\"text-align: center;\"><em><span style=\"color: #ff0000;\">Vous pouvez \u00e9galement, t\u00e9l\u00e9phoner directement \u00e0 Jean-Luc au +33 6 81 24 26 81 ou encore \u00e0 Pierre au +41 77 431 64 12.<\/span><\/em><\/p>\n<hr \/>\n<h3 style=\"text-align: center;\">Plans des tables<\/h3>\n<p>Chaque table a le nom d'un des motu (\u00eelots) de l'\u00eele de Raivavae dans l'archipel des Australes en Polyn\u00e9sie fran\u00e7aise.<a href=\"http:\/\/residencedespins.ddns.net\/heiva-nui\/wp-content\/uploads\/2017\/05\/Motu-de-Raivavae.jpg\" rel=\"shadowbox[sbpost-490];player=img;\"><img loading=\"lazy\" decoding=\"async\" class=\"aligncenter size-medium wp-image-436\" src=\"http:\/\/residencedespins.ddns.net\/heiva-nui\/wp-content\/uploads\/2017\/05\/Motu-de-Raivavae-300x198.jpg\" alt=\"\" width=\"300\" height=\"198\" srcset=\"http:\/\/residencedespins.ddns.net\/heiva-nui\/wp-content\/uploads\/2017\/05\/Motu-de-Raivavae-300x198.jpg 300w, http:\/\/residencedespins.ddns.net\/heiva-nui\/wp-content\/uploads\/2017\/05\/Motu-de-Raivavae-768x506.jpg 768w, http:\/\/residencedespins.ddns.net\/heiva-nui\/wp-content\/uploads\/2017\/05\/Motu-de-Raivavae-1024x675.jpg 1024w, http:\/\/residencedespins.ddns.net\/heiva-nui\/wp-content\/uploads\/2017\/05\/Motu-de-Raivavae-960x632.jpg 960w\" sizes=\"auto, (max-width: 300px) 100vw, 300px\" \/><\/a><\/p>\n<ul>\n<li><a href=\"http:\/\/residencedespins.ddns.net\/heiva-nui\/wp-content\/uploads\/2018\/04\/Plan-des-tables-du-vendredi-15-juin-2018-\u00e0-midi-\u00e0-Excenevex.pdf\" target=\"_blank\" rel=\"noopener\">Vendredi 15 juin 2018 \u00e0 midi \u00e0 Excenevex<\/a><\/li>\n<li><a href=\"http:\/\/residencedespins.ddns.net\/heiva-nui\/wp-content\/uploads\/2018\/04\/Plan-des-tables-du-samedi-16-juin-2018-\u00e0-midi-\u00e0-Excenevex.pdf\" target=\"_blank\" rel=\"noopener\">Samedi\u00a016 juin 2018 \u00e0 midi\u00a0\u00e0 Excenevex<\/a><\/li>\n<li><a href=\"http:\/\/residencedespins.ddns.net\/heiva-nui\/wp-content\/uploads\/2018\/04\/Plan-des-tables-du-vendredi-6-juillet-2018-\u00e0-midi-\u00e0-Port-Valais.pdf\" target=\"_blank\" rel=\"noopener\">Vendredi 6 juillet 2018 \u00e0 midi \u00e0 Port-Valais<\/a><\/li>\n<li><a href=\"http:\/\/residencedespins.ddns.net\/heiva-nui\/wp-content\/uploads\/2018\/04\/Plan-des-tables-du-samedi-7-juillet-2018-\u00e0-midi-\u00e0-Port-Valais.pdf\" target=\"_blank\" rel=\"noopener\">Samedi 7 juillet 2018 \u00e0 midi \u00e0 Port-Valais<\/a><\/li>\n<\/ul>\n","protected":false},"excerpt":{"rendered":"<p>Les repas-spectacles des vendredis midis et des samedis midis seront organis\u00e9s sur la plage d\u2019Excenevex et au d\u00e9barcad\u00e8re de Port-Valais (\u20ac 25.\u2013): Punch d\u2019accueil non-alcoolis\u00e9 en musique Entr\u00e9e: Poisson cru \u00e0 la tahitienne et riz blanc Plat chaud: Poulet fafa (poulet aux \u00e9pinards et cr\u00e8me coco) et riz blanc Dessert: Salade de fruits frais aux <a class=\"read-more\" href=\"http:\/\/residencedespins.ddns.net\/heiva-nui\/?page_id=490\">...lire la suite <span class=\"meta-nav\">&rarr;<\/span><\/a><\/p>\n","protected":false},"author":1,"featured_media":0,"parent":134,"menu_order":4,"comment_status":"closed","ping_status":"closed","template":"","meta":{"footnotes":""},"class_list":["post-490","page","type-page","status-publish","hentry"],"_links":{"self":[{"href":"http:\/\/residencedespins.ddns.net\/heiva-nui\/index.php?rest_route=\/wp\/v2\/pages\/490","targetHints":{"allow":["GET"]}}],"collection":[{"href":"http:\/\/residencedespins.ddns.net\/heiva-nui\/index.php?rest_route=\/wp\/v2\/pages"}],"about":[{"href":"http:\/\/residencedespins.ddns.net\/heiva-nui\/index.php?rest_route=\/wp\/v2\/types\/page"}],"author":[{"embeddable":true,"href":"http:\/\/residencedespins.ddns.net\/heiva-nui\/index.php?rest_route=\/wp\/v2\/users\/1"}],"replies":[{"embeddable":true,"href":"http:\/\/residencedespins.ddns.net\/heiva-nui\/index.php?rest_route=%2Fwp%2Fv2%2Fcomments&post=490"}],"version-history":[{"count":24,"href":"http:\/\/residencedespins.ddns.net\/heiva-nui\/index.php?rest_route=\/wp\/v2\/pages\/490\/revisions"}],"predecessor-version":[{"id":1249,"href":"http:\/\/residencedespins.ddns.net\/heiva-nui\/index.php?rest_route=\/wp\/v2\/pages\/490\/revisions\/1249"}],"up":[{"embeddable":true,"href":"http:\/\/residencedespins.ddns.net\/heiva-nui\/index.php?rest_route=\/wp\/v2\/pages\/134"}],"wp:attachment":[{"href":"http:\/\/residencedespins.ddns.net\/heiva-nui\/index.php?rest_route=%2Fwp%2Fv2%2Fmedia&parent=490"}],"curies":[{"name":"wp","href":"https:\/\/api.w.org\/{rel}","templated":true}]}}