{"id":772,"date":"2018-04-11T17:47:29","date_gmt":"2018-04-11T15:47:29","guid":{"rendered":"http:\/\/residencedespins.ddns.net\/heiva-nui\/?page_id=772"},"modified":"2018-06-06T10:23:01","modified_gmt":"2018-06-06T08:23:01","slug":"buvette-cantine","status":"publish","type":"page","link":"http:\/\/residencedespins.ddns.net\/heiva-nui\/?page_id=772","title":{"rendered":"Buvette\/Cantine"},"content":{"rendered":"<p><img loading=\"lazy\" decoding=\"async\" class=\"aligncenter wp-image-768 size-medium\" src=\"http:\/\/residencedespins.ddns.net\/heiva-nui\/wp-content\/uploads\/2018\/04\/Caisse-300x120.jpg\" alt=\"\" width=\"300\" height=\"120\" srcset=\"http:\/\/residencedespins.ddns.net\/heiva-nui\/wp-content\/uploads\/2018\/04\/Caisse-300x120.jpg 300w, http:\/\/residencedespins.ddns.net\/heiva-nui\/wp-content\/uploads\/2018\/04\/Caisse-768x307.jpg 768w, http:\/\/residencedespins.ddns.net\/heiva-nui\/wp-content\/uploads\/2018\/04\/Caisse-1024x410.jpg 1024w, http:\/\/residencedespins.ddns.net\/heiva-nui\/wp-content\/uploads\/2018\/04\/Caisse-960x384.jpg 960w\" sizes=\"auto, (max-width: 300px) 100vw, 300px\" \/><\/p>\n<p>La caisse sera ouverte pendant toute la dur\u00e9e des diff\u00e9rentes f\u00eates (<a href=\"http:\/\/heiva-nui.iwebo.biz\/events\/2018-06\/\" target=\"_blank\" rel=\"noopener\">voir les programmes des manifestations<\/a>). Vous pourrez ainsi payer vos boissons de la buvette et vos plats de la cantine. Vous pourrez \u00e9galement venir vous renseigner et r\u00e9server les <a href=\"http:\/\/residencedespins.ddns.net\/heiva-nui\/animations\/soiree-a-theme\/\" target=\"_blank\" rel=\"noopener\">repas spectacles<\/a> propos\u00e9s.<img loading=\"lazy\" decoding=\"async\" class=\"aligncenter wp-image-767 size-medium\" src=\"http:\/\/residencedespins.ddns.net\/heiva-nui\/wp-content\/uploads\/2018\/04\/Buvette-300x120.jpg\" alt=\"\" width=\"300\" height=\"120\" srcset=\"http:\/\/residencedespins.ddns.net\/heiva-nui\/wp-content\/uploads\/2018\/04\/Buvette-300x120.jpg 300w, http:\/\/residencedespins.ddns.net\/heiva-nui\/wp-content\/uploads\/2018\/04\/Buvette-768x307.jpg 768w, http:\/\/residencedespins.ddns.net\/heiva-nui\/wp-content\/uploads\/2018\/04\/Buvette-1024x410.jpg 1024w, http:\/\/residencedespins.ddns.net\/heiva-nui\/wp-content\/uploads\/2018\/04\/Buvette-960x384.jpg 960w\" sizes=\"auto, (max-width: 300px) 100vw, 300px\" \/><\/p>\n<p>La buvette sera ouverte pendant toute la dur\u00e9e des diff\u00e9rentes f\u00eates (<a href=\"http:\/\/heiva-nui.iwebo.biz\/events\/2018-06\/\" target=\"_blank\" rel=\"noopener\">voir les programmes des manifestations<\/a>). Vous y trouverez de nombreuses boissons alcoolis\u00e9es ou non:<\/p>\n<ul>\n<li>Soda (Coca, Sprite, eau plate et gazeuse, etc.) (33 cl: \u20ac 3.\u2013, 50 cl: \u20ac 4.\u2013)<\/li>\n<li>Jus (jus tropical, jus Michel, etc.) (25 cl: \u20ac 4.\u2013)<\/li>\n<li>Caf\u00e9, th\u00e9 (\u20ac 2.50)<\/li>\n<li>Bi\u00e8re (Hinano, etc.) (33 cl: \u20ac 4.\u2013)<\/li>\n<li>Vin (blanc, rouge, ros\u00e9) (1dl: \u20ac 2.50, 50 cl: \u20ac 10.\u2013, 75 cl: \u20ac 15.\u2013)<\/li>\n<li>Cocktail alcoolis\u00e9 (cocktail Vaiamanu, punch Maitai) (25 cl: \u20ac 8.\u2013)<\/li>\n<\/ul>\n<p>De plus elle vous proposera \u00e9galement:<\/p>\n<ul>\n<li>Des <a href=\"http:\/\/residencedespins.ddns.net\/heiva-nui\/wp-content\/uploads\/2018\/04\/Firi-firi.jpg\" rel=\"shadowbox[sbpost-772];player=img;\" target=\"_blank\">firi firi<\/a> (sorte de beignets polyn\u00e9siens) (une pi\u00e8ce: \u20ac 1.50, le paquet de 5: \u20ac 6.\u2013)<\/li>\n<li>Des casse-croutes tailles polyn\u00e9siennes (divers sandwichs demi-baguette) (\u20ac 7.\u2013)<img loading=\"lazy\" decoding=\"async\" class=\"aligncenter wp-image-769 size-medium\" src=\"http:\/\/residencedespins.ddns.net\/heiva-nui\/wp-content\/uploads\/2018\/04\/Cantine-300x120.jpg\" alt=\"\" width=\"300\" height=\"120\" srcset=\"http:\/\/residencedespins.ddns.net\/heiva-nui\/wp-content\/uploads\/2018\/04\/Cantine-300x120.jpg 300w, http:\/\/residencedespins.ddns.net\/heiva-nui\/wp-content\/uploads\/2018\/04\/Cantine-768x307.jpg 768w, http:\/\/residencedespins.ddns.net\/heiva-nui\/wp-content\/uploads\/2018\/04\/Cantine-1024x410.jpg 1024w, http:\/\/residencedespins.ddns.net\/heiva-nui\/wp-content\/uploads\/2018\/04\/Cantine-960x384.jpg 960w\" sizes=\"auto, (max-width: 300px) 100vw, 300px\" \/><\/li>\n<\/ul>\n<p>En dehors de la f\u00eate de la musique de Gen\u00e8ve o\u00f9 la cantine sera ouverte en continu, pour les autres f\u00eates, elle sera ouverte aux heures des repas (midi: 11h30-15h00, soir: 17h30-21h00). Elle vous proposera de nombreux plats typiquement polyn\u00e9siens, \u00e0 savoir:<\/p>\n<ul>\n<li>Poisson cru \u00e0 la tahitienne et riz blanc (\u20ac 10.\u2013)<\/li>\n<li>Poulet fafa (poulet aux \u00e9pinards et cr\u00e8me coco) et riz blanc (\u20ac 10.\u2013)<\/li>\n<li>Brochettes de c\u0153ur de b\u0153uf et\/ou de poisson et riz blanc (\u20ac 10.\u2013)<\/li>\n<li>Salade des Australes (sorte de salade russe) (\u20ac 8.\u2013)<\/li>\n<li><a href=\"http:\/\/residencedespins.ddns.net\/heiva-nui\/wp-content\/uploads\/2018\/04\/Chao-mein.jpg\" rel=\"shadowbox[sbpost-772];player=img;\" target=\"_blank\">Chao mein polyn\u00e9sien<\/a> (<span class=\"st\">plat des chinois de Tahiti , avec un m\u00e9lange de l\u00e9gumes, viandes, crevettes et nouilles<\/span>) (\u20ac 10.\u2013)<\/li>\n<li>Po'e banane (sorte de flan d'amidon de manioc et de bananes) (\u20ac 5.\u2013)<\/li>\n<li>Salade de fruits exotiques (\u20ac 5.\u2013)<\/li>\n<\/ul>\n","protected":false},"excerpt":{"rendered":"<p>La caisse sera ouverte pendant toute la dur\u00e9e des diff\u00e9rentes f\u00eates (voir les programmes des manifestations). Vous pourrez ainsi payer vos boissons de la buvette et vos plats de la cantine. Vous pourrez \u00e9galement venir vous renseigner et r\u00e9server les repas spectacles propos\u00e9s. La buvette sera ouverte pendant toute la dur\u00e9e des diff\u00e9rentes f\u00eates (voir <a class=\"read-more\" href=\"http:\/\/residencedespins.ddns.net\/heiva-nui\/?page_id=772\">...lire la suite <span class=\"meta-nav\">&rarr;<\/span><\/a><\/p>\n","protected":false},"author":1,"featured_media":0,"parent":0,"menu_order":0,"comment_status":"closed","ping_status":"closed","template":"","meta":{"footnotes":""},"class_list":["post-772","page","type-page","status-publish","hentry"],"_links":{"self":[{"href":"http:\/\/residencedespins.ddns.net\/heiva-nui\/index.php?rest_route=\/wp\/v2\/pages\/772","targetHints":{"allow":["GET"]}}],"collection":[{"href":"http:\/\/residencedespins.ddns.net\/heiva-nui\/index.php?rest_route=\/wp\/v2\/pages"}],"about":[{"href":"http:\/\/residencedespins.ddns.net\/heiva-nui\/index.php?rest_route=\/wp\/v2\/types\/page"}],"author":[{"embeddable":true,"href":"http:\/\/residencedespins.ddns.net\/heiva-nui\/index.php?rest_route=\/wp\/v2\/users\/1"}],"replies":[{"embeddable":true,"href":"http:\/\/residencedespins.ddns.net\/heiva-nui\/index.php?rest_route=%2Fwp%2Fv2%2Fcomments&post=772"}],"version-history":[{"count":25,"href":"http:\/\/residencedespins.ddns.net\/heiva-nui\/index.php?rest_route=\/wp\/v2\/pages\/772\/revisions"}],"predecessor-version":[{"id":1222,"href":"http:\/\/residencedespins.ddns.net\/heiva-nui\/index.php?rest_route=\/wp\/v2\/pages\/772\/revisions\/1222"}],"wp:attachment":[{"href":"http:\/\/residencedespins.ddns.net\/heiva-nui\/index.php?rest_route=%2Fwp%2Fv2%2Fmedia&parent=772"}],"curies":[{"name":"wp","href":"https:\/\/api.w.org\/{rel}","templated":true}]}}