{"id":831,"date":"2018-04-17T13:10:16","date_gmt":"2018-04-17T11:10:16","guid":{"rendered":"http:\/\/residencedespins.ddns.net\/heiva-nui\/?page_id=831"},"modified":"2018-04-17T13:10:16","modified_gmt":"2018-04-17T11:10:16","slug":"fete-polynesienne-a-excenevex-du-vendredi-15-au-dimanche-17-juin-2018","status":"publish","type":"page","link":"http:\/\/residencedespins.ddns.net\/heiva-nui\/?page_id=831","title":{"rendered":"F\u00eate polyn\u00e9sienne \u00e0 Excenevex du vendredi 15 au dimanche 17 juin 2018"},"content":{"rendered":"\n<table id=\"tablepress-9\" class=\"tablepress tablepress-id-9\">\n<tbody class=\"row-hover\">\n<tr class=\"row-1 odd\">\n\t<td class=\"column-1\"><p style=\"color:transparent; width:50px;\"><\/p><\/td><td class=\"column-2\"><strong>Vendredi 15 juin 2018<\/strong><\/td>\n<\/tr>\n<tr class=\"row-2 even\">\n\t<td class=\"column-1\">10h00<\/td><td class=\"column-2\">Ouverture de la caisse, cantine, buvette, idem pour les stands du village des artisans<\/td>\n<\/tr>\n<tr class=\"row-3 odd\">\n\t<td class=\"column-1\">11h00<\/td><td class=\"column-2\">Accueil des \u00e9ventuels groupes d\u2019a\u00een\u00e9s pour un repas polyn\u00e9sien qui leur est propos\u00e9, d\u2019autres convives pouvant se joindre \u00e0 eux en se servant \u00e0 la buvette\/cantine<\/td>\n<\/tr>\n<tr class=\"row-4 even\">\n\t<td class=\"column-1\">13h00<\/td><td class=\"column-2\">Show polyn\u00e9sien d\u2019environ 30 minutes sur la sc\u00e8ne suivi par une animation de pr\u00e9sentation des danses et des costumes<\/td>\n<\/tr>\n<tr class=\"row-5 odd\">\n\t<td class=\"column-1\">17h00<\/td><td class=\"column-2\">Cort\u00e8ge allant de la mairie d'Excenevex jusqu\u2019\u00e0 la sc\u00e8ne du village polyn\u00e9sien<\/td>\n<\/tr>\n<tr class=\"row-6 even\">\n\t<td class=\"column-1\">18h00<\/td><td class=\"column-2\">Inauguration sur la sc\u00e8ne par les officiels (repr\u00e9sentants de la municipalit\u00e9, responsables du groupe polyn\u00e9sien, etc.) suivi d\u2019un petit show avec chants d\u2019environ 15 minutes pour annoncer le grand spectacle de 20h30<\/td>\n<\/tr>\n<tr class=\"row-7 odd\">\n\t<td class=\"column-1\">20h30<\/td><td class=\"column-2\">Grand spectacle polyn\u00e9sien d\u2019environ une heure (danses, chants, musiques en costumes traditionnels) avec comme th\u00e8me, \u00ab<a href=\"http:\/\/www.pewtrusts.org\/fr\/research-and-analysis\/issue-briefs\/2016\/04\/rahui-nui-no-tuhaa-pae\" rel=\"noopener\" target=\"_blank\">La protection des oc\u00e9ans<\/a>\u00bb, la cantine et la buvette restant ouvertes jusqu\u2019\u00e0 23h00<\/td>\n<\/tr>\n<tr class=\"row-8 even\">\n\t<td class=\"column-1\">23h00<\/td><td class=\"column-2\">Fin de la 1\u00e8re journ\u00e9e, fermeture des stands des artisans<\/td>\n<\/tr>\n<tr class=\"row-9 odd\">\n\t<td class=\"column-1\"><\/td><td class=\"column-2\"><em>Des <a href=\"http:\/\/residencedespins.ddns.net\/heiva-nui\/?page_id=999\" rel=\"noopener\" target=\"_blank\">animations, pr\u00e9sentations, d\u00e9monstrations et autres exhibitions<\/a> \u00e9mailleront \u00e9galement toute cette journ\u00e9e. Le programme d\u00e9taill\u00e9 sera affich\u00e9 sur place le jour m\u00eame.<\/em><br \/>\n<br><strong>Samedi 16 juin 2018<\/strong><\/td>\n<\/tr>\n<tr class=\"row-10 even\">\n\t<td class=\"column-1\">10h00<\/td><td class=\"column-2\">Ouverture de la caisse, cantine, buvette, idem pour les stands du village des artisans<\/td>\n<\/tr>\n<tr class=\"row-11 odd\">\n\t<td class=\"column-1\">11h00<\/td><td class=\"column-2\">Accueil des \u00e9ventuels groupes d\u2019a\u00een\u00e9s pour un repas polyn\u00e9sien qui leur est propos\u00e9, d\u2019autres convives pouvant se joindre \u00e0 eux en se servant \u00e0 la buvette\/cantine<\/td>\n<\/tr>\n<tr class=\"row-12 even\">\n\t<td class=\"column-1\">13h00<\/td><td class=\"column-2\">Show polyn\u00e9sien d\u2019environ 30 minutes sur la sc\u00e8ne suivi par une animation de pr\u00e9sentations des danses et des costumes<\/td>\n<\/tr>\n<tr class=\"row-13 odd\">\n\t<td class=\"column-1\">19h00<\/td><td class=\"column-2\">Accueil des convives du repas spectacle (<a href=\"http:\/\/residencedespins.ddns.net\/heiva-nui\/?page_id=183\" rel=\"noopener\" target=\"_blank\">r\u00e9servation possible<\/a>)<\/td>\n<\/tr>\n<tr class=\"row-14 even\">\n\t<td class=\"column-1\">20h00<\/td><td class=\"column-2\">Repas polyn\u00e9sien<\/td>\n<\/tr>\n<tr class=\"row-15 odd\">\n\t<td class=\"column-1\">21h30<\/td><td class=\"column-2\">Grand spectacle polyn\u00e9sien d\u2019environ une heure (danses, chants, musiques en costumes traditionnels) avec comme th\u00e8me, \u00ab<a href=\"http:\/\/www.pewtrusts.org\/fr\/research-and-analysis\/issue-briefs\/2016\/04\/rahui-nui-no-tuhaa-pae\" rel=\"noopener\" target=\"_blank\">La protection des oc\u00e9ans<\/a>\u00bb, la cantine et la buvette restant ouvertes jusqu\u2019\u00e0 24h00<\/td>\n<\/tr>\n<tr class=\"row-16 even\">\n\t<td class=\"column-1\">24h00 <\/td><td class=\"column-2\">Fin de la 2\u00e8me journ\u00e9e, fermeture des stands des artisans<\/td>\n<\/tr>\n<tr class=\"row-17 odd\">\n\t<td class=\"column-1\"><\/td><td class=\"column-2\"><em>Des <a href=\"http:\/\/residencedespins.ddns.net\/heiva-nui\/?page_id=999\" rel=\"noopener\" target=\"_blank\">animations, pr\u00e9sentations, d\u00e9monstrations et autres exhibitions<\/a> \u00e9mailleront \u00e9galement toute cette journ\u00e9e. Le programme d\u00e9taill\u00e9 sera affich\u00e9 sur place le jour m\u00eame.<\/em><br \/>\n<br><strong>Dimanche 17 juin 2018<\/strong><br><em>Vers 2h-3h du matin allumage et r\u00e9alisation du four tahitien<\/td>\n<\/tr>\n<tr class=\"row-18 even\">\n\t<td class=\"column-1\">09h00<\/td><td class=\"column-2\">Ouverture de la caisse, cantine, buvette, idem pour les stands du village des artisans<\/td>\n<\/tr>\n<tr class=\"row-19 odd\">\n\t<td class=\"column-1\">09h30<\/td><td class=\"column-2\">R\u00e9flexion pastorale sur le th\u00e8me la protection de la nature avec le Pasteur <a href=\"http:\/\/geneve.adventiste.ch\/\" rel=\"noopener\" target=\"_blank\">Adventiste<\/a> <a href=\"http:\/\/geneve.adventiste.ch\/preacher\/9615\" rel=\"noopener\" target=\"_blank\">Memory Poro\u00ef<\/a> sous la grande tente des convives<\/td>\n<\/tr>\n<tr class=\"row-20 even\">\n\t<td class=\"column-1\">10h00<\/td><td class=\"column-2\">Culte polyn\u00e9sien avec chants polyphoniques sous la grande tente des convives c\u00e9l\u00e9br\u00e9 par le Pasteur <a href=\"http:\/\/geneve.adventiste.ch\/\" rel=\"noopener\" target=\"_blank\">Adventiste<\/a> <a href=\"http:\/\/geneve.adventiste.ch\/preacher\/9615\" rel=\"noopener\" target=\"_blank\">Memory Poro\u00ef<\/a><\/td>\n<\/tr>\n<tr class=\"row-21 odd\">\n\t<td class=\"column-1\">11h30<\/td><td class=\"column-2\">Ouverture du four tahitien en musique et percussions polyn\u00e9siennes<\/td>\n<\/tr>\n<tr class=\"row-22 even\">\n\t<td class=\"column-1\">12h00<\/td><td class=\"column-2\">Accueil des convives du repas spectacle (<a href=\"http:\/\/residencedespins.ddns.net\/heiva-nui\/?page_id=183\" rel=\"noopener\" target=\"_blank\">r\u00e9servation possible<\/a>)<\/td>\n<\/tr>\n<tr class=\"row-23 odd\">\n\t<td class=\"column-1\">13h00<\/td><td class=\"column-2\">Repas polyn\u00e9sien<\/td>\n<\/tr>\n<tr class=\"row-24 even\">\n\t<td class=\"column-1\">14h00<\/td><td class=\"column-2\">Grand spectacle polyn\u00e9sien d\u2019environ une heure (danses, chants, musiques en costumes traditionnels) avec comme th\u00e8me, \u00ab<a href=\"http:\/\/www.pewtrusts.org\/fr\/research-and-analysis\/issue-briefs\/2016\/04\/rahui-nui-no-tuhaa-pae\" rel=\"noopener\" target=\"_blank\">La protection des oc\u00e9ans<\/a>\u00bb, la cantine et la buvette restant ouvertes jusqu\u2019\u00e0 24h00<\/td>\n<\/tr>\n<tr class=\"row-25 odd\">\n\t<td class=\"column-1\">17h00<\/td><td class=\"column-2\">Tirage et remise des divers lots de la tombola sur la sc\u00e8ne du village polyn\u00e9sien<\/td>\n<\/tr>\n<tr class=\"row-26 even\">\n\t<td class=\"column-1\">18h00<\/td><td class=\"column-2\">Fermeture officielle de la f\u00eate sur la sc\u00e8ne avec discours \u00e9ventuels, remerciements des polyn\u00e9siens aux autorit\u00e9s suivi d\u2019un petit show final d\u2019environ 15 minutes<\/td>\n<\/tr>\n<tr class=\"row-27 odd\">\n\t<td class=\"column-1\">19h30<\/td><td class=\"column-2\">Fermeture de la f\u00eate, idem pour les stands du village des artisans<\/td>\n<\/tr>\n<tr class=\"row-28 even\">\n\t<td class=\"column-1\"><\/td><td class=\"column-2\"><em>Des <a href=\"http:\/\/residencedespins.ddns.net\/heiva-nui\/?page_id=999\" rel=\"noopener\" target=\"_blank\">animations, pr\u00e9sentations, d\u00e9monstrations et autres exhibitions<\/a> \u00e9mailleront \u00e9galement toute cette journ\u00e9e. Le programme d\u00e9taill\u00e9 sera affich\u00e9 sur place le jour m\u00eame.<\/em><\/td>\n<\/tr>\n<\/tbody>\n<\/table>\n<!-- #tablepress-9 from cache -->\n<div class='printomatic pom-default ' id='id4888'  data-print_target='article'><\/div>\n","protected":false},"excerpt":{"rendered":"","protected":false},"author":1,"featured_media":0,"parent":158,"menu_order":6,"comment_status":"closed","ping_status":"closed","template":"","meta":{"footnotes":""},"class_list":["post-831","page","type-page","status-publish","hentry"],"_links":{"self":[{"href":"http:\/\/residencedespins.ddns.net\/heiva-nui\/index.php?rest_route=\/wp\/v2\/pages\/831","targetHints":{"allow":["GET"]}}],"collection":[{"href":"http:\/\/residencedespins.ddns.net\/heiva-nui\/index.php?rest_route=\/wp\/v2\/pages"}],"about":[{"href":"http:\/\/residencedespins.ddns.net\/heiva-nui\/index.php?rest_route=\/wp\/v2\/types\/page"}],"author":[{"embeddable":true,"href":"http:\/\/residencedespins.ddns.net\/heiva-nui\/index.php?rest_route=\/wp\/v2\/users\/1"}],"replies":[{"embeddable":true,"href":"http:\/\/residencedespins.ddns.net\/heiva-nui\/index.php?rest_route=%2Fwp%2Fv2%2Fcomments&post=831"}],"version-history":[{"count":1,"href":"http:\/\/residencedespins.ddns.net\/heiva-nui\/index.php?rest_route=\/wp\/v2\/pages\/831\/revisions"}],"predecessor-version":[{"id":832,"href":"http:\/\/residencedespins.ddns.net\/heiva-nui\/index.php?rest_route=\/wp\/v2\/pages\/831\/revisions\/832"}],"up":[{"embeddable":true,"href":"http:\/\/residencedespins.ddns.net\/heiva-nui\/index.php?rest_route=\/wp\/v2\/pages\/158"}],"wp:attachment":[{"href":"http:\/\/residencedespins.ddns.net\/heiva-nui\/index.php?rest_route=%2Fwp%2Fv2%2Fmedia&parent=831"}],"curies":[{"name":"wp","href":"https:\/\/api.w.org\/{rel}","templated":true}]}}