{"id":434,"date":"2023-06-06T09:13:10","date_gmt":"2023-06-06T07:13:10","guid":{"rendered":"http:\/\/residencedespins.ddns.net\/wordpress\/?page_id=434"},"modified":"2023-08-01T11:14:16","modified_gmt":"2023-08-01T09:14:16","slug":"mentions-legales","status":"publish","type":"page","link":"http:\/\/residencedespins.ddns.net\/wordpress\/mentions-legales\/","title":{"rendered":"Mentions l\u00e9gales"},"content":{"rendered":"\n<p>Conform\u00e9ment \u00e0 l\u2019article 6 de la loi du 21 juin 2004, pour la confiance dans l\u2019\u00e9conomie num\u00e9rique, nous vous informons que ce service de communication au public en ligne est \u00e9dit\u00e9 par :<\/p>\n\n\n\n<p>la R\u00e9sidence des Pins<\/p>\n\n\n\n<p>situ\u00e9e \u00e0 10, rue des Vignes &#8211; 74240 Gaillard<\/p>\n\n\n\n<p>RCS : \u2026.<br>Capital de la soci\u00e9t\u00e9 : \u2026. \u20ac<br>n\u00b0 TVA : \u2026<\/p>\n\n\n\n<p>Le directeur de la publication est M. Baron Jean-Luc<br>Directeur technique : M. Baron Jean-Luc<\/p>\n\n\n\n<p>Le prestataire mentionn\u00e9 au 2 du I de l\u2019article 6 de la loi pr\u00e9cit\u00e9e, est :<\/p>\n\n\n\n<p>R\u00e9sidence des Pins<br>10, rue des Vignes<br>74240 Gaillard<\/p>\n\n\n\n<p>Aux termes de l\u2019article L 122-4 du Code de la Propri\u00e9t\u00e9 Intellectuelle : Toute repr\u00e9sentation ou reproduction int\u00e9grale ou partielle faite sans le consentement de l\u2019auteur ou de ses ayants droit ou ayants cause est illicite. Il en est de m\u00eame pour la traduction, l\u2019adaptation ou la transformation, l\u2019arrangement ou la reproduction par un art ou un proc\u00e9d\u00e9 quelconque.<\/p>\n\n\n\n<p>L\u2019ensemble des \u00e9l\u00e9ments composant ce site (noms, logos, textes, graphismes, photographies, images, nom de domaine, cr\u00e9ations et \u0153uvres prot\u00e9g\u00e9es diverses, etc\u2026) sont la propri\u00e9t\u00e9 exclusive de R\u00e9sidence des Pins et sont sujets \u00e0 la l\u00e9gislation fran\u00e7aises et internationales sur la propri\u00e9t\u00e9 intellectuelle. Seule une utilisation \u00e0 des fins strictement personnelles est autoris\u00e9e.<\/p>\n\n\n\n<p>La reproduction de tout ou partie de ce site sur quelque support que ce soit est formellement interdite sauf autorisation expresse de R\u00e9sidence des Pins<\/p>\n\n\n\n<p>Malgr\u00e9 tous les soins apport\u00e9s \u00e0 la r\u00e9alisation de ce site et \u00e0 son actualisation r\u00e9guli\u00e8re, des erreurs peuvent s\u2019\u00eatre gliss\u00e9es dans les informations et\/ou documents pr\u00e9sent\u00e9s. Les utilisateurs du site proc\u00e9deront donc \u00e0 toutes v\u00e9rifications utiles.<\/p>\n","protected":false},"excerpt":{"rendered":"<p>Conform\u00e9ment \u00e0 l\u2019article 6 de la loi du 21 juin 2004, pour la confiance dans l\u2019\u00e9conomie num\u00e9rique, nous vous informons que ce service de communication au public en ligne est \u00e9dit\u00e9 par : la R\u00e9sidence des Pins situ\u00e9e \u00e0 10, rue des Vignes &#8211; 74240 Gaillard RCS : \u2026.Capital de la soci\u00e9t\u00e9 : \u2026. \u20acn\u00b0 [&hellip;]<\/p>\n","protected":false},"author":1,"featured_media":0,"parent":0,"menu_order":0,"comment_status":"closed","ping_status":"closed","template":"","meta":{"_et_pb_use_builder":"off","_et_pb_old_content":"","_et_gb_content_width":"1080","footnotes":""},"class_list":["post-434","page","type-page","status-publish","hentry"],"_links":{"self":[{"href":"http:\/\/residencedespins.ddns.net\/wordpress\/wp-json\/wp\/v2\/pages\/434","targetHints":{"allow":["GET"]}}],"collection":[{"href":"http:\/\/residencedespins.ddns.net\/wordpress\/wp-json\/wp\/v2\/pages"}],"about":[{"href":"http:\/\/residencedespins.ddns.net\/wordpress\/wp-json\/wp\/v2\/types\/page"}],"author":[{"embeddable":true,"href":"http:\/\/residencedespins.ddns.net\/wordpress\/wp-json\/wp\/v2\/users\/1"}],"replies":[{"embeddable":true,"href":"http:\/\/residencedespins.ddns.net\/wordpress\/wp-json\/wp\/v2\/comments?post=434"}],"version-history":[{"count":2,"href":"http:\/\/residencedespins.ddns.net\/wordpress\/wp-json\/wp\/v2\/pages\/434\/revisions"}],"predecessor-version":[{"id":438,"href":"http:\/\/residencedespins.ddns.net\/wordpress\/wp-json\/wp\/v2\/pages\/434\/revisions\/438"}],"wp:attachment":[{"href":"http:\/\/residencedespins.ddns.net\/wordpress\/wp-json\/wp\/v2\/media?parent=434"}],"curies":[{"name":"wp","href":"https:\/\/api.w.org\/{rel}","templated":true}]}}