{"id":562,"date":"2023-06-08T11:08:27","date_gmt":"2023-06-08T09:08:27","guid":{"rendered":"http:\/\/residencedespins.ddns.net\/wordpress\/?page_id=562"},"modified":"2023-08-09T00:00:03","modified_gmt":"2023-08-08T22:00:03","slug":"articles","status":"publish","type":"page","link":"http:\/\/residencedespins.ddns.net\/wordpress\/articles\/","title":{"rendered":"Articles"},"content":{"rendered":"[et_pb_section admin_label=\u00a0\u00bbsection\u00a0\u00bb]\n\t\t\t[et_pb_row admin_label=\u00a0\u00bbrow\u00a0\u00bb]\n\t\t\t\t[et_pb_column type=\u00a0\u00bb4_4&Prime;][et_pb_text admin_label=\u00a0\u00bbText\u00a0\u00bb]<ul class=\"wp-block-latest-posts__list wp-block-latest-posts\"><li><a class=\"wp-block-latest-posts__post-title\" href=\"http:\/\/residencedespins.ddns.net\/wordpress\/non-classe\/visite-virtuelle-google-street-wiew\/\">Visite virtuelle Google Street Wiew<\/a><\/li>\n<li><a class=\"wp-block-latest-posts__post-title\" href=\"http:\/\/residencedespins.ddns.net\/wordpress\/non-classe\/15-sur-le-tarif-loft-terrasse-2-nuits-minimum-ou-semaine\/\">15\u00a0% sur le tarif loft terrasse &#8211; 2 nuits minimum, ou semaine<\/a><\/li>\n<li><a class=\"wp-block-latest-posts__post-title\" href=\"http:\/\/residencedespins.ddns.net\/wordpress\/non-classe\/bonne-annee-2024\/\">BONNE ANN\u00c9E 2024<\/a><\/li>\n<li><a class=\"wp-block-latest-posts__post-title\" href=\"http:\/\/residencedespins.ddns.net\/wordpress\/non-classe\/noel-a-la-residence-des-pins-gaillard\/\">No\u00ebl \u00e0 la R\u00e9sidence des Pins &#8211; Gaillard<\/a><\/li>\n<li><a class=\"wp-block-latest-posts__post-title\" href=\"http:\/\/residencedespins.ddns.net\/wordpress\/loisirs\/a-gaillard-la-ville-offre-un-spectacle-pour-feter-louverture-de-sa-saison-culturelle\/\">\u00c0 Gaillard, la ville offre un spectacle pour f\u00eater l&rsquo;ouverture de sa saison culturelle&#8230;!<\/a><\/li>\n<\/ul>[\/et_pb_text][\/et_pb_column]\n\t\t\t[\/et_pb_row]\n\t\t[\/et_pb_section]","protected":false},"excerpt":{"rendered":"<p>Articles r\u00e9cents<\/p>\n","protected":false},"author":1,"featured_media":0,"parent":0,"menu_order":0,"comment_status":"closed","ping_status":"closed","template":"","meta":{"_et_pb_use_builder":"on","_et_pb_old_content":"<!-- wp:latest-posts \/-->","_et_gb_content_width":"1080","footnotes":""},"class_list":["post-562","page","type-page","status-publish","hentry"],"_links":{"self":[{"href":"http:\/\/residencedespins.ddns.net\/wordpress\/wp-json\/wp\/v2\/pages\/562","targetHints":{"allow":["GET"]}}],"collection":[{"href":"http:\/\/residencedespins.ddns.net\/wordpress\/wp-json\/wp\/v2\/pages"}],"about":[{"href":"http:\/\/residencedespins.ddns.net\/wordpress\/wp-json\/wp\/v2\/types\/page"}],"author":[{"embeddable":true,"href":"http:\/\/residencedespins.ddns.net\/wordpress\/wp-json\/wp\/v2\/users\/1"}],"replies":[{"embeddable":true,"href":"http:\/\/residencedespins.ddns.net\/wordpress\/wp-json\/wp\/v2\/comments?post=562"}],"version-history":[{"count":3,"href":"http:\/\/residencedespins.ddns.net\/wordpress\/wp-json\/wp\/v2\/pages\/562\/revisions"}],"predecessor-version":[{"id":1017,"href":"http:\/\/residencedespins.ddns.net\/wordpress\/wp-json\/wp\/v2\/pages\/562\/revisions\/1017"}],"wp:attachment":[{"href":"http:\/\/residencedespins.ddns.net\/wordpress\/wp-json\/wp\/v2\/media?parent=562"}],"curies":[{"name":"wp","href":"https:\/\/api.w.org\/{rel}","templated":true}]}}