{"id":1281,"date":"2014-01-30T15:52:25","date_gmt":"2014-01-30T13:52:25","guid":{"rendered":"http:\/\/residencedespins.ddns.net\/wordpress1\/?page_id=1281"},"modified":"2017-09-05T17:45:22","modified_gmt":"2017-09-05T15:45:22","slug":"carte-des-familles-daccueil","status":"publish","type":"page","link":"http:\/\/residencedespins.ddns.net\/wordpress1\/?page_id=1281","title":{"rendered":"Carte des familles d&rsquo;accueil"},"content":{"rendered":"<p>Les familles d&rsquo;accueil peuvent assurer l&rsquo;h\u00e9bergement individuel (chambre personnelle) pour une semaine des \u00e9cotouristes, ainsi que la demi-pension (petit d\u00e9jeuner et souper). Elle proposent toutes une maison individuelle r\u00e9serv\u00e9e uniquement aux \u00e9cotouristes et comportant au moins deux chambres. Les familles d&rsquo;accueil vivent \u00e0 proximit\u00e9 imm\u00e9diate de la maison d&rsquo;h\u00f4tes propos\u00e9e et s&rsquo;occupent des \u00e9cotouristes en particulier lors des repas pris en commun.<\/p>\n<p>Pour obtenir le nom d&rsquo;une famille d&rsquo;accueil, d\u00e9placez la souris sur son ic\u00f4ne sur la carte ci-dessous, et pour obtenir plus d&rsquo;informations, cliquez sur cette derni\u00e8re.<a href=\"http:\/\/residencedespins.ddns.net\/wordpress1\/wp-content\/uploads\/2014\/01\/Raivavae-carte-familles.jpg\" rel=\"shadowbox[sbpost-1281];player=img;\" title=\"Carte des familles d'accueil de Raivavae\"><img loading=\"lazy\" decoding=\"async\" src=\"wp-content\/uploads\/cache\/df8657634bfd003b5f70e95ec0a93a1a.jpg\" alt=\"Carte des familles d'accueil de Raivavae\" title=\"Carte des familles d'accueil de Raivavae\" width=\"491\" height=\"351\" usemap=\"#carte\" class='PxgGlobalImage'><\/a><\/p>\n<map name=carte>\n<area shape=circle coords=\"171,142,15\" alt=\"La famille d'accueil Amota\" title=\"La famille d'accueil Amota\" href=\"http:\/\/residencedespins.ddns.net\/wordpress1\/wp-gallery\/carte\/amota\/index.html\" target=photo>\n<area shape=circle coords=\"267,109,15\" alt=\"La famille d'accueil Tehina\" title=\"La famille d'accueil Tehina\" href=\"http:\/\/residencedespins.ddns.net\/wordpress1\/wp-gallery\/carte\/tehina\/index.html\" target=photo>\n<area shape=circle coords=\"294,109,15\" alt=\"La famille d'accueil Janine\" title=\"La famille d'accueil Janine\" href=\"http:\/\/residencedespins.ddns.net\/wordpress1\/wp-gallery\/carte\/janine\/index.html\" target=photo>\n<area shape=circle coords=\"209,215,15\" alt=\"La famille d'accueil Henriette\" title=\"La famille d'accueil Henriette\" href=\"http:\/\/residencedespins.ddns.net\/wordpress1\/wp-gallery\/carte\/henriette\/index.html\" target=photo>\n<area shape=circle coords=\"353,131,15\" alt=\"La famille d'accueil Ang\u00e9lique &#038; Timona\" title=\"La famille d'accueil Ang\u00e9lique &#038; Timona\" href=\"http:\/\/residencedespins.ddns.net\/wordpress1\/wp-gallery\/carte\/angelique\/index.html\" target=photo>\n<area shape=circle coords=\"208,119,15\" alt=\"La famille d'accueil Riri\" title=\"La famille d'accueil Riri\" href=\"http:\/\/residencedespins.ddns.net\/wordpress1\/wp-gallery\/carte\/riri\/index.html\" target=photo><\/map>\n<p><IFRAME name=photo align=\"right\" width=\"491\" height=\"518\" marginheight=\"0\" marginwidth=\"0\" frameborder=\"0\"><\/IFRAME><\/p>\n","protected":false},"excerpt":{"rendered":"<p>Les familles d&rsquo;accueil peuvent assurer l&rsquo;h\u00e9bergement individuel (chambre personnelle) pour une semaine des \u00e9cotouristes, ainsi que la demi-pension (petit d\u00e9jeuner et souper). Elle proposent toutes une maison individuelle r\u00e9serv\u00e9e uniquement aux \u00e9cotouristes et comportant au moins deux chambres. Les familles d&rsquo;accueil vivent \u00e0 proximit\u00e9 imm\u00e9diate de la maison d&rsquo;h\u00f4tes propos\u00e9e et s&rsquo;occupent des \u00e9cotouristes en [&hellip;]<\/p>\n","protected":false},"author":1,"featured_media":0,"parent":160,"menu_order":604,"comment_status":"closed","ping_status":"open","template":"","meta":{"footnotes":""},"class_list":["post-1281","page","type-page","status-publish","hentry"],"_links":{"self":[{"href":"http:\/\/residencedespins.ddns.net\/wordpress1\/index.php?rest_route=\/wp\/v2\/pages\/1281","targetHints":{"allow":["GET"]}}],"collection":[{"href":"http:\/\/residencedespins.ddns.net\/wordpress1\/index.php?rest_route=\/wp\/v2\/pages"}],"about":[{"href":"http:\/\/residencedespins.ddns.net\/wordpress1\/index.php?rest_route=\/wp\/v2\/types\/page"}],"author":[{"embeddable":true,"href":"http:\/\/residencedespins.ddns.net\/wordpress1\/index.php?rest_route=\/wp\/v2\/users\/1"}],"replies":[{"embeddable":true,"href":"http:\/\/residencedespins.ddns.net\/wordpress1\/index.php?rest_route=%2Fwp%2Fv2%2Fcomments&post=1281"}],"version-history":[{"count":14,"href":"http:\/\/residencedespins.ddns.net\/wordpress1\/index.php?rest_route=\/wp\/v2\/pages\/1281\/revisions"}],"predecessor-version":[{"id":1579,"href":"http:\/\/residencedespins.ddns.net\/wordpress1\/index.php?rest_route=\/wp\/v2\/pages\/1281\/revisions\/1579"}],"up":[{"embeddable":true,"href":"http:\/\/residencedespins.ddns.net\/wordpress1\/index.php?rest_route=\/wp\/v2\/pages\/160"}],"wp:attachment":[{"href":"http:\/\/residencedespins.ddns.net\/wordpress1\/index.php?rest_route=%2Fwp%2Fv2%2Fmedia&parent=1281"}],"curies":[{"name":"wp","href":"https:\/\/api.w.org\/{rel}","templated":true}]}}