{"id":1319,"date":"2015-01-21T15:09:45","date_gmt":"2015-01-21T13:09:45","guid":{"rendered":"http:\/\/residencedespins.ddns.net\/wordpress1\/?page_id=1319"},"modified":"2025-07-18T18:54:54","modified_gmt":"2025-07-18T16:54:54","slug":"office-decotourisme","status":"publish","type":"page","link":"http:\/\/residencedespins.ddns.net\/wordpress1\/?page_id=1319","title":{"rendered":"Office d&rsquo;\u00e9cotourisme"},"content":{"rendered":"<p><iframe src=\"http:\/\/residencedespins.ddns.net\/wordpress1\/wp-gallery\/office\/carousel.html\" name=\"carousel\" width=\"491\" frameborder=\"0\" marginwidth=\"0\" marginheight=\"0\" scrolling=\"no\" align=\"top\"><\/iframe><\/p>\n<p>L&rsquo;office d&rsquo;\u00e9cotourisme de Raivavae se situe \u00e0 Rairua dans l&rsquo;ancienne poste. Ce b\u00e2timent est mis \u00e0 disposition gratuitement \u00e0 l&rsquo;association \u00abTe ui tama no Ragnivavae\u00bb par la municipalit\u00e9 de Raivavae; un remerciement particulier \u00e0 Monsieur le maire, Joachim Tevaatua, sans qui rien n&rsquo;aurait \u00e9t\u00e9 possible.<\/p>\n<p>L&rsquo;office est compos\u00e9 de plusieurs parties et joue plusieurs r\u00f4les:<\/p>\n<ul>\n<li>\n<h1><span style=\"color: #3366ff;\">Un point d&rsquo;informations touristiques<\/span><\/h1>\n<\/li>\n<\/ul>\n<p>Destin\u00e9 aux visiteurs de l&rsquo;\u00eele, ce point d&rsquo;informations vous renseignera sur tous les aspects touristiques, ou autres, de Raivavae. Ce sont nos charmantes h\u00f4tesses Hairi (Sayndie Tehahe) et Heinui (Heinui Terorotua) qui vous accueilleront sous la houlette de notre secr\u00e9taire d&rsquo;association Tuhei (Antinea Tehahe) et de notre pr\u00e9sident Jimmy (Jimmy Opeta). Vous pouvez d&rsquo;ores et d\u00e9j\u00e0 pr\u00e9parer votre s\u00e9jour en t\u00e9l\u00e9chargeant le <a title=\"Carte de la Polyn\u00e9sie\" href=\"http:\/\/residencedespins.ddns.net\/wordpress1\/wp-content\/uploads\/2013\/08\/Carte-de-la-Polynesie.jpg\" rel=\"shadowbox[sbpost-1319];player=img;\" target=\"_blank\">carte de la Polyn\u00e9sie<\/a> et la <a title=\"Carte de Raivavae\" href=\"http:\/\/residencedespins.ddns.net\/wordpress1\/wp-content\/uploads\/2011\/12\/Carte-de-Raivavae.pdf\" target=\"_blank\" rel=\"noopener\">carte de Raivavae<\/a>.<\/p>\n<ul>\n<li>\n<h1><span style=\"color: #3366ff;\">Un bureau d&rsquo;\u00e9cotourisme<\/span><\/h1>\n<\/li>\n<\/ul>\n<p>Ce bureau propose un catalogue complet d&rsquo;<a title=\"Fiches des activit\u00e9s d'\u00e9cotourisme\" href=\"http:\/\/residencedespins.ddns.net\/wordpress1\/?page_id=1338\" target=\"_blank\" rel=\"noopener\">activit\u00e9s d&rsquo;\u00e9cotourisme<\/a> et d&rsquo;<a title=\"Fiches des h\u00e9bergements d'\u00e9cotourisme\" href=\"http:\/\/residencedespins.ddns.net\/wordpress1\/?page_id=1366\" target=\"_blank\" rel=\"noopener\">h\u00e9bergements d&rsquo;\u00e9cotourisme<\/a> sous forme de fiches. On peut aussi contacter le bureau par email \u00e0 <a href=\"mailto:ragnivavae@laposte.net\">ragnivavae@laposte.net<\/a>, pour obtenir des renseignements, et utiliser ce <a title=\"Pr\u00e9-r\u00e9servation d\u2019un s\u00e9jour d\u2019\u00e9cotourisme\" href=\"http:\/\/residencedespins.ddns.net\/wordpress1\/?page_id=1429\" target=\"_blank\" rel=\"noopener\">formulaire<\/a>, pour effectuer des pr\u00e9-r\u00e9servations.<\/p>\n<p><span style=\"color: #ff0000;\">Chaque fois qu&rsquo;une nuit\u00e9e ou une prestation est pay\u00e9e, l&rsquo;association pr\u00e9l\u00e8ve la cotisation journali\u00e8re de membre de \u00abTe ui tama no Ragnivavae\u00bb. Ainsi le touriste ou visiteur de l&rsquo;\u00eele devient automatiquement un \u00e9cotouriste membre de l&rsquo;association qu&rsquo;il charge d&rsquo;organiser son s\u00e9jour et\/ou ses activit\u00e9s.<\/span><\/p>\n<ul>\n<li>\n<h1><span style=\"color: #3366ff;\">Un WEB-caf\u00e9 associatif<\/span><\/h1>\n<\/li>\n<\/ul>\n<p>Le paiement de la cotisation de membre de l&rsquo;association donne droit \u00e0 une heure d&rsquo;internet par jour durant la p\u00e9riode d\u2019adh\u00e9sion. Les cotisations (en XPF &#8211; Franc Pacifique Fran\u00e7ais &#8211; env. 120 pour 1 \u20ac) sont les suivantes:<\/p>\n<p><a href=\"http:\/\/residencedespins.ddns.net\/wordpress1\/wp-content\/uploads\/2015\/02\/Cotisations-de-membres-de-lassociation.jpg\" rel=\"shadowbox[sbpost-1319];player=img;\" title=\"Cotisations de membres de l'association\"><img decoding=\"async\" class=\"size-medium wp-image-1407\" title=\"Cotisations de membres de l'association\" src=\"wp-content\/uploads\/cache\/be326a19e5a765d26169df5679e77c1d.jpg\" alt=\"Cotisations de membres de l'association\" width=\"491\" \/><\/a><\/p>\n<p>Les autres prestations du WEB-caf\u00e9, n\u00e9cessitant d&rsquo;\u00eatre membre de l&rsquo;association, sont les suivantes:<\/p>\n<p><a href=\"http:\/\/residencedespins.ddns.net\/wordpress1\/wp-content\/uploads\/2015\/02\/Prestations-du-WEB-cafe.jpg\" rel=\"shadowbox[sbpost-1319];player=img;\" title=\"Prestations du WEB-caf\u00e9 associatif de Rairua\"><img decoding=\"async\" class=\"size-medium wp-image-1403\" title=\"Prestations du WEB-caf\u00e9\" src=\"wp-content\/uploads\/cache\/98e077ab2d309c87aee005d8d5d440ce.jpg\" alt=\"Prestations du WEB-caf\u00e9 associatif de Rairua\" width=\"273\" \/><\/a><\/p>\n<p>Les paiements sont effectu\u00e9s au comptant. Le paiement de la cotisation de membre de l&rsquo;association est pr\u00e9liminaire \u00e0 toute autre op\u00e9ration et donne le droit, si on le d\u00e9sire, \u00e0 une carte de membre personnalis\u00e9e.<\/p>\n<ul>\n<li>\n<h1><span style=\"color: #3366ff;\">Un \u00e9co-Snack associatif<\/span><\/h1>\n<\/li>\n<\/ul>\n<p>Nos charmantes h\u00f4tesses Hairi (Sayndie Tehahe) et Heinui (Heinui Terorotua) vous proposent les d\u00e9lices du snack (caf\u00e9, casse-cro\u00fbtes, g\u00e2teaux, pizzas, quiches, sodas, jus de fruits frais, paninis, etc.) que vous pourrez d\u00e9guster dans le joli cadre de l&rsquo;endroit, sous le <a title=\"Vue sur un citronnier de Raivavae\" href=\"http:\/\/residencedespins.ddns.net\/wordpress1\/wp-content\/uploads\/2016\/06\/28.png\" rel=\"shadowbox[sbpost-1319];player=img;\" target=\"_self\">citronnier<\/a> ou au <a title=\"Vue sur le lagon de Raivavae\" href=\"http:\/\/residencedespins.ddns.net\/wordpress1\/wp-content\/uploads\/2016\/06\/42.png\" rel=\"shadowbox[sbpost-1319];player=img;\" target=\"_self\">bord du lagon<\/a>.<\/p>\n\n\n<figure class=\"wp-block-video aligncenter\"><video controls src=\"http:\/\/residencedespins.ddns.net\/wordpress1\/wp-content\/uploads\/2025\/07\/Lever-du-jour-sur-le-lagon-de-Raivavae.mp4\"><\/video><figcaption class=\"wp-element-caption\">Lever du jour sur le lagon de Raivavae<\/figcaption><\/figure>\n\n\n\n<p>Un achat \u00e0 l&rsquo;\u00e9co-Snack comprend la cotisation journali\u00e8re de membre de l&rsquo;association d&rsquo;\u00e9cotourisme et donne donc droit, en plus, \u00e0 une heure gratuite d&rsquo;internet au WEB-Caf\u00e9.<\/p>\n","protected":false},"excerpt":{"rendered":"<p>L&rsquo;office d&rsquo;\u00e9cotourisme de Raivavae se situe \u00e0 Rairua dans l&rsquo;ancienne poste. Ce b\u00e2timent est mis \u00e0 disposition gratuitement \u00e0 l&rsquo;association \u00abTe ui tama no Ragnivavae\u00bb par la municipalit\u00e9 de Raivavae; un remerciement particulier \u00e0 Monsieur le maire, Joachim Tevaatua, sans qui rien n&rsquo;aurait \u00e9t\u00e9 possible. L&rsquo;office est compos\u00e9 de plusieurs parties et joue plusieurs r\u00f4les: [&hellip;]<\/p>\n","protected":false},"author":1,"featured_media":0,"parent":0,"menu_order":0,"comment_status":"closed","ping_status":"closed","template":"","meta":{"footnotes":""},"class_list":["post-1319","page","type-page","status-publish","hentry"],"_links":{"self":[{"href":"http:\/\/residencedespins.ddns.net\/wordpress1\/index.php?rest_route=\/wp\/v2\/pages\/1319","targetHints":{"allow":["GET"]}}],"collection":[{"href":"http:\/\/residencedespins.ddns.net\/wordpress1\/index.php?rest_route=\/wp\/v2\/pages"}],"about":[{"href":"http:\/\/residencedespins.ddns.net\/wordpress1\/index.php?rest_route=\/wp\/v2\/types\/page"}],"author":[{"embeddable":true,"href":"http:\/\/residencedespins.ddns.net\/wordpress1\/index.php?rest_route=\/wp\/v2\/users\/1"}],"replies":[{"embeddable":true,"href":"http:\/\/residencedespins.ddns.net\/wordpress1\/index.php?rest_route=%2Fwp%2Fv2%2Fcomments&post=1319"}],"version-history":[{"count":68,"href":"http:\/\/residencedespins.ddns.net\/wordpress1\/index.php?rest_route=\/wp\/v2\/pages\/1319\/revisions"}],"predecessor-version":[{"id":1654,"href":"http:\/\/residencedespins.ddns.net\/wordpress1\/index.php?rest_route=\/wp\/v2\/pages\/1319\/revisions\/1654"}],"wp:attachment":[{"href":"http:\/\/residencedespins.ddns.net\/wordpress1\/index.php?rest_route=%2Fwp%2Fv2%2Fmedia&parent=1319"}],"curies":[{"name":"wp","href":"https:\/\/api.w.org\/{rel}","templated":true}]}}