{"id":132,"date":"2009-09-09T14:37:13","date_gmt":"2009-09-09T12:37:13","guid":{"rendered":"http:\/\/residencedespins.ddns.net\/wordpress1\/?page_id=132"},"modified":"2025-07-18T18:50:11","modified_gmt":"2025-07-18T16:50:11","slug":"le-voyage-geneve-raivavae","status":"publish","type":"page","link":"http:\/\/residencedespins.ddns.net\/wordpress1\/?page_id=132","title":{"rendered":"Le voyage Gen\u00e8ve-Raivavae"},"content":{"rendered":"\n<pre class=\"wp-block-code\"><code><\/code><\/pre>\n\n\n\n<figure class=\"wp-block-video aligncenter\"><video controls src=\"http:\/\/residencedespins.ddns.net\/wordpress1\/wp-content\/uploads\/2025\/07\/Le-voyage-Geneve-Raivavae.mp4\"><\/video><figcaption class=\"wp-element-caption\">Le voyage Gen\u00e8ve-Raivavae par les airs<\/figcaption><\/figure>\n\n\n<p>\u00a0<\/p>\n<hr \/>\n\n<ol>\n<li>Rendez-vous dans le hall central de la gare Cornavin de Gen\u00e8ve<\/li>\n<li>D\u00e9part en train pour l&rsquo;a\u00e9roport international de Gen\u00e8ve-Cointrin<\/li>\n<li>D\u00e9but du long trajet avec le vol pour l&rsquo;a\u00e9roport international de Paris-Roissy\/Charles de Gaulle<\/li>\n<li>Ensuite le plus long vol jusqu&rsquo;\u00e0 l&rsquo;a\u00e9roport international de Los Angeles<\/li>\n<li>Encore un grand vol pour l&rsquo;a\u00e9roport international de Tahiti-Faaa<\/li>\n<li>Finalement encore un dernier vol pour l&rsquo;a\u00e9roport de Raivavae<\/li>\n<\/ol>\n<hr \/>\n<p>Les musiques et chants sont tir\u00e9s du CD \u00abTAMARII TOREA\u00bb de Studio7-Papeete<\/p>\n<hr \/>","protected":false},"excerpt":{"rendered":"<p>\u00a0 Rendez-vous dans le hall central de la gare Cornavin de Gen\u00e8ve D\u00e9part en train pour l&rsquo;a\u00e9roport international de Gen\u00e8ve-Cointrin D\u00e9but du long trajet avec le vol pour l&rsquo;a\u00e9roport international de Paris-Roissy\/Charles de Gaulle Ensuite le plus long vol jusqu&rsquo;\u00e0 l&rsquo;a\u00e9roport international de Los Angeles Encore un grand vol pour l&rsquo;a\u00e9roport international de Tahiti-Faaa Finalement [&hellip;]<\/p>\n","protected":false},"author":1,"featured_media":0,"parent":2,"menu_order":118,"comment_status":"closed","ping_status":"open","template":"","meta":{"footnotes":""},"class_list":["post-132","page","type-page","status-publish","hentry"],"_links":{"self":[{"href":"http:\/\/residencedespins.ddns.net\/wordpress1\/index.php?rest_route=\/wp\/v2\/pages\/132","targetHints":{"allow":["GET"]}}],"collection":[{"href":"http:\/\/residencedespins.ddns.net\/wordpress1\/index.php?rest_route=\/wp\/v2\/pages"}],"about":[{"href":"http:\/\/residencedespins.ddns.net\/wordpress1\/index.php?rest_route=\/wp\/v2\/types\/page"}],"author":[{"embeddable":true,"href":"http:\/\/residencedespins.ddns.net\/wordpress1\/index.php?rest_route=\/wp\/v2\/users\/1"}],"replies":[{"embeddable":true,"href":"http:\/\/residencedespins.ddns.net\/wordpress1\/index.php?rest_route=%2Fwp%2Fv2%2Fcomments&post=132"}],"version-history":[{"count":36,"href":"http:\/\/residencedespins.ddns.net\/wordpress1\/index.php?rest_route=\/wp\/v2\/pages\/132\/revisions"}],"predecessor-version":[{"id":1651,"href":"http:\/\/residencedespins.ddns.net\/wordpress1\/index.php?rest_route=\/wp\/v2\/pages\/132\/revisions\/1651"}],"up":[{"embeddable":true,"href":"http:\/\/residencedespins.ddns.net\/wordpress1\/index.php?rest_route=\/wp\/v2\/pages\/2"}],"wp:attachment":[{"href":"http:\/\/residencedespins.ddns.net\/wordpress1\/index.php?rest_route=%2Fwp%2Fv2%2Fmedia&parent=132"}],"curies":[{"name":"wp","href":"https:\/\/api.w.org\/{rel}","templated":true}]}}