{"id":1526,"date":"2016-12-06T19:45:11","date_gmt":"2016-12-06T17:45:11","guid":{"rendered":"http:\/\/residencedespins.ddns.net\/wordpress1\/?page_id=1526"},"modified":"2025-07-19T16:41:57","modified_gmt":"2025-07-19T14:41:57","slug":"orero-en-langue-de-raivavae-par-le-jeune-raimoana-tetuamanuhiri-en-2016","status":"publish","type":"page","link":"http:\/\/residencedespins.ddns.net\/wordpress1\/?page_id=1526","title":{"rendered":"Orero en langue de Raivavae par le jeune Raimoana Tetuamanuhiri en 2016"},"content":{"rendered":"<p>Le Orero est l\u2019art de manier la parole, l\u2019art du discours. Le terme d\u00e9signe \u00e9galement l&rsquo;essence du parler, l&rsquo;\u00e9loquence, la rh\u00e9torique. C\u2019est une pratique ancestrale r\u00e9serv\u00e9e de tous temps aux adultes et particuli\u00e8rement aux hommes. Celui qui en avait la maitrise, apr\u00e8s une formation intensive et l\u2019acquisition des codes linguistiques, sociaux et culturels, devenait alors le porte-parole privil\u00e9gi\u00e9 de la communaut\u00e9 et celui de la royaut\u00e9.<\/p>\n\n\n<figure class=\"wp-block-video aligncenter\"><video controls src=\"http:\/\/residencedespins.ddns.net\/wordpress1\/wp-content\/uploads\/2025\/07\/Orero-2016-Raimoana-Tetuamanuhiri.mp4\"><\/video><figcaption class=\"wp-element-caption\">Orero 2016 &#8211; Raimoana Tetuamanuhiri<\/figcaption><\/figure>\n\n\n\n<p class=\"has-text-align-right\"><a href=\"http:\/\/polynesie.la1ere.fr\/emissions\/ora-no-te-motu\/\">Polyn\u00e9sie 1\u00e8re<\/a><\/p>\n","protected":false},"excerpt":{"rendered":"<p>Le Orero est l\u2019art de manier la parole, l\u2019art du discours. Le terme d\u00e9signe \u00e9galement l&rsquo;essence du parler, l&rsquo;\u00e9loquence, la rh\u00e9torique. C\u2019est une pratique ancestrale r\u00e9serv\u00e9e de tous temps aux adultes et particuli\u00e8rement aux hommes. Celui qui en avait la maitrise, apr\u00e8s une formation intensive et l\u2019acquisition des codes linguistiques, sociaux et culturels, devenait alors [&hellip;]<\/p>\n","protected":false},"author":1,"featured_media":0,"parent":2,"menu_order":210,"comment_status":"closed","ping_status":"open","template":"","meta":{"footnotes":""},"class_list":["post-1526","page","type-page","status-publish","hentry"],"_links":{"self":[{"href":"http:\/\/residencedespins.ddns.net\/wordpress1\/index.php?rest_route=\/wp\/v2\/pages\/1526","targetHints":{"allow":["GET"]}}],"collection":[{"href":"http:\/\/residencedespins.ddns.net\/wordpress1\/index.php?rest_route=\/wp\/v2\/pages"}],"about":[{"href":"http:\/\/residencedespins.ddns.net\/wordpress1\/index.php?rest_route=\/wp\/v2\/types\/page"}],"author":[{"embeddable":true,"href":"http:\/\/residencedespins.ddns.net\/wordpress1\/index.php?rest_route=\/wp\/v2\/users\/1"}],"replies":[{"embeddable":true,"href":"http:\/\/residencedespins.ddns.net\/wordpress1\/index.php?rest_route=%2Fwp%2Fv2%2Fcomments&post=1526"}],"version-history":[{"count":5,"href":"http:\/\/residencedespins.ddns.net\/wordpress1\/index.php?rest_route=\/wp\/v2\/pages\/1526\/revisions"}],"predecessor-version":[{"id":1939,"href":"http:\/\/residencedespins.ddns.net\/wordpress1\/index.php?rest_route=\/wp\/v2\/pages\/1526\/revisions\/1939"}],"up":[{"embeddable":true,"href":"http:\/\/residencedespins.ddns.net\/wordpress1\/index.php?rest_route=\/wp\/v2\/pages\/2"}],"wp:attachment":[{"href":"http:\/\/residencedespins.ddns.net\/wordpress1\/index.php?rest_route=%2Fwp%2Fv2%2Fmedia&parent=1526"}],"curies":[{"name":"wp","href":"https:\/\/api.w.org\/{rel}","templated":true}]}}