{"id":341,"date":"2010-06-18T14:49:39","date_gmt":"2010-06-18T12:49:39","guid":{"rendered":"http:\/\/residencedespins.ddns.net\/wordpress1\/?page_id=341"},"modified":"2014-08-19T14:33:36","modified_gmt":"2014-08-19T12:33:36","slug":"les-formalites","status":"publish","type":"page","link":"http:\/\/residencedespins.ddns.net\/wordpress1\/?page_id=341","title":{"rendered":"Les formalit\u00e9s"},"content":{"rendered":"<p>Pour commencer, et avant toutes choses, assurez-vous que votre passeport est encore valable et qu&rsquo;il couvre valablement la p\u00e9riode du s\u00e9jour (pour les USA votre passeport doit encore \u00eatre valable six mois apr\u00e8s la date de votre retour). Si vous \u00eates dans cette obligation assurez-vous d&rsquo;avoir les visas n\u00e9cessaires. Pensez aussi que l\u2019obtention ou le renouvellement d&rsquo;un passeport ou l&rsquo;obtention d\u2019un visa peut prendre plusieurs jours voire plusieures semaines, donc assurez-vous d&rsquo;\u00eatre en r\u00e8gle \u00e0 temps.<\/p>\n<h2><span style=\"text-decoration: underline;\">Formalit\u00e9s li\u00e9es au transit par Los Angeles aux USA<\/span><\/h2>\n<ul>\n<li>\n<h3>Pour les suisses<\/h3>\n<\/li>\n<\/ul>\n<p>Pour transiter aux USA sans visa, les seuls documents suisses autoris\u00e9s \u00e0 l&rsquo;heure actuelle par les Etats-Unis sont le passeport 2006 (passeport biom\u00e9trique muni d&rsquo;une puce) et les passeports 2003 \u00e9mis avant le 26 octobre 2005. Dans tous les autres cas il conviendra d&rsquo;obtenir un nouveau passeport ou un visa.<\/p>\n<p><a href=\"http:\/\/residencedespins.ddns.net\/wordpress1\/wp-content\/uploads\/2010\/06\/Passeports-suisses.jpg\" rel=\"shadowbox[sbpost-341];player=img;\"><img loading=\"lazy\" decoding=\"async\"  class=\"alignnone size-full wp-image-358\" title=\"Les passeports suisses\" src=\"http:\/\/residencedespins.ddns.net\/wordpress1\/wp-content\/uploads\/2010\/06\/Passeports-suisses.jpg\" alt=\"Les passeports suisses\" width=\"509\" height=\"130\" srcset=\"http:\/\/residencedespins.ddns.net\/wordpress1\/wp-content\/uploads\/2010\/06\/Passeports-suisses.jpg 509w, http:\/\/residencedespins.ddns.net\/wordpress1\/wp-content\/uploads\/2010\/06\/Passeports-suisses-300x76.jpg 300w\" sizes=\"auto, (max-width: 509px) 100vw, 509px\" \/><\/a><\/p>\n<p>En plus \u00e0 partir du 12 janvier 2009, les voyageurs suisses se rendant aux Etats-Unis en transit doivent obtenir une autorisation de voyage pr\u00e9alablement \u00e0 leur d\u00e9part. Cette autorisation devra \u00eatre sollicit\u00e9e sur ce <a title=\"ESTA\" href=\"https:\/\/esta.cbp.dhs.gov\" target=\"_blank\">site s\u00e9curis\u00e9<\/a>.<\/p>\n<p>Une demande peut \u00eatre soumise \u00e0 tout moment avant un voyage aux Etats-Unis. Cependant, un d\u00e9lai minimum de 72 heures avant le d\u00e9part est vivement recommand\u00e9. Une fois accord\u00e9e, et \u00e0 moins d\u2019\u00eatre annul\u00e9e, une autorisation de voyage est valable deux ans \u00e0 compter de la date d\u2019autorisation, ou jusqu\u2019\u00e0 la date d\u2019expiration du passeport, si celui-ci expire avant les deux ann\u00e9es d\u2019autorisation.<\/p>\n<p>Une preuve de cette autorisation sera exig\u00e9e \u00e0 l\u2019enregistrement, sous peine de se voir refuser l\u2019embarquement. Il est donc demand\u00e9 aux voyageurs de conserver avec eux une version imprim\u00e9e de leur autorisation \u00e0 chaque voyage \u00e0 destination ou en transit aux Etats-Unis.<\/p>\n<p>Il est par ailleurs recommand\u00e9 aux voyageurs de mettre \u00e0 jour, avant tout nouveau voyage via ou vers les Etats-Unis, leur autorisation pr\u00e9alablement accord\u00e9e sur Internet, \u00e0 l\u2019aide de leur num\u00e9ro de dossier ESTA.<\/p>\n<p>Il sera n\u00e9anmoins n\u00e9cessaire de remplir un petit formulaire suppl\u00e9mentaire d&rsquo;immigration qui vous sera fourni dans l&rsquo;avion. Muni de tous ces documents vous devrez vous pr\u00e9senter lors du transit \u00e0 Los Angeles aux autorit\u00e9s am\u00e9ricaines, qui prendront une photo de votre visage et qui r\u00e9aliseront la num\u00e9risation de vos empreintes digitales.<\/p>\n<ul>\n<li>\n<h3>Pour les fran\u00e7ais et les membres de l&rsquo;union europ\u00e9enne<\/h3>\n<\/li>\n<\/ul>\n<p>Depuis le 1er juillet 2009, pour transiter aux USA sans visa, tous les passeports fran\u00e7ais d\u00e9livr\u00e9s apr\u00e8s le 26 octobre 2006 doivent \u00eatre des passeports \u00e9lectroniques avec puce int\u00e9gr\u00e9e. Les passeports lisibles en machine d\u00e9livr\u00e9s ou renouvel\u00e9s entre le 26 octobre 2005 et le 25 octobre 2006 doivent avoir une photo num\u00e9rique imprim\u00e9e sur la page d&rsquo;identification. Les passeports lisibles en machine d\u00e9livr\u00e9s ou renouvel\u00e9s avant le 26 octobre 2005 n&rsquo;ont pas d&rsquo;autres exigences.<\/p>\n<p><a href=\"http:\/\/residencedespins.ddns.net\/wordpress1\/wp-content\/uploads\/2010\/06\/Passeport-fran\u00e7ais.jpg\" rel=\"shadowbox[sbpost-341];player=img;\"><img loading=\"lazy\" decoding=\"async\"  class=\"alignnone size-medium wp-image-364\" title=\"Passeport fran\u00e7ais\" src=\"http:\/\/residencedespins.ddns.net\/wordpress1\/wp-content\/uploads\/2010\/06\/Passeport-fran\u00e7ais-300x225.jpg\" alt=\"Passeport fran\u00e7ais\" width=\"300\" height=\"225\" srcset=\"http:\/\/residencedespins.ddns.net\/wordpress1\/wp-content\/uploads\/2010\/06\/Passeport-fran\u00e7ais-300x225.jpg 300w, http:\/\/residencedespins.ddns.net\/wordpress1\/wp-content\/uploads\/2010\/06\/Passeport-fran\u00e7ais.jpg 500w\" sizes=\"auto, (max-width: 300px) 100vw, 300px\" \/><\/a><\/p>\n<p>De plus \u00e0 partir du 12 janvier 2009, les voyageurs fran\u00e7ais se rendant aux Etats-Unis en transit doivent obtenir une autorisation de voyage pr\u00e9alablement \u00e0 leur d\u00e9part. Cette autorisation devra \u00eatre sollicit\u00e9e sur ce <a title=\"ESTA\" href=\"https:\/\/esta.cbp.dhs.gov\" target=\"_blank\">site s\u00e9curis\u00e9<\/a>.<\/p>\n<p>Une demande peut \u00eatre soumise \u00e0 tout moment avant un voyage aux Etats-Unis. Cependant, un d\u00e9lai minimum de 72 heures avant le d\u00e9part est vivement recommand\u00e9. Une fois accord\u00e9e, et \u00e0 moins d\u2019\u00eatre annul\u00e9e, une autorisation de voyage est valable deux ans \u00e0 compter de la date d\u2019autorisation, ou jusqu\u2019\u00e0 la date d\u2019expiration du passeport, si celui-ci expire avant les deux ann\u00e9es d\u2019autorisation.<\/p>\n<p>Une preuve de cette autorisation sera exig\u00e9e \u00e0 l\u2019enregistrement, sous peine de se voir refuser l\u2019embarquement. Il est donc demand\u00e9 aux voyageurs de conserver avec eux une version imprim\u00e9e de leur autorisation \u00e0 chaque voyage \u00e0 destination ou en transit aux Etats-Unis.<\/p>\n<p>Il est par ailleurs recommand\u00e9 aux voyageurs de\u00a0 mettre \u00e0 jour, avant tout nouveau voyage via ou vers les Etats-Unis, leur autorisation pr\u00e9alablement accord\u00e9e sur Internet, \u00e0 l\u2019aide de leur num\u00e9ro de dossier ESTA.<\/p>\n<p>Il sera n\u00e9anmoins n\u00e9cessaire de remplir un petit formulaire suppl\u00e9mentaire d&rsquo;immigration qui vous sera fourni dans l&rsquo;avion. Muni de tous ces documents vous devrez vous pr\u00e9senter lors du transit \u00e0 Los Angeles aux autorit\u00e9s am\u00e9ricaines, qui prendront une photo de votre visage et qui r\u00e9aliseront la num\u00e9risation de vos empreintes digitales.<\/p>\n<ul>\n<li>\n<h3>Pour les autres<\/h3>\n<\/li>\n<\/ul>\n<p>Se renseigner aupr\u00e8s des autorit\u00e9s comp\u00e9tentes comme les ambassades. Nous sommes aussi l\u00e0 pour vous aider le cas \u00e9ch\u00e9ant.<\/p>\n<h2><span style=\"text-decoration: underline;\">Formalit\u00e9s pour le s\u00e9jour en Polyn\u00e9sie fran\u00e7aise<\/span><\/h2>\n<ul>\n<li>\n<h3>Pour les suisses<\/h3>\n<\/li>\n<\/ul>\n<p>Les voyageurs suisses devront remplir un petit formulaire, distribu\u00e9 dans l&rsquo;avion, qui leur permettra d&rsquo;entrer sur le sol polyn\u00e9sien.<\/p>\n<ul>\n<li>\n<h3>Pour les fran\u00e7ais<\/h3>\n<\/li>\n<\/ul>\n<p>Aucune formalit\u00e9 n&rsquo;est n\u00e9cessaire pour les fran\u00e7ais, la carte d&rsquo;identit\u00e9 nationale est suffisante.<\/p>\n<ul>\n<li>\n<h3>Pour les autres<\/h3>\n<\/li>\n<\/ul>\n<p>Se renseigner aupr\u00e8s des autorit\u00e9s comp\u00e9tentes comme les ambassades. Nous sommes aussi l\u00e0 pour vous aider le cas \u00e9ch\u00e9ant.<\/p>\n<p style=\"text-align: right;\"><a href=\"http:\/\/residencedespins.ddns.net\/wordpress1\/?page_id=341&amp;print=1\" title=\"Imprimer cet article\" rel=\"nofollow\">Imprimer cet article<\/a><\/p>\n","protected":false},"excerpt":{"rendered":"<p>Pour commencer, et avant toutes choses, assurez-vous que votre passeport est encore valable et qu&rsquo;il couvre valablement la p\u00e9riode du s\u00e9jour (pour les USA votre passeport doit encore \u00eatre valable six mois apr\u00e8s la date de votre retour). Si vous \u00eates dans cette obligation assurez-vous d&rsquo;avoir les visas n\u00e9cessaires. Pensez aussi que l\u2019obtention ou le [&hellip;]<\/p>\n","protected":false},"author":1,"featured_media":0,"parent":151,"menu_order":401,"comment_status":"closed","ping_status":"open","template":"","meta":{"footnotes":""},"class_list":["post-341","page","type-page","status-publish","hentry"],"_links":{"self":[{"href":"http:\/\/residencedespins.ddns.net\/wordpress1\/index.php?rest_route=\/wp\/v2\/pages\/341","targetHints":{"allow":["GET"]}}],"collection":[{"href":"http:\/\/residencedespins.ddns.net\/wordpress1\/index.php?rest_route=\/wp\/v2\/pages"}],"about":[{"href":"http:\/\/residencedespins.ddns.net\/wordpress1\/index.php?rest_route=\/wp\/v2\/types\/page"}],"author":[{"embeddable":true,"href":"http:\/\/residencedespins.ddns.net\/wordpress1\/index.php?rest_route=\/wp\/v2\/users\/1"}],"replies":[{"embeddable":true,"href":"http:\/\/residencedespins.ddns.net\/wordpress1\/index.php?rest_route=%2Fwp%2Fv2%2Fcomments&post=341"}],"version-history":[{"count":23,"href":"http:\/\/residencedespins.ddns.net\/wordpress1\/index.php?rest_route=\/wp\/v2\/pages\/341\/revisions"}],"predecessor-version":[{"id":1307,"href":"http:\/\/residencedespins.ddns.net\/wordpress1\/index.php?rest_route=\/wp\/v2\/pages\/341\/revisions\/1307"}],"up":[{"embeddable":true,"href":"http:\/\/residencedespins.ddns.net\/wordpress1\/index.php?rest_route=\/wp\/v2\/pages\/151"}],"wp:attachment":[{"href":"http:\/\/residencedespins.ddns.net\/wordpress1\/index.php?rest_route=%2Fwp%2Fv2%2Fmedia&parent=341"}],"curies":[{"name":"wp","href":"https:\/\/api.w.org\/{rel}","templated":true}]}}