{"id":344,"date":"2010-06-18T14:51:46","date_gmt":"2010-06-18T12:51:46","guid":{"rendered":"http:\/\/residencedespins.ddns.net\/wordpress1\/?page_id=344"},"modified":"2010-07-13T18:22:43","modified_gmt":"2010-07-13T16:22:43","slug":"les-activites","status":"publish","type":"page","link":"http:\/\/residencedespins.ddns.net\/wordpress1\/?page_id=344","title":{"rendered":"Les activit\u00e9s"},"content":{"rendered":"<h2><span style=\"text-decoration: underline;\">Artisanat<\/span><\/h2>\n<ul>\n<li>Colliers de \u00abTurina\u00bb<\/li>\n<\/ul>\n<p>C&rsquo;est une graine noire que les polyn\u00e9siens utilisent pour confectionner des colliers, des couronnes et des costumes de danses.<\/p>\n<ul>\n<li>Colliers de \u00abOpaero\u00bb<\/li>\n<\/ul>\n<p>Perles grises qui poussent dans des endroits mar\u00e9cageux de l&rsquo;\u00eele.<\/p>\n<ul>\n<li>Couronne de t\u00eate et fleur \u00e0 l&rsquo;oreille en \u00abPurau\u00bb<\/li>\n<\/ul>\n<p>Ce sont des produits fabriqu\u00e9s avec l&rsquo;\u00e9corce du purau, qui est utilis\u00e9e pour diverses autres confections artisanales.<\/p>\n<ul>\n<li>Couronne de t\u00eate de \u00abOra\u00bb<\/li>\n<\/ul>\n<p>Un produit issu de la racine de l&rsquo;arbre d&rsquo;ora (un bagnon).<\/p>\n<ul>\n<li>Couronne de \u00abPupu\u00bb<\/li>\n<\/ul>\n<p>Ce sont des coquillages qu&rsquo;il faut extraire de la terre et qui se trouvent uniquement sur les motu de l&rsquo;\u00eele.<\/p>\n<ul>\n<li>Produits confectionn\u00e9s \u00e0 partir des feuilles de pandanus s\u00e9ch\u00e9es<\/li>\n<\/ul>\n<p>Comme les \u00e9ventails, les chapeaux, les paniers, les sous-plats, les pochettes vini.<\/p>\n<ul>\n<li>Produits fabriqu\u00e9s \u00e0 partir des bois locaux<\/li>\n<\/ul>\n<p>Comme les pirogues en miniatures, les tiki en miniatures, les piques-cheveux.<\/p>\n<ul>\n<li>D\u00e9monstration de la construction d&rsquo;une pirogue Raivavae<\/li>\n<\/ul>\n<p>Les pirogues traditionnelles de l&rsquo;\u00eele sont toujours utilis\u00e9es.<\/p>\n<ul>\n<li>Couronne de fleurs<\/li>\n<\/ul>\n<p>Couronnes confectionn\u00e9es avec les diff\u00e9rentes fleurs de l&rsquo;\u00eele.<\/p>\n<h2><span style=\"text-decoration: underline;\">Culture<\/span><\/h2>\n<ul>\n<li>Animations<\/li>\n<\/ul>\n<p>Animation de chants (guitares, ukul\u00e9l\u00e9), danses traditionnelles, d\u00e9monstration de l&rsquo;attache du par\u00e9o, spectacles de danses.<\/p>\n<h2><span style=\"text-decoration: underline;\">Les journ\u00e9es \u00e0 th\u00e8mes <\/span><\/h2>\n<p>Les journ\u00e9es \u00e0 th\u00e8mes sont organis\u00e9es par chaque villages de l&rsquo;\u00eele.<\/p>\n<ul>\n<li>Rairua: <a name=\"manioc\"><\/a>Journ\u00e9e du manioc<\/li>\n<\/ul>\n<p>Le manioc est une plante qui pousse un peu partout sur l&rsquo;\u00eele de Raivavae et que ses habitants utilisent pour faire du poe, de l&rsquo;amidon, du popoi, des gratins, etc. Cette journ\u00e9e vous fait d\u00e9couvrir comment planter le manioc, ainsi que ses diff\u00e9rents modes de cuisson. Vous d\u00e9gusterez du popoi pour le go\u00fbter, du poe comme dessert pour le d\u00e9jeuner, du gratin comme plat pour le diner en accompagnement du poisson frit ou du poulet.<\/p>\n<ul>\n<li>Vaiuru: <a name=\"banane\"><\/a>Journ\u00e9e de la banane<\/li>\n<\/ul>\n<p>La banane est un fruit d\u00e9licieux qu&rsquo;on pr\u00e9pare pour faire des cr\u00eapes, du poe, des g\u00e2teaux. Du bananier on utilise aussi ses feuilles, dans le four tahitien pour couvrir et cuire la nourriture, mais aussi pour faire les costumes de danse. Vous d\u00e9gusterez un g\u00e2teau de bananes pour le go\u00fbter, des cr\u00eapes et du poe comme dessert pour le d\u00e9jeuner et le d\u00eener.<\/p>\n<ul>\n<li>Mahanatoa: <a name=\"tarot\"><\/a>Journ\u00e9e du taro<\/li>\n<\/ul>\n<p>Le taro est une plante tr\u00e8s riche avec laquelle les Raivavae pr\u00e9parent diff\u00e9rents plats comme le popoi, le poe, le fafa, les frites, le rago\u00fbt, les gratins, etc. Vous d\u00e9gusterez le poe et les frites pour le go\u00fbter, le fafa, le rago\u00fbt et le gratin pour le d\u00e9jeuner et le diner, accompagn\u00e9 de porc, de poulet, de concombres de mer, etc.<\/p>\n<ul>\n<li>Anatonu: <a name=\"raivavae\"><\/a>Journ\u00e9e de Raivavae<\/li>\n<\/ul>\n<p>Encore \u00e0 d\u00e9finir.<\/p>\n<h2><span style=\"text-decoration: underline;\">Arch\u00e9ologie, l\u00e9gendes, histoire<\/span><\/h2>\n<ul>\n<li>Sites arch\u00e9ologiques<\/li>\n<\/ul>\n<p>Le marae &lsquo;est un lieu, qui autrefois \u00e9tait tr\u00e8s sacr\u00e9 pour les habitants de Raivavae. Pr\u00e9sentation par un guide-orateur.<\/p>\n<h2><span style=\"text-decoration: underline;\">Sites naturels<\/span><\/h2>\n<ul>\n<li>Motu\/lagon<\/li>\n<\/ul>\n<p>Plusieurs motu, avec activit\u00e9s nautiques et autres. D\u00e9placements en bateaux\/pirogues<\/p>\n<ul>\n<li>Excursion en mer<\/li>\n<\/ul>\n<p>D\u00e9placement sur trois bateaux.<\/p>\n<ul>\n<li>Tour de l&rsquo;\u00eele<\/li>\n<\/ul>\n<p>Transport commun en bus\/cars avec animations\/pr\u00e9sentations.<\/p>\n<ul>\n<li><a name=\"randonnees\"><\/a>Randonn\u00e9es<\/li>\n<\/ul>\n<p>Randonn\u00e9es sur le mont Hiro, point culminant de Raivavae et sur la route traversi\u00e8re avec un guide professionnel sur deux jours pour d\u00e9couvrir en m\u00eame temps la faune et la flore.<\/p>\n<h2><span style=\"text-decoration: underline;\">Activit\u00e9s optionelles<\/span><\/h2>\n<ul>\n<li><a name=\"nuits\"><\/a>Nuits sur le motu<\/li>\n<\/ul>\n<p>En version confort dans un fare sur le motu \u00e9quip\u00e9 (lit, etc.), en version aventure sous tente avec un peue \u00e0 la tradition Raivavae. Veill\u00e9e autour d&rsquo;un feu de camp, contes, l\u00e9gende, et chants typiques de Raivavae ukul\u00e9l\u00e9, guitares, etc. P\u00eache du soir au filet (pose du filet tout pr\u00e8s du r\u00e9cif que l&rsquo;on retire le lendemain matin) et p\u00eache aux langoustes (au clair de lune avec nos petits sceaux et nos sandales sur le r\u00e9cif). La journ\u00e9e on p\u00eache les b\u00e9nitiers, les oursins, au havae, les concombres de mer. Ramassage des coquillages sur la plage au bord de la mer. Tressage de niau (feuille du cocotier) pour faire des chapeaux, des t\u00f4les\/panneaux, des paniers, etc.<\/p>\n","protected":false},"excerpt":{"rendered":"<p>Artisanat Colliers de \u00abTurina\u00bb C&rsquo;est une graine noire que les polyn\u00e9siens utilisent pour confectionner des colliers, des couronnes et des costumes de danses. Colliers de \u00abOpaero\u00bb Perles grises qui poussent dans des endroits mar\u00e9cageux de l&rsquo;\u00eele. Couronne de t\u00eate et fleur \u00e0 l&rsquo;oreille en \u00abPurau\u00bb Ce sont des produits fabriqu\u00e9s avec l&rsquo;\u00e9corce du purau, qui [&hellip;]<\/p>\n","protected":false},"author":1,"featured_media":0,"parent":151,"menu_order":403,"comment_status":"closed","ping_status":"open","template":"","meta":{"footnotes":""},"class_list":["post-344","page","type-page","status-publish","hentry"],"_links":{"self":[{"href":"http:\/\/residencedespins.ddns.net\/wordpress1\/index.php?rest_route=\/wp\/v2\/pages\/344","targetHints":{"allow":["GET"]}}],"collection":[{"href":"http:\/\/residencedespins.ddns.net\/wordpress1\/index.php?rest_route=\/wp\/v2\/pages"}],"about":[{"href":"http:\/\/residencedespins.ddns.net\/wordpress1\/index.php?rest_route=\/wp\/v2\/types\/page"}],"author":[{"embeddable":true,"href":"http:\/\/residencedespins.ddns.net\/wordpress1\/index.php?rest_route=\/wp\/v2\/users\/1"}],"replies":[{"embeddable":true,"href":"http:\/\/residencedespins.ddns.net\/wordpress1\/index.php?rest_route=%2Fwp%2Fv2%2Fcomments&post=344"}],"version-history":[{"count":14,"href":"http:\/\/residencedespins.ddns.net\/wordpress1\/index.php?rest_route=\/wp\/v2\/pages\/344\/revisions"}],"predecessor-version":[{"id":439,"href":"http:\/\/residencedespins.ddns.net\/wordpress1\/index.php?rest_route=\/wp\/v2\/pages\/344\/revisions\/439"}],"up":[{"embeddable":true,"href":"http:\/\/residencedespins.ddns.net\/wordpress1\/index.php?rest_route=\/wp\/v2\/pages\/151"}],"wp:attachment":[{"href":"http:\/\/residencedespins.ddns.net\/wordpress1\/index.php?rest_route=%2Fwp%2Fv2%2Fmedia&parent=344"}],"curies":[{"name":"wp","href":"https:\/\/api.w.org\/{rel}","templated":true}]}}