{"id":444,"date":"2010-07-14T11:31:27","date_gmt":"2010-07-14T09:31:27","guid":{"rendered":"http:\/\/residencedespins.ddns.net\/wordpress1\/?page_id=444"},"modified":"2010-07-15T10:15:35","modified_gmt":"2010-07-15T08:15:35","slug":"carte-des-villages","status":"publish","type":"page","link":"http:\/\/residencedespins.ddns.net\/wordpress1\/?page_id=444","title":{"rendered":"Carte des villages"},"content":{"rendered":"<p>Pour obtenir le nom d&rsquo;un village, d\u00e9placez la souris sur son ic\u00f4ne sur la carte ci-dessous, et pour obtenir plus d&rsquo;informations, cliquez sur cette derni\u00e8re.<a href=\"http:\/\/residencedespins.ddns.net\/wordpress1\/wp-content\/uploads\/2010\/07\/Raivavae-carte-villages.jpg\" rel=\"shadowbox[sbpost-444];player=img;\" title=\"Carte des villages de Raivavae\"><img loading=\"lazy\" decoding=\"async\" src=\"wp-content\/uploads\/cache\/ffca9de539a34286a95c04b17e89697d.jpg\" alt=\"Carte des villages de Raivavae\" title=\"Carte des villages de Raivavae\" width=\"491\" height=\"351\" usemap=\"#carte\" class='PxgGlobalImage'><\/a><\/p>\n<map name=carte>\n<area shape=circle coords=\"117,163,15\" alt=\"Le village de Raiura\" title=\"Le village de Raiura\" href=\"http:\/\/residencedespins.ddns.net\/wordpress1\/wp-gallery\/carte\/raiura\/index.html\" target=photo>\n<area shape=circle coords=\"176,127,15\" alt=\"Le village de Mahanatoa\" title=\"Le village de Mahanatoa\" href=\"http:\/\/residencedespins.ddns.net\/wordpress1\/wp-gallery\/carte\/mahanatoa\/index.html\" target=photo>\n<area shape=circle coords=\"290,97,15\" alt=\"Le village de Anatonu\" title=\"Le village de Anatonu\" href=\"http:\/\/residencedespins.ddns.net\/wordpress1\/wp-gallery\/carte\/anatonu\/index.html\" target=photo>\n<area shape=circle coords=\"277,180,15\" alt=\"Le village de Vaiuru\" title=\"Le village de Vaiuru\" href=\"http:\/\/residencedespins.ddns.net\/wordpress1\/wp-gallery\/carte\/vaiuru\/index.html\" target=photo><\/map>\n<p><IFRAME name=photo align=\"right\" width=\"491\" height=\"368\" marginheight=\"0\" marginwidth=\"0\" frameborder=\"0\"><\/IFRAME> <\/p>\n","protected":false},"excerpt":{"rendered":"<p>Pour obtenir le nom d&rsquo;un village, d\u00e9placez la souris sur son ic\u00f4ne sur la carte ci-dessous, et pour obtenir plus d&rsquo;informations, cliquez sur cette derni\u00e8re.<\/p>\n","protected":false},"author":1,"featured_media":0,"parent":160,"menu_order":602,"comment_status":"closed","ping_status":"open","template":"","meta":{"footnotes":""},"class_list":["post-444","page","type-page","status-publish","hentry"],"_links":{"self":[{"href":"http:\/\/residencedespins.ddns.net\/wordpress1\/index.php?rest_route=\/wp\/v2\/pages\/444","targetHints":{"allow":["GET"]}}],"collection":[{"href":"http:\/\/residencedespins.ddns.net\/wordpress1\/index.php?rest_route=\/wp\/v2\/pages"}],"about":[{"href":"http:\/\/residencedespins.ddns.net\/wordpress1\/index.php?rest_route=\/wp\/v2\/types\/page"}],"author":[{"embeddable":true,"href":"http:\/\/residencedespins.ddns.net\/wordpress1\/index.php?rest_route=\/wp\/v2\/users\/1"}],"replies":[{"embeddable":true,"href":"http:\/\/residencedespins.ddns.net\/wordpress1\/index.php?rest_route=%2Fwp%2Fv2%2Fcomments&post=444"}],"version-history":[{"count":6,"href":"http:\/\/residencedespins.ddns.net\/wordpress1\/index.php?rest_route=\/wp\/v2\/pages\/444\/revisions"}],"predecessor-version":[{"id":467,"href":"http:\/\/residencedespins.ddns.net\/wordpress1\/index.php?rest_route=\/wp\/v2\/pages\/444\/revisions\/467"}],"up":[{"embeddable":true,"href":"http:\/\/residencedespins.ddns.net\/wordpress1\/index.php?rest_route=\/wp\/v2\/pages\/160"}],"wp:attachment":[{"href":"http:\/\/residencedespins.ddns.net\/wordpress1\/index.php?rest_route=%2Fwp%2Fv2%2Fmedia&parent=444"}],"curies":[{"name":"wp","href":"https:\/\/api.w.org\/{rel}","templated":true}]}}