{"id":445,"date":"2010-07-14T11:31:15","date_gmt":"2010-07-14T09:31:15","guid":{"rendered":"http:\/\/residencedespins.ddns.net\/wordpress1\/?page_id=445"},"modified":"2014-01-31T12:27:46","modified_gmt":"2014-01-31T10:27:46","slug":"carte-des-pensions","status":"publish","type":"page","link":"http:\/\/residencedespins.ddns.net\/wordpress1\/?page_id=445","title":{"rendered":"Carte des pensions"},"content":{"rendered":"<p>Les pensions peuvent assurer l&rsquo;h\u00e9bergement individuel (chambre personnelle) pour une semaine des \u00e9cotouristes, ainsi que la demi-pension (petit d\u00e9jeuner et souper). Toutes les pensions indiqu\u00e9es sur la carte ci-dessous ne participent pas forc\u00e9ment \u00e0 l&rsquo;\u00e9cotourisme, ainsi actuellement seules les pensions \u00abMoana\u00bb, \u00abNuruata\u00bb et \u00abVaimano\u00bb accueillent des \u00e9cotouristes. Les pensions \u00abChez Linda\u00bb et \u00abAtaha\u00bb l&rsquo;ont fait par le pass\u00e9 et la pension \u00abRaivavae Tama Resort\u00bb ne l&rsquo;a jamais fait.<\/p>\n<p>Pour obtenir le nom d&rsquo;une pension, d\u00e9placez la souris sur son ic\u00f4ne sur la carte ci-dessous, et pour obtenir plus d&rsquo;informations, cliquez sur cette derni\u00e8re.<a href=\"http:\/\/residencedespins.ddns.net\/wordpress1\/wp-content\/uploads\/2010\/07\/Raivavae-carte-pensions.jpg\" rel=\"shadowbox[sbpost-445];player=img;\" title=\"Carte des pensions de Raivavae\"><img loading=\"lazy\" decoding=\"async\" src=\"wp-content\/uploads\/cache\/75b2131ca634705a76a7be9b5453ef76.jpg\" alt=\"Carte des pensions de Raivavae\" title=\"Carte des pensions de Raivavae\" width=\"491\" height=\"351\" usemap=\"#carte\" class='PxgGlobalImage'><\/a><\/p>\n<map name=carte>\n<area shape=circle coords=\"290,102,15\" alt=\"La pension Raivavae Tama Resort\" title=\"La pension Raivavae Tama Resort\" href=\"http:\/\/residencedespins.ddns.net\/wordpress1\/wp-gallery\/carte\/raivavae-tama-resort\/index.html\" target=photo>\n<area shape=circle coords=\"156,131,15\" alt=\"La pension Moana\" title=\"La pension Moana\" href=\"http:\/\/residencedespins.ddns.net\/wordpress1\/wp-gallery\/carte\/moana\/index.html\" target=photo>\n<area shape=circle coords=\"168,225,15\" alt=\"La pension Chez Linda\" title=\"La pension Chez Linda\" href=\"http:\/\/residencedespins.ddns.net\/wordpress1\/wp-gallery\/carte\/chez-linda\/index.html\" target=photo>\n<area shape=circle coords=\"209,215,15\" alt=\"La pension Nuruata\" title=\"La pension Nuruata\" href=\"http:\/\/residencedespins.ddns.net\/wordpress1\/wp-gallery\/carte\/nuruata\/index.html\" target=photo>\n<area shape=circle coords=\"282,162,15\" alt=\"La pension Ataha\" title=\"La pension Ataha\" href=\"http:\/\/residencedespins.ddns.net\/wordpress1\/wp-gallery\/carte\/ataha\/index.html\" target=photo>\n<area shape=circle coords=\"315,147,15\" alt=\"La pension Vaimano\" title=\"La pension Vaimano\" href=\"http:\/\/residencedespins.ddns.net\/wordpress1\/wp-gallery\/carte\/vaimano\/index.html\" target=photo><\/map>\n<p><IFRAME name=photo align=\"right\" width=\"491\" height=\"518\" marginheight=\"0\" marginwidth=\"0\" frameborder=\"0\"><\/IFRAME><\/p>\n","protected":false},"excerpt":{"rendered":"<p>Les pensions peuvent assurer l&rsquo;h\u00e9bergement individuel (chambre personnelle) pour une semaine des \u00e9cotouristes, ainsi que la demi-pension (petit d\u00e9jeuner et souper). Toutes les pensions indiqu\u00e9es sur la carte ci-dessous ne participent pas forc\u00e9ment \u00e0 l&rsquo;\u00e9cotourisme, ainsi actuellement seules les pensions \u00abMoana\u00bb, \u00abNuruata\u00bb et \u00abVaimano\u00bb accueillent des \u00e9cotouristes. Les pensions \u00abChez Linda\u00bb et \u00abAtaha\u00bb l&rsquo;ont fait [&hellip;]<\/p>\n","protected":false},"author":1,"featured_media":0,"parent":160,"menu_order":603,"comment_status":"closed","ping_status":"open","template":"","meta":{"footnotes":""},"class_list":["post-445","page","type-page","status-publish","hentry"],"_links":{"self":[{"href":"http:\/\/residencedespins.ddns.net\/wordpress1\/index.php?rest_route=\/wp\/v2\/pages\/445","targetHints":{"allow":["GET"]}}],"collection":[{"href":"http:\/\/residencedespins.ddns.net\/wordpress1\/index.php?rest_route=\/wp\/v2\/pages"}],"about":[{"href":"http:\/\/residencedespins.ddns.net\/wordpress1\/index.php?rest_route=\/wp\/v2\/types\/page"}],"author":[{"embeddable":true,"href":"http:\/\/residencedespins.ddns.net\/wordpress1\/index.php?rest_route=\/wp\/v2\/users\/1"}],"replies":[{"embeddable":true,"href":"http:\/\/residencedespins.ddns.net\/wordpress1\/index.php?rest_route=%2Fwp%2Fv2%2Fcomments&post=445"}],"version-history":[{"count":20,"href":"http:\/\/residencedespins.ddns.net\/wordpress1\/index.php?rest_route=\/wp\/v2\/pages\/445\/revisions"}],"predecessor-version":[{"id":457,"href":"http:\/\/residencedespins.ddns.net\/wordpress1\/index.php?rest_route=\/wp\/v2\/pages\/445\/revisions\/457"}],"up":[{"embeddable":true,"href":"http:\/\/residencedespins.ddns.net\/wordpress1\/index.php?rest_route=\/wp\/v2\/pages\/160"}],"wp:attachment":[{"href":"http:\/\/residencedespins.ddns.net\/wordpress1\/index.php?rest_route=%2Fwp%2Fv2%2Fmedia&parent=445"}],"curies":[{"name":"wp","href":"https:\/\/api.w.org\/{rel}","templated":true}]}}