{"id":477,"date":"2010-07-15T18:10:09","date_gmt":"2010-07-15T16:10:09","guid":{"rendered":"http:\/\/residencedespins.ddns.net\/wordpress1\/?page_id=477"},"modified":"2010-07-23T11:07:58","modified_gmt":"2010-07-23T09:07:58","slug":"virement-bancaire","status":"publish","type":"page","link":"http:\/\/residencedespins.ddns.net\/wordpress1\/?page_id=477","title":{"rendered":"Virement bancaire &#8211; formulaire \u00e0 imprimer, \u00e0 compl\u00e9ter (champs marqu\u00e9s d&rsquo;une \u00d7) et \u00e0 transmettre \u00e0 votre banque pour ex\u00e9cution"},"content":{"rendered":"<p style=\"text-align: right;\"><a href=\"http:\/\/residencedespins.ddns.net\/wordpress1\/?page_id=477&amp;print=1\" title=\"Imprimer cet article\" rel=\"nofollow\">Imprimer cet article<\/a><\/p>\n\n","protected":false},"excerpt":{"rendered":"","protected":false},"author":1,"featured_media":0,"parent":2,"menu_order":701,"comment_status":"closed","ping_status":"open","template":"","meta":{"footnotes":""},"class_list":["post-477","page","type-page","status-publish","hentry"],"_links":{"self":[{"href":"http:\/\/residencedespins.ddns.net\/wordpress1\/index.php?rest_route=\/wp\/v2\/pages\/477","targetHints":{"allow":["GET"]}}],"collection":[{"href":"http:\/\/residencedespins.ddns.net\/wordpress1\/index.php?rest_route=\/wp\/v2\/pages"}],"about":[{"href":"http:\/\/residencedespins.ddns.net\/wordpress1\/index.php?rest_route=\/wp\/v2\/types\/page"}],"author":[{"embeddable":true,"href":"http:\/\/residencedespins.ddns.net\/wordpress1\/index.php?rest_route=\/wp\/v2\/users\/1"}],"replies":[{"embeddable":true,"href":"http:\/\/residencedespins.ddns.net\/wordpress1\/index.php?rest_route=%2Fwp%2Fv2%2Fcomments&post=477"}],"version-history":[{"count":67,"href":"http:\/\/residencedespins.ddns.net\/wordpress1\/index.php?rest_route=\/wp\/v2\/pages\/477\/revisions"}],"predecessor-version":[{"id":581,"href":"http:\/\/residencedespins.ddns.net\/wordpress1\/index.php?rest_route=\/wp\/v2\/pages\/477\/revisions\/581"}],"up":[{"embeddable":true,"href":"http:\/\/residencedespins.ddns.net\/wordpress1\/index.php?rest_route=\/wp\/v2\/pages\/2"}],"wp:attachment":[{"href":"http:\/\/residencedespins.ddns.net\/wordpress1\/index.php?rest_route=%2Fwp%2Fv2%2Fmedia&parent=477"}],"curies":[{"name":"wp","href":"https:\/\/api.w.org\/{rel}","templated":true}]}}