{"id":56,"date":"2009-09-03T11:21:45","date_gmt":"2009-09-03T09:21:45","guid":{"rendered":"http:\/\/residencedespins.ddns.net\/wordpress1\/?page_id=56"},"modified":"2025-07-19T19:28:06","modified_gmt":"2025-07-19T17:28:06","slug":"les-sites-naturels","status":"publish","type":"page","link":"http:\/\/residencedespins.ddns.net\/wordpress1\/?page_id=56","title":{"rendered":"Les sites naturels"},"content":{"rendered":"\n<p><\/p>\n\n\n\n<figure class=\"wp-block-gallery has-nested-images columns-default is-cropped wp-block-gallery-1 is-layout-flex wp-block-gallery-is-layout-flex\">\n<figure class=\"wp-block-image size-large\"><a href=\"http:\/\/residencedespins.ddns.net\/wordpress1\/wp-content\/uploads\/2025\/07\/01-Site-naturel-La-montagne-est-comme-une-dentelle-qui-brode-le-ciel-et-la-terre.jpg\" rel=\"shadowbox[sbpost-56];player=img;\"><img loading=\"lazy\" decoding=\"async\" width=\"440\" height=\"319\"  data-id=\"2076\" src=\"http:\/\/residencedespins.ddns.net\/wordpress1\/wp-content\/uploads\/2025\/07\/01-Site-naturel-La-montagne-est-comme-une-dentelle-qui-brode-le-ciel-et-la-terre.jpg\" alt=\"\" class=\"wp-image-2076\" srcset=\"http:\/\/residencedespins.ddns.net\/wordpress1\/wp-content\/uploads\/2025\/07\/01-Site-naturel-La-montagne-est-comme-une-dentelle-qui-brode-le-ciel-et-la-terre.jpg 440w, http:\/\/residencedespins.ddns.net\/wordpress1\/wp-content\/uploads\/2025\/07\/01-Site-naturel-La-montagne-est-comme-une-dentelle-qui-brode-le-ciel-et-la-terre-300x218.jpg 300w\" sizes=\"auto, (max-width: 440px) 100vw, 440px\" \/><\/a><figcaption class=\"wp-element-caption\">La montagne est comme une dentelle qui brode le ciel et la terre<\/figcaption><\/figure>\n\n\n\n<figure class=\"wp-block-image size-large\"><a href=\"http:\/\/residencedespins.ddns.net\/wordpress1\/wp-content\/uploads\/2025\/07\/02-Site-naturel-Apres-de-fortes-pluies-des-cascades-se-forment-ca-et-la.jpg\" rel=\"shadowbox[sbpost-56];player=img;\"><img loading=\"lazy\" decoding=\"async\" width=\"320\" height=\"213\"  data-id=\"2075\" src=\"http:\/\/residencedespins.ddns.net\/wordpress1\/wp-content\/uploads\/2025\/07\/02-Site-naturel-Apres-de-fortes-pluies-des-cascades-se-forment-ca-et-la.jpg\" alt=\"\" class=\"wp-image-2075\" srcset=\"http:\/\/residencedespins.ddns.net\/wordpress1\/wp-content\/uploads\/2025\/07\/02-Site-naturel-Apres-de-fortes-pluies-des-cascades-se-forment-ca-et-la.jpg 320w, http:\/\/residencedespins.ddns.net\/wordpress1\/wp-content\/uploads\/2025\/07\/02-Site-naturel-Apres-de-fortes-pluies-des-cascades-se-forment-ca-et-la-300x200.jpg 300w\" sizes=\"auto, (max-width: 320px) 100vw, 320px\" \/><\/a><figcaption class=\"wp-element-caption\">Apr\u00e8s de fortes pluies des cascades se forment \u00e7a et l\u00e0<\/figcaption><\/figure>\n\n\n\n<figure class=\"wp-block-image size-large\"><a href=\"http:\/\/residencedespins.ddns.net\/wordpress1\/wp-content\/uploads\/2025\/07\/03-Site-naturel-En-sous-bois-des-merveillent-soffrent-au-regard-des-promeneurs.jpg\" rel=\"shadowbox[sbpost-56];player=img;\"><img loading=\"lazy\" decoding=\"async\" width=\"320\" height=\"427\"  data-id=\"2077\" src=\"http:\/\/residencedespins.ddns.net\/wordpress1\/wp-content\/uploads\/2025\/07\/03-Site-naturel-En-sous-bois-des-merveillent-soffrent-au-regard-des-promeneurs.jpg\" alt=\"\" class=\"wp-image-2077\" srcset=\"http:\/\/residencedespins.ddns.net\/wordpress1\/wp-content\/uploads\/2025\/07\/03-Site-naturel-En-sous-bois-des-merveillent-soffrent-au-regard-des-promeneurs.jpg 320w, http:\/\/residencedespins.ddns.net\/wordpress1\/wp-content\/uploads\/2025\/07\/03-Site-naturel-En-sous-bois-des-merveillent-soffrent-au-regard-des-promeneurs-225x300.jpg 225w\" sizes=\"auto, (max-width: 320px) 100vw, 320px\" \/><\/a><figcaption class=\"wp-element-caption\">En sous-bois des merveillent s&rsquo;offrent au regard des promeneurs<\/figcaption><\/figure>\n\n\n\n<figure class=\"wp-block-image size-large\"><a href=\"http:\/\/residencedespins.ddns.net\/wordpress1\/wp-content\/uploads\/2025\/07\/04-Site-naturel-Lile-de-Raivavae-se-dessine-au-fur-et-a-mesure-de-la-promenade-en-bateau.jpg\" rel=\"shadowbox[sbpost-56];player=img;\"><img loading=\"lazy\" decoding=\"async\" width=\"440\" height=\"295\"  data-id=\"2078\" src=\"http:\/\/residencedespins.ddns.net\/wordpress1\/wp-content\/uploads\/2025\/07\/04-Site-naturel-Lile-de-Raivavae-se-dessine-au-fur-et-a-mesure-de-la-promenade-en-bateau.jpg\" alt=\"\" class=\"wp-image-2078\" srcset=\"http:\/\/residencedespins.ddns.net\/wordpress1\/wp-content\/uploads\/2025\/07\/04-Site-naturel-Lile-de-Raivavae-se-dessine-au-fur-et-a-mesure-de-la-promenade-en-bateau.jpg 440w, http:\/\/residencedespins.ddns.net\/wordpress1\/wp-content\/uploads\/2025\/07\/04-Site-naturel-Lile-de-Raivavae-se-dessine-au-fur-et-a-mesure-de-la-promenade-en-bateau-300x201.jpg 300w\" sizes=\"auto, (max-width: 440px) 100vw, 440px\" \/><\/a><figcaption class=\"wp-element-caption\">L&rsquo;\u00eele de Raivavae se dessine au fur et \u00e0 mesure de la promenade en bateau<\/figcaption><\/figure>\n\n\n\n<figure class=\"wp-block-image size-large\"><a href=\"http:\/\/residencedespins.ddns.net\/wordpress1\/wp-content\/uploads\/2025\/07\/05-Site-naturelle-Tout-au-tour-de-lile-le-recif-coralien-brise-les-vagues-venant-de-locean-pacifique.jpg\" rel=\"shadowbox[sbpost-56];player=img;\"><img loading=\"lazy\" decoding=\"async\" width=\"320\" height=\"322\"  data-id=\"2079\" src=\"http:\/\/residencedespins.ddns.net\/wordpress1\/wp-content\/uploads\/2025\/07\/05-Site-naturelle-Tout-au-tour-de-lile-le-recif-coralien-brise-les-vagues-venant-de-locean-pacifique.jpg\" alt=\"\" class=\"wp-image-2079\" srcset=\"http:\/\/residencedespins.ddns.net\/wordpress1\/wp-content\/uploads\/2025\/07\/05-Site-naturelle-Tout-au-tour-de-lile-le-recif-coralien-brise-les-vagues-venant-de-locean-pacifique.jpg 320w, http:\/\/residencedespins.ddns.net\/wordpress1\/wp-content\/uploads\/2025\/07\/05-Site-naturelle-Tout-au-tour-de-lile-le-recif-coralien-brise-les-vagues-venant-de-locean-pacifique-298x300.jpg 298w, http:\/\/residencedespins.ddns.net\/wordpress1\/wp-content\/uploads\/2025\/07\/05-Site-naturelle-Tout-au-tour-de-lile-le-recif-coralien-brise-les-vagues-venant-de-locean-pacifique-150x150.jpg 150w\" sizes=\"auto, (max-width: 320px) 100vw, 320px\" \/><\/a><figcaption class=\"wp-element-caption\">Tout au tour de l&rsquo;\u00eele le r\u00e9cif coralien brise les vagues venant de l&rsquo;oc\u00e9an pacifique<\/figcaption><\/figure>\n\n\n\n<figure class=\"wp-block-image size-large\"><a href=\"http:\/\/residencedespins.ddns.net\/wordpress1\/wp-content\/uploads\/2025\/07\/06-Site-naturel-28-ilots-sont-enchasses-dans-la-barriere-recifale-Quelle-splendeur.jpg\" rel=\"shadowbox[sbpost-56];player=img;\"><img loading=\"lazy\" decoding=\"async\" width=\"440\" height=\"324\"  data-id=\"2080\" src=\"http:\/\/residencedespins.ddns.net\/wordpress1\/wp-content\/uploads\/2025\/07\/06-Site-naturel-28-ilots-sont-enchasses-dans-la-barriere-recifale-Quelle-splendeur.jpg\" alt=\"\" class=\"wp-image-2080\" srcset=\"http:\/\/residencedespins.ddns.net\/wordpress1\/wp-content\/uploads\/2025\/07\/06-Site-naturel-28-ilots-sont-enchasses-dans-la-barriere-recifale-Quelle-splendeur.jpg 440w, http:\/\/residencedespins.ddns.net\/wordpress1\/wp-content\/uploads\/2025\/07\/06-Site-naturel-28-ilots-sont-enchasses-dans-la-barriere-recifale-Quelle-splendeur-300x221.jpg 300w\" sizes=\"auto, (max-width: 440px) 100vw, 440px\" \/><\/a><figcaption class=\"wp-element-caption\">28 \u00eelots sont enchass\u00e9s dans la barri\u00e8re r\u00e9cifale, Quelle splendeur<\/figcaption><\/figure>\n<\/figure>\n","protected":false},"excerpt":{"rendered":"","protected":false},"author":1,"featured_media":0,"parent":2,"menu_order":107,"comment_status":"closed","ping_status":"open","template":"","meta":{"footnotes":""},"class_list":["post-56","page","type-page","status-publish","hentry"],"_links":{"self":[{"href":"http:\/\/residencedespins.ddns.net\/wordpress1\/index.php?rest_route=\/wp\/v2\/pages\/56","targetHints":{"allow":["GET"]}}],"collection":[{"href":"http:\/\/residencedespins.ddns.net\/wordpress1\/index.php?rest_route=\/wp\/v2\/pages"}],"about":[{"href":"http:\/\/residencedespins.ddns.net\/wordpress1\/index.php?rest_route=\/wp\/v2\/types\/page"}],"author":[{"embeddable":true,"href":"http:\/\/residencedespins.ddns.net\/wordpress1\/index.php?rest_route=\/wp\/v2\/users\/1"}],"replies":[{"embeddable":true,"href":"http:\/\/residencedespins.ddns.net\/wordpress1\/index.php?rest_route=%2Fwp%2Fv2%2Fcomments&post=56"}],"version-history":[{"count":4,"href":"http:\/\/residencedespins.ddns.net\/wordpress1\/index.php?rest_route=\/wp\/v2\/pages\/56\/revisions"}],"predecessor-version":[{"id":2082,"href":"http:\/\/residencedespins.ddns.net\/wordpress1\/index.php?rest_route=\/wp\/v2\/pages\/56\/revisions\/2082"}],"up":[{"embeddable":true,"href":"http:\/\/residencedespins.ddns.net\/wordpress1\/index.php?rest_route=\/wp\/v2\/pages\/2"}],"wp:attachment":[{"href":"http:\/\/residencedespins.ddns.net\/wordpress1\/index.php?rest_route=%2Fwp%2Fv2%2Fmedia&parent=56"}],"curies":[{"name":"wp","href":"https:\/\/api.w.org\/{rel}","templated":true}]}}