{"id":62,"date":"2009-09-03T14:09:10","date_gmt":"2009-09-03T12:09:10","guid":{"rendered":"http:\/\/residencedespins.ddns.net\/wordpress1\/?page_id=62"},"modified":"2025-07-19T18:24:56","modified_gmt":"2025-07-19T16:24:56","slug":"la-culturelhistoire","status":"publish","type":"page","link":"http:\/\/residencedespins.ddns.net\/wordpress1\/?page_id=62","title":{"rendered":"La culture\/l&rsquo;histoire"},"content":{"rendered":"\n<p><\/p>\n\n\n\n<figure class=\"wp-block-gallery has-nested-images columns-default is-cropped wp-block-gallery-1 is-layout-flex wp-block-gallery-is-layout-flex\">\n<figure class=\"wp-block-image size-large\"><a href=\"http:\/\/residencedespins.ddns.net\/wordpress1\/wp-content\/uploads\/2025\/07\/01-Culturel-Sous-la-direction-dun-archeologue-a-droitela-population-constituee-en-Association-participe-a-la-restauration-de-ce-site-archeologique.jpg\" rel=\"shadowbox[sbpost-62];player=img;\"><img loading=\"lazy\" decoding=\"async\" width=\"440\" height=\"339\"  data-id=\"1952\" src=\"http:\/\/residencedespins.ddns.net\/wordpress1\/wp-content\/uploads\/2025\/07\/01-Culturel-Sous-la-direction-dun-archeologue-a-droitela-population-constituee-en-Association-participe-a-la-restauration-de-ce-site-archeologique.jpg\" alt=\"\" class=\"wp-image-1952\" srcset=\"http:\/\/residencedespins.ddns.net\/wordpress1\/wp-content\/uploads\/2025\/07\/01-Culturel-Sous-la-direction-dun-archeologue-a-droitela-population-constituee-en-Association-participe-a-la-restauration-de-ce-site-archeologique.jpg 440w, http:\/\/residencedespins.ddns.net\/wordpress1\/wp-content\/uploads\/2025\/07\/01-Culturel-Sous-la-direction-dun-archeologue-a-droitela-population-constituee-en-Association-participe-a-la-restauration-de-ce-site-archeologique-300x231.jpg 300w\" sizes=\"auto, (max-width: 440px) 100vw, 440px\" \/><\/a><figcaption class=\"wp-element-caption\">Sous la direction d&rsquo;un arch\u00e9ologue (\u00e0 droite)la population (constitu\u00e9e en Association) participe \u00e0 la restauration de ce site arch\u00e9ologique<\/figcaption><\/figure>\n\n\n\n<figure class=\"wp-block-image size-large\"><a href=\"http:\/\/residencedespins.ddns.net\/wordpress1\/wp-content\/uploads\/2025\/07\/02-Culturel-Lors-dune-visite-guidee-les-touristes-decouvrent-aussi-la-legende-de-cette-pierre-elevee-a-lentree-de-la-cour-pavee-de-ce-marae.jpg\" rel=\"shadowbox[sbpost-62];player=img;\"><img loading=\"lazy\" decoding=\"async\" width=\"440\" height=\"375\"  data-id=\"1953\" src=\"http:\/\/residencedespins.ddns.net\/wordpress1\/wp-content\/uploads\/2025\/07\/02-Culturel-Lors-dune-visite-guidee-les-touristes-decouvrent-aussi-la-legende-de-cette-pierre-elevee-a-lentree-de-la-cour-pavee-de-ce-marae.jpg\" alt=\"\" class=\"wp-image-1953\" srcset=\"http:\/\/residencedespins.ddns.net\/wordpress1\/wp-content\/uploads\/2025\/07\/02-Culturel-Lors-dune-visite-guidee-les-touristes-decouvrent-aussi-la-legende-de-cette-pierre-elevee-a-lentree-de-la-cour-pavee-de-ce-marae.jpg 440w, http:\/\/residencedespins.ddns.net\/wordpress1\/wp-content\/uploads\/2025\/07\/02-Culturel-Lors-dune-visite-guidee-les-touristes-decouvrent-aussi-la-legende-de-cette-pierre-elevee-a-lentree-de-la-cour-pavee-de-ce-marae-300x256.jpg 300w\" sizes=\"auto, (max-width: 440px) 100vw, 440px\" \/><\/a><figcaption class=\"wp-element-caption\">Lors d&rsquo;une visite guid\u00e9e les touristes d\u00e9couvrent aussi la l\u00e9gende de cette pierre \u00e9lev\u00e9e \u00e0 l&rsquo;entr\u00e9e de la cour pav\u00e9e de ce marae<\/figcaption><\/figure>\n\n\n\n<figure class=\"wp-block-image size-large\"><a href=\"http:\/\/residencedespins.ddns.net\/wordpress1\/wp-content\/uploads\/2025\/07\/03-Culturel-A-Raivavae-plus-de-80-marae-sont-recenses.-Celui-ci-Pomaovao-a-recu-un-debut-de-restauration-mais-beaucoup-sont-a-labandon.jpg\" rel=\"shadowbox[sbpost-62];player=img;\"><img loading=\"lazy\" decoding=\"async\" width=\"440\" height=\"329\"  data-id=\"1954\" src=\"http:\/\/residencedespins.ddns.net\/wordpress1\/wp-content\/uploads\/2025\/07\/03-Culturel-A-Raivavae-plus-de-80-marae-sont-recenses.-Celui-ci-Pomaovao-a-recu-un-debut-de-restauration-mais-beaucoup-sont-a-labandon.jpg\" alt=\"\" class=\"wp-image-1954\" srcset=\"http:\/\/residencedespins.ddns.net\/wordpress1\/wp-content\/uploads\/2025\/07\/03-Culturel-A-Raivavae-plus-de-80-marae-sont-recenses.-Celui-ci-Pomaovao-a-recu-un-debut-de-restauration-mais-beaucoup-sont-a-labandon.jpg 440w, http:\/\/residencedespins.ddns.net\/wordpress1\/wp-content\/uploads\/2025\/07\/03-Culturel-A-Raivavae-plus-de-80-marae-sont-recenses.-Celui-ci-Pomaovao-a-recu-un-debut-de-restauration-mais-beaucoup-sont-a-labandon-300x224.jpg 300w\" sizes=\"auto, (max-width: 440px) 100vw, 440px\" \/><\/a><figcaption class=\"wp-element-caption\">A Raivavae plus de 80 marae sont recens\u00e9s. Celui-ci &lsquo;Pomaovao&rsquo; a re\u00e7u un d\u00e9but de restauration mais beaucoup sont \u00e0 l&rsquo;abandon<\/figcaption><\/figure>\n\n\n\n<figure class=\"wp-block-image size-large\"><a href=\"http:\/\/residencedespins.ddns.net\/wordpress1\/wp-content\/uploads\/2025\/07\/04-Culturel-Parfois-certain-de-ces-blocs-monolithiques-sont-graves-de-figures-appelees-petroglyphes.jpg\" rel=\"shadowbox[sbpost-62];player=img;\"><img loading=\"lazy\" decoding=\"async\" width=\"440\" height=\"330\"  data-id=\"1955\" src=\"http:\/\/residencedespins.ddns.net\/wordpress1\/wp-content\/uploads\/2025\/07\/04-Culturel-Parfois-certain-de-ces-blocs-monolithiques-sont-graves-de-figures-appelees-petroglyphes.jpg\" alt=\"\" class=\"wp-image-1955\" srcset=\"http:\/\/residencedespins.ddns.net\/wordpress1\/wp-content\/uploads\/2025\/07\/04-Culturel-Parfois-certain-de-ces-blocs-monolithiques-sont-graves-de-figures-appelees-petroglyphes.jpg 440w, http:\/\/residencedespins.ddns.net\/wordpress1\/wp-content\/uploads\/2025\/07\/04-Culturel-Parfois-certain-de-ces-blocs-monolithiques-sont-graves-de-figures-appelees-petroglyphes-300x225.jpg 300w\" sizes=\"auto, (max-width: 440px) 100vw, 440px\" \/><\/a><figcaption class=\"wp-element-caption\">Parfois certain de ces blocs monolithiques sont grav\u00e9s de figures appel\u00e9es &lsquo;p\u00e9troglyphes&rsquo;<\/figcaption><\/figure>\n\n\n\n<figure class=\"wp-block-image size-large\"><a href=\"http:\/\/residencedespins.ddns.net\/wordpress1\/wp-content\/uploads\/2025\/07\/05-Culturel-Autre-marae-restaure.-Les-blocs-granitiques-ont-ete-redresses.jpg\" rel=\"shadowbox[sbpost-62];player=img;\"><img loading=\"lazy\" decoding=\"async\" width=\"440\" height=\"330\"  data-id=\"1956\" src=\"http:\/\/residencedespins.ddns.net\/wordpress1\/wp-content\/uploads\/2025\/07\/05-Culturel-Autre-marae-restaure.-Les-blocs-granitiques-ont-ete-redresses.jpg\" alt=\"\" class=\"wp-image-1956\" srcset=\"http:\/\/residencedespins.ddns.net\/wordpress1\/wp-content\/uploads\/2025\/07\/05-Culturel-Autre-marae-restaure.-Les-blocs-granitiques-ont-ete-redresses.jpg 440w, http:\/\/residencedespins.ddns.net\/wordpress1\/wp-content\/uploads\/2025\/07\/05-Culturel-Autre-marae-restaure.-Les-blocs-granitiques-ont-ete-redresses-300x225.jpg 300w\" sizes=\"auto, (max-width: 440px) 100vw, 440px\" \/><\/a><figcaption class=\"wp-element-caption\">Autre marae restaur\u00e9. Les blocs granitiques ont \u00e9t\u00e9 redress\u00e9s<\/figcaption><\/figure>\n\n\n\n<figure class=\"wp-block-image size-large\"><a href=\"http:\/\/residencedespins.ddns.net\/wordpress1\/wp-content\/uploads\/2025\/07\/06-Culturel-Dans-la-foret-les-feuillages-cachent-parfois-des-vestiges-archeologiques.jpg\" rel=\"shadowbox[sbpost-62];player=img;\"><img loading=\"lazy\" decoding=\"async\" width=\"440\" height=\"330\"  data-id=\"1957\" src=\"http:\/\/residencedespins.ddns.net\/wordpress1\/wp-content\/uploads\/2025\/07\/06-Culturel-Dans-la-foret-les-feuillages-cachent-parfois-des-vestiges-archeologiques.jpg\" alt=\"\" class=\"wp-image-1957\" srcset=\"http:\/\/residencedespins.ddns.net\/wordpress1\/wp-content\/uploads\/2025\/07\/06-Culturel-Dans-la-foret-les-feuillages-cachent-parfois-des-vestiges-archeologiques.jpg 440w, http:\/\/residencedespins.ddns.net\/wordpress1\/wp-content\/uploads\/2025\/07\/06-Culturel-Dans-la-foret-les-feuillages-cachent-parfois-des-vestiges-archeologiques-300x225.jpg 300w\" sizes=\"auto, (max-width: 440px) 100vw, 440px\" \/><\/a><figcaption class=\"wp-element-caption\">Dans la for\u00eat les feuillages cachent parfois des vestiges arch\u00e9ologiques<\/figcaption><\/figure>\n<\/figure>\n","protected":false},"excerpt":{"rendered":"","protected":false},"author":1,"featured_media":0,"parent":2,"menu_order":110,"comment_status":"closed","ping_status":"open","template":"","meta":{"footnotes":""},"class_list":["post-62","page","type-page","status-publish","hentry"],"_links":{"self":[{"href":"http:\/\/residencedespins.ddns.net\/wordpress1\/index.php?rest_route=\/wp\/v2\/pages\/62","targetHints":{"allow":["GET"]}}],"collection":[{"href":"http:\/\/residencedespins.ddns.net\/wordpress1\/index.php?rest_route=\/wp\/v2\/pages"}],"about":[{"href":"http:\/\/residencedespins.ddns.net\/wordpress1\/index.php?rest_route=\/wp\/v2\/types\/page"}],"author":[{"embeddable":true,"href":"http:\/\/residencedespins.ddns.net\/wordpress1\/index.php?rest_route=\/wp\/v2\/users\/1"}],"replies":[{"embeddable":true,"href":"http:\/\/residencedespins.ddns.net\/wordpress1\/index.php?rest_route=%2Fwp%2Fv2%2Fcomments&post=62"}],"version-history":[{"count":4,"href":"http:\/\/residencedespins.ddns.net\/wordpress1\/index.php?rest_route=\/wp\/v2\/pages\/62\/revisions"}],"predecessor-version":[{"id":1958,"href":"http:\/\/residencedespins.ddns.net\/wordpress1\/index.php?rest_route=\/wp\/v2\/pages\/62\/revisions\/1958"}],"up":[{"embeddable":true,"href":"http:\/\/residencedespins.ddns.net\/wordpress1\/index.php?rest_route=\/wp\/v2\/pages\/2"}],"wp:attachment":[{"href":"http:\/\/residencedespins.ddns.net\/wordpress1\/index.php?rest_route=%2Fwp%2Fv2%2Fmedia&parent=62"}],"curies":[{"name":"wp","href":"https:\/\/api.w.org\/{rel}","templated":true}]}}