{"id":637,"date":"2010-09-30T13:11:02","date_gmt":"2010-09-30T11:11:02","guid":{"rendered":"http:\/\/residencedespins.ddns.net\/wordpress1\/?page_id=637"},"modified":"2010-09-30T13:25:47","modified_gmt":"2010-09-30T11:25:47","slug":"pente-de-ainu-ou-lherbe-ne-pousse-pas","status":"publish","type":"page","link":"http:\/\/residencedespins.ddns.net\/wordpress1\/?page_id=637","title":{"rendered":"Pente de Ainu, ou l&rsquo;herbe ne pousse pas"},"content":{"rendered":"<h2 style=\"text-align: center;\"><span style=\"text-decoration: underline;\">Pente de Ainu, ou l&rsquo;herbe ne pousse pas<\/span><\/h2>\n<p>Autrefois, vivait dans le district de Vaiuru \u00e0 Raivavae, un jeune homme nomm\u00e9 Ainu. C&rsquo;\u00e9tait un gar\u00e7on paisible qui avait un petit chien. Les villages de l&rsquo;\u00eele de Raivavae : Anatonu, Raira, Mahatma et Vaiuru, \u00e9taient sans cesse en guerre et tous les habitants constamment en danger.<br \/>\nUn jour, Ainu d\u00e9cida d&rsquo;aller vivre seul avec son chien dans la montagne, l\u00e0 ou personne ne viendrait le d\u00e9ranger. Il b\u00e2tit une petite cabane pour lui et son compagnon qu&rsquo;il aimait beaucoup. Leur vie \u00e9tait tranquille. Ainu dressa son chien et lui apprit \u00e0 ob\u00e9ir. L&rsquo;animal grandissait rapidement. Quand il eut la taille d&rsquo;un veau, Ainu l\u2019entra\u00eena \u00e0 apporter de l&rsquo;eau. Il y avait, au bas de la colline, une source connue d&rsquo;eux seuls. Ainu accrochait les r\u00e9cipients autour du cou du chien et celui-ci les ramenait remplis.<div id=\"attachment_639\" style=\"width: 310px\" class=\"wp-caption aligncenter\"><a href=\"http:\/\/residencedespins.ddns.net\/wordpress1\/wp-content\/uploads\/2010\/09\/Un-chien-de-Raivavae.jpg\" rel=\"shadowbox[sbpost-637];player=img;\"><img loading=\"lazy\" decoding=\"async\" aria-describedby=\"caption-attachment-639\"  src=\"http:\/\/residencedespins.ddns.net\/wordpress1\/wp-content\/uploads\/2010\/09\/Un-chien-de-Raivavae-300x225.jpg\" alt=\"Un chien de Raivavae\" title=\"Un chien de Raivavae\" width=\"300\" height=\"225\" class=\"size-medium wp-image-639\" srcset=\"http:\/\/residencedespins.ddns.net\/wordpress1\/wp-content\/uploads\/2010\/09\/Un-chien-de-Raivavae-300x225.jpg 300w, http:\/\/residencedespins.ddns.net\/wordpress1\/wp-content\/uploads\/2010\/09\/Un-chien-de-Raivavae-1024x768.jpg 1024w\" sizes=\"auto, (max-width: 300px) 100vw, 300px\" \/><\/a><p id=\"caption-attachment-639\" class=\"wp-caption-text\">Un chien de Raivavae<\/p><\/div><br \/>\nUn soir, voyant revenir son chien, Ainu fut \u00e9tonn\u00e9 et inquiet de sa grande taille. Si plus tard la nourriture venait \u00e0 manquer, cette b\u00eate le d\u00e9vorerait&#8230; Il eut peur. Le lendemain, pendant que son chien \u00e9tait un peu \u00e9loign\u00e9, il per\u00e7a les r\u00e9cipients.<br \/>\nLe soir, le chien partit accomplir sa tache. Anu regagna son village. La pauvre b\u00eate, \u00e0 peine revenue, s&rsquo;aper\u00e7ut que les \u00ab\u00a0Hue\u00a0\u00bb (canebasse) \u00e9taient vides. Elle redescendit et refit le m\u00eame trajet. A La sixi\u00e8me tentative, \u00e9puis\u00e9, le chien abandonna et chercha son ma\u00eetre&#8230; Personne&#8230; Apr\u00e8s une triste nuit, il s&rsquo;\u00e9lan\u00e7a vers le village&#8230; L\u00e0, Ainu \u00e9tait acclam\u00e9 et assailli de questions. En voyant arriver le gros animal, il eut une grande frayeur mais le chien s&rsquo;approcha, lui l\u00e9cha le bras et le tira par son v\u00eatement pour qu&rsquo;il revienne \u00e0 la cabane.<div id=\"attachment_640\" style=\"width: 310px\" class=\"wp-caption aligncenter\"><a href=\"http:\/\/residencedespins.ddns.net\/wordpress1\/wp-content\/uploads\/2010\/09\/Une-rivi\u00e8re-de-Raivavae.jpg\" rel=\"shadowbox[sbpost-637];player=img;\"><img loading=\"lazy\" decoding=\"async\" aria-describedby=\"caption-attachment-640\"  src=\"http:\/\/residencedespins.ddns.net\/wordpress1\/wp-content\/uploads\/2010\/09\/Une-rivi\u00e8re-de-Raivavae-300x225.jpg\" alt=\"Une rivi\u00e8re de Raivavae\" title=\"Une rivi\u00e8re de Raivavae\" width=\"300\" height=\"225\" class=\"size-medium wp-image-640\" srcset=\"http:\/\/residencedespins.ddns.net\/wordpress1\/wp-content\/uploads\/2010\/09\/Une-rivi\u00e8re-de-Raivavae-300x225.jpg 300w, http:\/\/residencedespins.ddns.net\/wordpress1\/wp-content\/uploads\/2010\/09\/Une-rivi\u00e8re-de-Raivavae-1024x768.jpg 1024w\" sizes=\"auto, (max-width: 300px) 100vw, 300px\" \/><\/a><p id=\"caption-attachment-640\" class=\"wp-caption-text\">Une rivi\u00e8re de Raivavae<\/p><\/div><br \/>\nAinu comprit que son chien n&rsquo;\u00e9tait ni m\u00e9chant ni dangereux. Quand l&rsquo;homme mourut, l&rsquo;animal l&rsquo;enterra et pleura tr\u00e8s fort. Des gens l&rsquo;entendirent et le d\u00e9couvrirent. Dans ses sanglots, il disait: \u00ab\u00a0Pauvre de toi, Ainu!\u00a0\u00bb. Pr\u00e8s des sa tombe commen\u00e7ait la pente par laquelle le chien allait \u00e0 la source.<br \/>\nCette pente fut appel\u00e9e pente de Ainu. L&rsquo;herbe n&rsquo;y pousse pas. On peut toujours la voir.<\/p>\n<p>Sources: Tahiti Heritage.<\/p>\n<h3 style=\"text-align: right;\"><a title=\"Tahiti Heritage\" href=\"http:\/\/www.tahitiheritage.pf\/\" target=\"_blank\"><em>Tahiti Heritage<\/em><\/a><\/h3>\n","protected":false},"excerpt":{"rendered":"<p>Pente de Ainu, ou l&rsquo;herbe ne pousse pas Autrefois, vivait dans le district de Vaiuru \u00e0 Raivavae, un jeune homme nomm\u00e9 Ainu. C&rsquo;\u00e9tait un gar\u00e7on paisible qui avait un petit chien. Les villages de l&rsquo;\u00eele de Raivavae : Anatonu, Raira, Mahatma et Vaiuru, \u00e9taient sans cesse en guerre et tous les habitants constamment en danger. [&hellip;]<\/p>\n","protected":false},"author":1,"featured_media":0,"parent":2,"menu_order":206,"comment_status":"closed","ping_status":"open","template":"","meta":{"footnotes":""},"class_list":["post-637","page","type-page","status-publish","hentry"],"_links":{"self":[{"href":"http:\/\/residencedespins.ddns.net\/wordpress1\/index.php?rest_route=\/wp\/v2\/pages\/637","targetHints":{"allow":["GET"]}}],"collection":[{"href":"http:\/\/residencedespins.ddns.net\/wordpress1\/index.php?rest_route=\/wp\/v2\/pages"}],"about":[{"href":"http:\/\/residencedespins.ddns.net\/wordpress1\/index.php?rest_route=\/wp\/v2\/types\/page"}],"author":[{"embeddable":true,"href":"http:\/\/residencedespins.ddns.net\/wordpress1\/index.php?rest_route=\/wp\/v2\/users\/1"}],"replies":[{"embeddable":true,"href":"http:\/\/residencedespins.ddns.net\/wordpress1\/index.php?rest_route=%2Fwp%2Fv2%2Fcomments&post=637"}],"version-history":[{"count":3,"href":"http:\/\/residencedespins.ddns.net\/wordpress1\/index.php?rest_route=\/wp\/v2\/pages\/637\/revisions"}],"predecessor-version":[{"id":641,"href":"http:\/\/residencedespins.ddns.net\/wordpress1\/index.php?rest_route=\/wp\/v2\/pages\/637\/revisions\/641"}],"up":[{"embeddable":true,"href":"http:\/\/residencedespins.ddns.net\/wordpress1\/index.php?rest_route=\/wp\/v2\/pages\/2"}],"wp:attachment":[{"href":"http:\/\/residencedespins.ddns.net\/wordpress1\/index.php?rest_route=%2Fwp%2Fv2%2Fmedia&parent=637"}],"curies":[{"name":"wp","href":"https:\/\/api.w.org\/{rel}","templated":true}]}}