{"id":64,"date":"2009-09-03T14:30:42","date_gmt":"2009-09-03T12:30:42","guid":{"rendered":"http:\/\/residencedespins.ddns.net\/wordpress1\/?page_id=64"},"modified":"2025-07-19T19:40:18","modified_gmt":"2025-07-19T17:40:18","slug":"les-traditions","status":"publish","type":"page","link":"http:\/\/residencedespins.ddns.net\/wordpress1\/?page_id=64","title":{"rendered":"Les traditions"},"content":{"rendered":"\n<p><\/p>\n\n\n\n<figure class=\"wp-block-video aligncenter\"><video controls src=\"http:\/\/residencedespins.ddns.net\/wordpress1\/wp-content\/uploads\/2025\/07\/Te-vaa-no-Raivavae.mp4\"><\/video><figcaption class=\"wp-element-caption\">Te va&rsquo;a n\u014d Raivavae<\/figcaption><\/figure>\n\n\n\n<figure class=\"wp-block-gallery has-nested-images columns-default is-cropped wp-block-gallery-1 is-layout-flex wp-block-gallery-is-layout-flex\">\n<figure class=\"wp-block-image size-large\"><a href=\"http:\/\/residencedespins.ddns.net\/wordpress1\/wp-content\/uploads\/2025\/07\/Chants-tradi-01-Avant-chaque-prestation-le-maitre-de-chants-presente-son-groupe-au-jury-et-implore-sa-bienveillance-pour-remporter-le-premier-prix.jpg\" rel=\"shadowbox[sbpost-64];player=img;\"><img loading=\"lazy\" decoding=\"async\" width=\"640\" height=\"449\"  data-id=\"2092\" src=\"http:\/\/residencedespins.ddns.net\/wordpress1\/wp-content\/uploads\/2025\/07\/Chants-tradi-01-Avant-chaque-prestation-le-maitre-de-chants-presente-son-groupe-au-jury-et-implore-sa-bienveillance-pour-remporter-le-premier-prix.jpg\" alt=\"\" class=\"wp-image-2092\" srcset=\"http:\/\/residencedespins.ddns.net\/wordpress1\/wp-content\/uploads\/2025\/07\/Chants-tradi-01-Avant-chaque-prestation-le-maitre-de-chants-presente-son-groupe-au-jury-et-implore-sa-bienveillance-pour-remporter-le-premier-prix.jpg 640w, http:\/\/residencedespins.ddns.net\/wordpress1\/wp-content\/uploads\/2025\/07\/Chants-tradi-01-Avant-chaque-prestation-le-maitre-de-chants-presente-son-groupe-au-jury-et-implore-sa-bienveillance-pour-remporter-le-premier-prix-300x210.jpg 300w\" sizes=\"auto, (max-width: 640px) 100vw, 640px\" \/><\/a><figcaption class=\"wp-element-caption\">Avant chaque prestation le ma\u00eetre de chants pr\u00e9sente son groupe au jury et implore sa bienveillance pour remporter le premier prix<\/figcaption><\/figure>\n\n\n\n<figure class=\"wp-block-image size-large\"><a href=\"http:\/\/residencedespins.ddns.net\/wordpress1\/wp-content\/uploads\/2025\/07\/Chants-tradi-02-Ce-groupe-est-pret-mais-il-faut-attendre-le-signal-du-jury.jpg\" rel=\"shadowbox[sbpost-64];player=img;\"><img loading=\"lazy\" decoding=\"async\" width=\"440\" height=\"329\"  data-id=\"2097\" src=\"http:\/\/residencedespins.ddns.net\/wordpress1\/wp-content\/uploads\/2025\/07\/Chants-tradi-02-Ce-groupe-est-pret-mais-il-faut-attendre-le-signal-du-jury.jpg\" alt=\"\" class=\"wp-image-2097\" srcset=\"http:\/\/residencedespins.ddns.net\/wordpress1\/wp-content\/uploads\/2025\/07\/Chants-tradi-02-Ce-groupe-est-pret-mais-il-faut-attendre-le-signal-du-jury.jpg 440w, http:\/\/residencedespins.ddns.net\/wordpress1\/wp-content\/uploads\/2025\/07\/Chants-tradi-02-Ce-groupe-est-pret-mais-il-faut-attendre-le-signal-du-jury-300x224.jpg 300w\" sizes=\"auto, (max-width: 440px) 100vw, 440px\" \/><\/a><figcaption class=\"wp-element-caption\">Ce groupe est pr\u00eat mais il faut attendre le signal du jury<\/figcaption><\/figure>\n\n\n\n<figure class=\"wp-block-image size-large\"><a href=\"http:\/\/residencedespins.ddns.net\/wordpress1\/wp-content\/uploads\/2025\/07\/Chants-tradi-03-Un-nouveau-groupe-vient-de-prendre-place-parmi-les-spectateurs-et-en-face-du-jury.jpg\" rel=\"shadowbox[sbpost-64];player=img;\"><img loading=\"lazy\" decoding=\"async\" width=\"440\" height=\"329\"  data-id=\"2095\" src=\"http:\/\/residencedespins.ddns.net\/wordpress1\/wp-content\/uploads\/2025\/07\/Chants-tradi-03-Un-nouveau-groupe-vient-de-prendre-place-parmi-les-spectateurs-et-en-face-du-jury.jpg\" alt=\"\" class=\"wp-image-2095\" srcset=\"http:\/\/residencedespins.ddns.net\/wordpress1\/wp-content\/uploads\/2025\/07\/Chants-tradi-03-Un-nouveau-groupe-vient-de-prendre-place-parmi-les-spectateurs-et-en-face-du-jury.jpg 440w, http:\/\/residencedespins.ddns.net\/wordpress1\/wp-content\/uploads\/2025\/07\/Chants-tradi-03-Un-nouveau-groupe-vient-de-prendre-place-parmi-les-spectateurs-et-en-face-du-jury-300x224.jpg 300w\" sizes=\"auto, (max-width: 440px) 100vw, 440px\" \/><\/a><figcaption class=\"wp-element-caption\">Un nouveau groupe vient de prendre place parmi les spectateurs et en face du jury<\/figcaption><\/figure>\n\n\n\n<figure class=\"wp-block-image size-large\"><a href=\"http:\/\/residencedespins.ddns.net\/wordpress1\/wp-content\/uploads\/2025\/07\/Danses-tradi-01-Chaque-groupe-de-danses-possede-aussi-sont-orchestre-traditionnel.jpg\" rel=\"shadowbox[sbpost-64];player=img;\"><img loading=\"lazy\" decoding=\"async\" width=\"440\" height=\"338\"  data-id=\"2094\" src=\"http:\/\/residencedespins.ddns.net\/wordpress1\/wp-content\/uploads\/2025\/07\/Danses-tradi-01-Chaque-groupe-de-danses-possede-aussi-sont-orchestre-traditionnel.jpg\" alt=\"\" class=\"wp-image-2094\" srcset=\"http:\/\/residencedespins.ddns.net\/wordpress1\/wp-content\/uploads\/2025\/07\/Danses-tradi-01-Chaque-groupe-de-danses-possede-aussi-sont-orchestre-traditionnel.jpg 440w, http:\/\/residencedespins.ddns.net\/wordpress1\/wp-content\/uploads\/2025\/07\/Danses-tradi-01-Chaque-groupe-de-danses-possede-aussi-sont-orchestre-traditionnel-300x230.jpg 300w\" sizes=\"auto, (max-width: 440px) 100vw, 440px\" \/><\/a><figcaption class=\"wp-element-caption\">Chaque groupe de danses poss\u00e8de aussi sont orchestre traditionnel<\/figcaption><\/figure>\n\n\n\n<figure class=\"wp-block-image size-large\"><a href=\"http:\/\/residencedespins.ddns.net\/wordpress1\/wp-content\/uploads\/2025\/07\/Danses-tradi-02-A-tour-de-role-les-4-villages-se-produisent-devant-toute-la-population-de-Raivavae-reunie.jpg\" rel=\"shadowbox[sbpost-64];player=img;\"><img loading=\"lazy\" decoding=\"async\" width=\"440\" height=\"344\"  data-id=\"2096\" src=\"http:\/\/residencedespins.ddns.net\/wordpress1\/wp-content\/uploads\/2025\/07\/Danses-tradi-02-A-tour-de-role-les-4-villages-se-produisent-devant-toute-la-population-de-Raivavae-reunie.jpg\" alt=\"\" class=\"wp-image-2096\" srcset=\"http:\/\/residencedespins.ddns.net\/wordpress1\/wp-content\/uploads\/2025\/07\/Danses-tradi-02-A-tour-de-role-les-4-villages-se-produisent-devant-toute-la-population-de-Raivavae-reunie.jpg 440w, http:\/\/residencedespins.ddns.net\/wordpress1\/wp-content\/uploads\/2025\/07\/Danses-tradi-02-A-tour-de-role-les-4-villages-se-produisent-devant-toute-la-population-de-Raivavae-reunie-300x235.jpg 300w\" sizes=\"auto, (max-width: 440px) 100vw, 440px\" \/><\/a><figcaption class=\"wp-element-caption\">A tour de r\u00f4le les 4 villages se produisent devant toute la population de Raivavae r\u00e9unie<\/figcaption><\/figure>\n\n\n\n<figure class=\"wp-block-image size-large\"><a href=\"http:\/\/residencedespins.ddns.net\/wordpress1\/wp-content\/uploads\/2025\/07\/Danses-tradi-03-ces-costumes-sont-resolument-limites-a-lutilisation-des-vegetaux-locaux.jpg\" rel=\"shadowbox[sbpost-64];player=img;\"><img loading=\"lazy\" decoding=\"async\" width=\"440\" height=\"432\"  data-id=\"2093\" src=\"http:\/\/residencedespins.ddns.net\/wordpress1\/wp-content\/uploads\/2025\/07\/Danses-tradi-03-ces-costumes-sont-resolument-limites-a-lutilisation-des-vegetaux-locaux.jpg\" alt=\"\" class=\"wp-image-2093\" srcset=\"http:\/\/residencedespins.ddns.net\/wordpress1\/wp-content\/uploads\/2025\/07\/Danses-tradi-03-ces-costumes-sont-resolument-limites-a-lutilisation-des-vegetaux-locaux.jpg 440w, http:\/\/residencedespins.ddns.net\/wordpress1\/wp-content\/uploads\/2025\/07\/Danses-tradi-03-ces-costumes-sont-resolument-limites-a-lutilisation-des-vegetaux-locaux-300x295.jpg 300w\" sizes=\"auto, (max-width: 440px) 100vw, 440px\" \/><\/a><figcaption class=\"wp-element-caption\">Ces costumes sont r\u00e9solument limit\u00e9s \u00e0 l&rsquo;utilisation des v\u00e9g\u00e9taux locaux<\/figcaption><\/figure>\n\n\n\n<figure class=\"wp-block-image size-large\"><a href=\"http:\/\/residencedespins.ddns.net\/wordpress1\/wp-content\/uploads\/2025\/07\/Danses-tradi-04-Hommes-et-femmes-jeunes-et-seniors-tout-le-monde-peut-participer.jpg\" rel=\"shadowbox[sbpost-64];player=img;\"><img loading=\"lazy\" decoding=\"async\" width=\"440\" height=\"508\"  data-id=\"2098\" src=\"http:\/\/residencedespins.ddns.net\/wordpress1\/wp-content\/uploads\/2025\/07\/Danses-tradi-04-Hommes-et-femmes-jeunes-et-seniors-tout-le-monde-peut-participer.jpg\" alt=\"\" class=\"wp-image-2098\" srcset=\"http:\/\/residencedespins.ddns.net\/wordpress1\/wp-content\/uploads\/2025\/07\/Danses-tradi-04-Hommes-et-femmes-jeunes-et-seniors-tout-le-monde-peut-participer.jpg 440w, http:\/\/residencedespins.ddns.net\/wordpress1\/wp-content\/uploads\/2025\/07\/Danses-tradi-04-Hommes-et-femmes-jeunes-et-seniors-tout-le-monde-peut-participer-260x300.jpg 260w\" sizes=\"auto, (max-width: 440px) 100vw, 440px\" \/><\/a><figcaption class=\"wp-element-caption\">Hommes et femmes, jeunes et s\u00e9niors, tout le monde peut participer<\/figcaption><\/figure>\n\n\n\n<figure class=\"wp-block-image size-large\"><a href=\"http:\/\/residencedespins.ddns.net\/wordpress1\/wp-content\/uploads\/2025\/07\/Jeux-tradi-01-Le-porter-de-fruits-feminin-Tous-les-styles-sont-permis.jpg\" rel=\"shadowbox[sbpost-64];player=img;\"><img loading=\"lazy\" decoding=\"async\" width=\"440\" height=\"284\"  data-id=\"2099\" src=\"http:\/\/residencedespins.ddns.net\/wordpress1\/wp-content\/uploads\/2025\/07\/Jeux-tradi-01-Le-porter-de-fruits-feminin-Tous-les-styles-sont-permis.jpg\" alt=\"\" class=\"wp-image-2099\" srcset=\"http:\/\/residencedespins.ddns.net\/wordpress1\/wp-content\/uploads\/2025\/07\/Jeux-tradi-01-Le-porter-de-fruits-feminin-Tous-les-styles-sont-permis.jpg 440w, http:\/\/residencedespins.ddns.net\/wordpress1\/wp-content\/uploads\/2025\/07\/Jeux-tradi-01-Le-porter-de-fruits-feminin-Tous-les-styles-sont-permis-300x194.jpg 300w\" sizes=\"auto, (max-width: 440px) 100vw, 440px\" \/><\/a><figcaption class=\"wp-element-caption\">Le porter de fruits f\u00e9minin Tous les styles sont permis<\/figcaption><\/figure>\n\n\n\n<figure class=\"wp-block-image size-large\"><a href=\"http:\/\/residencedespins.ddns.net\/wordpress1\/wp-content\/uploads\/2025\/07\/Jeux-tradi-02-Le-lancer-de-javelot-sur-une-cible-distante-et-accrochee-a-7-metres-de-hauteur-sur-un-poteau-de-bois.jpg\" rel=\"shadowbox[sbpost-64];player=img;\"><img loading=\"lazy\" decoding=\"async\" width=\"440\" height=\"329\"  data-id=\"2100\" src=\"http:\/\/residencedespins.ddns.net\/wordpress1\/wp-content\/uploads\/2025\/07\/Jeux-tradi-02-Le-lancer-de-javelot-sur-une-cible-distante-et-accrochee-a-7-metres-de-hauteur-sur-un-poteau-de-bois.jpg\" alt=\"\" class=\"wp-image-2100\" srcset=\"http:\/\/residencedespins.ddns.net\/wordpress1\/wp-content\/uploads\/2025\/07\/Jeux-tradi-02-Le-lancer-de-javelot-sur-une-cible-distante-et-accrochee-a-7-metres-de-hauteur-sur-un-poteau-de-bois.jpg 440w, http:\/\/residencedespins.ddns.net\/wordpress1\/wp-content\/uploads\/2025\/07\/Jeux-tradi-02-Le-lancer-de-javelot-sur-une-cible-distante-et-accrochee-a-7-metres-de-hauteur-sur-un-poteau-de-bois-300x224.jpg 300w\" sizes=\"auto, (max-width: 440px) 100vw, 440px\" \/><\/a><figcaption class=\"wp-element-caption\">Le lancer de javelot sur une cible distante et accroch\u00e9e \u00e0 7 m\u00e8tres de hauteur sur un poteau de bois<\/figcaption><\/figure>\n\n\n\n<figure class=\"wp-block-image size-large\"><a href=\"http:\/\/residencedespins.ddns.net\/wordpress1\/wp-content\/uploads\/2025\/07\/Jeux-tradi-03-Pirogue-V6-Feminin.-Cette-embarcation-se-rend-sur-la-ligne-de-depart.jpg\" rel=\"shadowbox[sbpost-64];player=img;\"><img loading=\"lazy\" decoding=\"async\" width=\"440\" height=\"329\"  data-id=\"2101\" src=\"http:\/\/residencedespins.ddns.net\/wordpress1\/wp-content\/uploads\/2025\/07\/Jeux-tradi-03-Pirogue-V6-Feminin.-Cette-embarcation-se-rend-sur-la-ligne-de-depart.jpg\" alt=\"\" class=\"wp-image-2101\" srcset=\"http:\/\/residencedespins.ddns.net\/wordpress1\/wp-content\/uploads\/2025\/07\/Jeux-tradi-03-Pirogue-V6-Feminin.-Cette-embarcation-se-rend-sur-la-ligne-de-depart.jpg 440w, http:\/\/residencedespins.ddns.net\/wordpress1\/wp-content\/uploads\/2025\/07\/Jeux-tradi-03-Pirogue-V6-Feminin.-Cette-embarcation-se-rend-sur-la-ligne-de-depart-300x224.jpg 300w\" sizes=\"auto, (max-width: 440px) 100vw, 440px\" \/><\/a><figcaption class=\"wp-element-caption\">Pirogue V6 F\u00e9minin. Cette embarcation se rend sur la ligne de d\u00e9part<\/figcaption><\/figure>\n\n\n\n<figure class=\"wp-block-image size-large\"><a href=\"http:\/\/residencedespins.ddns.net\/wordpress1\/wp-content\/uploads\/2025\/07\/Jeux-tradi-04-Cest-le-tour-de-ces-piroguiers-de-se-diriger-vers-le-lieu-du-depart.jpg\" rel=\"shadowbox[sbpost-64];player=img;\"><img loading=\"lazy\" decoding=\"async\" width=\"440\" height=\"368\"  data-id=\"2102\" src=\"http:\/\/residencedespins.ddns.net\/wordpress1\/wp-content\/uploads\/2025\/07\/Jeux-tradi-04-Cest-le-tour-de-ces-piroguiers-de-se-diriger-vers-le-lieu-du-depart.jpg\" alt=\"\" class=\"wp-image-2102\" srcset=\"http:\/\/residencedespins.ddns.net\/wordpress1\/wp-content\/uploads\/2025\/07\/Jeux-tradi-04-Cest-le-tour-de-ces-piroguiers-de-se-diriger-vers-le-lieu-du-depart.jpg 440w, http:\/\/residencedespins.ddns.net\/wordpress1\/wp-content\/uploads\/2025\/07\/Jeux-tradi-04-Cest-le-tour-de-ces-piroguiers-de-se-diriger-vers-le-lieu-du-depart-300x251.jpg 300w\" sizes=\"auto, (max-width: 440px) 100vw, 440px\" \/><\/a><figcaption class=\"wp-element-caption\">C&rsquo;est le tour de ces piroguiers de se diriger vers le lieu du d\u00e9part<\/figcaption><\/figure>\n\n\n\n<figure class=\"wp-block-image size-large\"><a href=\"http:\/\/residencedespins.ddns.net\/wordpress1\/wp-content\/uploads\/2025\/07\/Jeux-tradi-05-Ces-jeunes-exultent-car-ils-se-sont-tres-bien-classes.jpg\" rel=\"shadowbox[sbpost-64];player=img;\"><img loading=\"lazy\" decoding=\"async\" width=\"440\" height=\"352\" class='PxgGlobalImage'  data-id=\"2103\" src=\"http:\/\/residencedespins.ddns.net\/wordpress1\/wp-content\/uploads\/2025\/07\/Jeux-tradi-05-Ces-jeunes-exultent-car-ils-se-sont-tres-bien-classes.jpg\" alt=\"\" class=\"wp-image-2103\" srcset=\"http:\/\/residencedespins.ddns.net\/wordpress1\/wp-content\/uploads\/2025\/07\/Jeux-tradi-05-Ces-jeunes-exultent-car-ils-se-sont-tres-bien-classes.jpg 440w, http:\/\/residencedespins.ddns.net\/wordpress1\/wp-content\/uploads\/2025\/07\/Jeux-tradi-05-Ces-jeunes-exultent-car-ils-se-sont-tres-bien-classes-300x240.jpg 300w\" sizes=\"auto, (max-width: 440px) 100vw, 440px\" \/><\/a><figcaption class=\"wp-element-caption\">Ces jeunes exultent car ils se sont tr\u00e8s bien class\u00e9s<\/figcaption><\/figure>\n\n\n\n<figure class=\"wp-block-image size-large\"><a href=\"http:\/\/residencedespins.ddns.net\/wordpress1\/wp-content\/uploads\/2025\/07\/Jeux-tradi-06-Pour-cet-equipage-V12-cest-la-premiere-place-qui-leur-revient.jpg\" rel=\"shadowbox[sbpost-64];player=img;\"><img loading=\"lazy\" decoding=\"async\" width=\"440\" height=\"389\"  data-id=\"2104\" src=\"http:\/\/residencedespins.ddns.net\/wordpress1\/wp-content\/uploads\/2025\/07\/Jeux-tradi-06-Pour-cet-equipage-V12-cest-la-premiere-place-qui-leur-revient.jpg\" alt=\"\" class=\"wp-image-2104\" srcset=\"http:\/\/residencedespins.ddns.net\/wordpress1\/wp-content\/uploads\/2025\/07\/Jeux-tradi-06-Pour-cet-equipage-V12-cest-la-premiere-place-qui-leur-revient.jpg 440w, http:\/\/residencedespins.ddns.net\/wordpress1\/wp-content\/uploads\/2025\/07\/Jeux-tradi-06-Pour-cet-equipage-V12-cest-la-premiere-place-qui-leur-revient-300x265.jpg 300w\" sizes=\"auto, (max-width: 440px) 100vw, 440px\" \/><\/a><figcaption class=\"wp-element-caption\">Pour cet \u00e9quipage V12 c&rsquo;est la premi\u00e8re place qui leur revient<\/figcaption><\/figure>\n<\/figure>\n","protected":false},"excerpt":{"rendered":"","protected":false},"author":1,"featured_media":0,"parent":2,"menu_order":111,"comment_status":"closed","ping_status":"open","template":"","meta":{"footnotes":""},"class_list":["post-64","page","type-page","status-publish","hentry"],"_links":{"self":[{"href":"http:\/\/residencedespins.ddns.net\/wordpress1\/index.php?rest_route=\/wp\/v2\/pages\/64","targetHints":{"allow":["GET"]}}],"collection":[{"href":"http:\/\/residencedespins.ddns.net\/wordpress1\/index.php?rest_route=\/wp\/v2\/pages"}],"about":[{"href":"http:\/\/residencedespins.ddns.net\/wordpress1\/index.php?rest_route=\/wp\/v2\/types\/page"}],"author":[{"embeddable":true,"href":"http:\/\/residencedespins.ddns.net\/wordpress1\/index.php?rest_route=\/wp\/v2\/users\/1"}],"replies":[{"embeddable":true,"href":"http:\/\/residencedespins.ddns.net\/wordpress1\/index.php?rest_route=%2Fwp%2Fv2%2Fcomments&post=64"}],"version-history":[{"count":7,"href":"http:\/\/residencedespins.ddns.net\/wordpress1\/index.php?rest_route=\/wp\/v2\/pages\/64\/revisions"}],"predecessor-version":[{"id":2107,"href":"http:\/\/residencedespins.ddns.net\/wordpress1\/index.php?rest_route=\/wp\/v2\/pages\/64\/revisions\/2107"}],"up":[{"embeddable":true,"href":"http:\/\/residencedespins.ddns.net\/wordpress1\/index.php?rest_route=\/wp\/v2\/pages\/2"}],"wp:attachment":[{"href":"http:\/\/residencedespins.ddns.net\/wordpress1\/index.php?rest_route=%2Fwp%2Fv2%2Fmedia&parent=64"}],"curies":[{"name":"wp","href":"https:\/\/api.w.org\/{rel}","templated":true}]}}