{"id":649,"date":"2010-09-30T13:59:38","date_gmt":"2010-09-30T11:59:38","guid":{"rendered":"http:\/\/residencedespins.ddns.net\/wordpress1\/?page_id=649"},"modified":"2010-09-30T17:14:57","modified_gmt":"2010-09-30T15:14:57","slug":"les-rois-de-raivavae","status":"publish","type":"page","link":"http:\/\/residencedespins.ddns.net\/wordpress1\/?page_id=649","title":{"rendered":"Les rois de Raivavae"},"content":{"rendered":"<h2 style=\"text-align: center;\"><span style=\"text-decoration: underline;\">Les rois de Raivavae<\/span><\/h2>\n<p>L&rsquo;\u00eele de Raivavae a connu de nombreux rois, qui ont \u00e9t\u00e9 enterr\u00e9s sur place.<\/p>\n<div id=\"attachment_654\" style=\"width: 310px\" class=\"wp-caption aligncenter\"><a href=\"http:\/\/residencedespins.ddns.net\/wordpress1\/wp-content\/uploads\/2010\/09\/Marae-\u00e0-Raivavae.jpg\" rel=\"shadowbox[sbpost-649];player=img;\"><img loading=\"lazy\" decoding=\"async\" aria-describedby=\"caption-attachment-654\"  class=\"size-medium wp-image-654\" title=\"Marae \u00e0 Raivavae\" src=\"http:\/\/residencedespins.ddns.net\/wordpress1\/wp-content\/uploads\/2010\/09\/Marae-\u00e0-Raivavae-300x225.jpg\" alt=\"Marae \u00e0 Raivavae\" width=\"300\" height=\"225\" srcset=\"http:\/\/residencedespins.ddns.net\/wordpress1\/wp-content\/uploads\/2010\/09\/Marae-\u00e0-Raivavae-300x225.jpg 300w, http:\/\/residencedespins.ddns.net\/wordpress1\/wp-content\/uploads\/2010\/09\/Marae-\u00e0-Raivavae-1024x768.jpg 1024w\" sizes=\"auto, (max-width: 300px) 100vw, 300px\" \/><\/a><p id=\"caption-attachment-654\" class=\"wp-caption-text\">Marae \u00e0 Raivavae<\/p><\/div>\n<ul>\n<li> Les rois TERIAITAHITI I, II et III, sont enterr\u00e9s dans le marae ATORANI, le plus important de l&rsquo;ile situ\u00e9 au sud-ouest de RAIRUA.<\/li>\n<li> Les rois TERIAITAHITI IV et V sont enterr\u00e9s sur la montagne MAUA TAMARII (derri\u00e8re le magasin \u00ab\u00a0AFA\u00a0\u00bb \u00e0 RAIRUA).<\/li>\n<li> Le roi TERIAITAHITI VI est enterr\u00e9 sur le motu MANO au sud-ouest de RAIVAVAE.<\/li>\n<li> Le roi TERIAITAHITI VII (dernier des rois de RAIVAVAE) est enterr\u00e9 \u00e0 RAIRUA \u00e0 cot\u00e9 du magasin \u00ab\u00a0TINITO\u00a0\u00bb.<\/li>\n<\/ul>\n<p>Sources: Tahiti Heritage.<\/p>\n<h3 style=\"text-align: right;\"><a title=\"Tahiti Heritage\" href=\"http:\/\/www.tahitiheritage.pf\/\" target=\"_blank\"><em>Tahiti Heritage<\/em><\/a><\/h3>\n","protected":false},"excerpt":{"rendered":"<p>Les rois de Raivavae L&rsquo;\u00eele de Raivavae a connu de nombreux rois, qui ont \u00e9t\u00e9 enterr\u00e9s sur place. Les rois TERIAITAHITI I, II et III, sont enterr\u00e9s dans le marae ATORANI, le plus important de l&rsquo;ile situ\u00e9 au sud-ouest de RAIRUA. Les rois TERIAITAHITI IV et V sont enterr\u00e9s sur la montagne MAUA TAMARII (derri\u00e8re [&hellip;]<\/p>\n","protected":false},"author":1,"featured_media":0,"parent":2,"menu_order":208,"comment_status":"closed","ping_status":"open","template":"","meta":{"footnotes":""},"class_list":["post-649","page","type-page","status-publish","hentry"],"_links":{"self":[{"href":"http:\/\/residencedespins.ddns.net\/wordpress1\/index.php?rest_route=\/wp\/v2\/pages\/649","targetHints":{"allow":["GET"]}}],"collection":[{"href":"http:\/\/residencedespins.ddns.net\/wordpress1\/index.php?rest_route=\/wp\/v2\/pages"}],"about":[{"href":"http:\/\/residencedespins.ddns.net\/wordpress1\/index.php?rest_route=\/wp\/v2\/types\/page"}],"author":[{"embeddable":true,"href":"http:\/\/residencedespins.ddns.net\/wordpress1\/index.php?rest_route=\/wp\/v2\/users\/1"}],"replies":[{"embeddable":true,"href":"http:\/\/residencedespins.ddns.net\/wordpress1\/index.php?rest_route=%2Fwp%2Fv2%2Fcomments&post=649"}],"version-history":[{"count":6,"href":"http:\/\/residencedespins.ddns.net\/wordpress1\/index.php?rest_route=\/wp\/v2\/pages\/649\/revisions"}],"predecessor-version":[{"id":651,"href":"http:\/\/residencedespins.ddns.net\/wordpress1\/index.php?rest_route=\/wp\/v2\/pages\/649\/revisions\/651"}],"up":[{"embeddable":true,"href":"http:\/\/residencedespins.ddns.net\/wordpress1\/index.php?rest_route=\/wp\/v2\/pages\/2"}],"wp:attachment":[{"href":"http:\/\/residencedespins.ddns.net\/wordpress1\/index.php?rest_route=%2Fwp%2Fv2%2Fmedia&parent=649"}],"curies":[{"name":"wp","href":"https:\/\/api.w.org\/{rel}","templated":true}]}}