{"id":813,"date":"2011-01-31T11:46:49","date_gmt":"2011-01-31T09:46:49","guid":{"rendered":"http:\/\/residencedespins.ddns.net\/wordpress1\/?page_id=813"},"modified":"2025-07-20T08:46:04","modified_gmt":"2025-07-20T06:46:04","slug":"passage-du-cyclone-oli-a-100-km-de-raivavae-le-5-fevrier-2010","status":"publish","type":"page","link":"http:\/\/residencedespins.ddns.net\/wordpress1\/?page_id=813","title":{"rendered":"Passage du Cyclone Oli \u00e0 100 km de Raivavae le 5 f\u00e9vrier 2010"},"content":{"rendered":"<p><a title=\"wikipedia - Cyclone Oli (2010)\" href=\"http:\/\/fr.wikipedia.org\/wiki\/Cyclone_Oli_(2010)\" target=\"_blank\" rel=\"noopener\">Le cyclone Oli<\/a> (d\u00e9signation Nadi 07F, d\u00e9signation JTWC 12P) est un cyclone tropical form\u00e9 le 29 janvier 2010 \u00e0 700 kilom\u00e8tres au nord-ouest de Fidji. Cette temp\u00eate cyclonique s\u00e9v\u00e8re (cat\u00e9gorie 4 selon la classification australienne) est la premi\u00e8re dans la r\u00e9gion depuis le cyclone Gene au d\u00e9but de l&rsquo;ann\u00e9e 2008.<\/p>\n<div id=\"attachment_821\" style=\"width: 310px\" class=\"wp-caption aligncenter\"><a href=\"http:\/\/residencedespins.ddns.net\/wordpress1\/wp-content\/uploads\/2011\/01\/Trajectoire-cyclone-Oli.png\" rel=\"shadowbox[sbpost-813];player=img;\"><img loading=\"lazy\" decoding=\"async\" aria-describedby=\"caption-attachment-821\"  class=\"size-medium wp-image-821\" title=\"Trajectoire du cyclone Oli\" src=\"http:\/\/residencedespins.ddns.net\/wordpress1\/wp-content\/uploads\/2011\/01\/Trajectoire-cyclone-Oli-300x246.png\" alt=\"Trajectoire du cyclone Oli en f\u00e9vrier 2010\" width=\"300\" height=\"246\" srcset=\"http:\/\/residencedespins.ddns.net\/wordpress1\/wp-content\/uploads\/2011\/01\/Trajectoire-cyclone-Oli-300x246.png 300w, http:\/\/residencedespins.ddns.net\/wordpress1\/wp-content\/uploads\/2011\/01\/Trajectoire-cyclone-Oli.png 775w\" sizes=\"auto, (max-width: 300px) 100vw, 300px\" \/><\/a><p id=\"caption-attachment-821\" class=\"wp-caption-text\">Trajectoire du cyclone Oli en f\u00e9vrier 2010<\/p><\/div>\n\n\n<figure class=\"wp-block-video aligncenter\"><video controls src=\"http:\/\/residencedespins.ddns.net\/wordpress1\/wp-content\/uploads\/2025\/07\/Cyclone-Oli-Passage-a-Raivavae-le-5-fevrier-2010.mp4\"><\/video><figcaption class=\"wp-element-caption\">Passage du Cyclone Oli \u00e0 Raivavae le 5 f\u00e9vrier 2010<\/figcaption><\/figure>\n","protected":false},"excerpt":{"rendered":"<p>Le cyclone Oli (d\u00e9signation Nadi 07F, d\u00e9signation JTWC 12P) est un cyclone tropical form\u00e9 le 29 janvier 2010 \u00e0 700 kilom\u00e8tres au nord-ouest de Fidji. Cette temp\u00eate cyclonique s\u00e9v\u00e8re (cat\u00e9gorie 4 selon la classification australienne) est la premi\u00e8re dans la r\u00e9gion depuis le cyclone Gene au d\u00e9but de l&rsquo;ann\u00e9e 2008.<\/p>\n","protected":false},"author":1,"featured_media":0,"parent":2,"menu_order":411,"comment_status":"closed","ping_status":"open","template":"","meta":{"footnotes":""},"class_list":["post-813","page","type-page","status-publish","hentry"],"_links":{"self":[{"href":"http:\/\/residencedespins.ddns.net\/wordpress1\/index.php?rest_route=\/wp\/v2\/pages\/813","targetHints":{"allow":["GET"]}}],"collection":[{"href":"http:\/\/residencedespins.ddns.net\/wordpress1\/index.php?rest_route=\/wp\/v2\/pages"}],"about":[{"href":"http:\/\/residencedespins.ddns.net\/wordpress1\/index.php?rest_route=\/wp\/v2\/types\/page"}],"author":[{"embeddable":true,"href":"http:\/\/residencedespins.ddns.net\/wordpress1\/index.php?rest_route=\/wp\/v2\/users\/1"}],"replies":[{"embeddable":true,"href":"http:\/\/residencedespins.ddns.net\/wordpress1\/index.php?rest_route=%2Fwp%2Fv2%2Fcomments&post=813"}],"version-history":[{"count":7,"href":"http:\/\/residencedespins.ddns.net\/wordpress1\/index.php?rest_route=\/wp\/v2\/pages\/813\/revisions"}],"predecessor-version":[{"id":2136,"href":"http:\/\/residencedespins.ddns.net\/wordpress1\/index.php?rest_route=\/wp\/v2\/pages\/813\/revisions\/2136"}],"up":[{"embeddable":true,"href":"http:\/\/residencedespins.ddns.net\/wordpress1\/index.php?rest_route=\/wp\/v2\/pages\/2"}],"wp:attachment":[{"href":"http:\/\/residencedespins.ddns.net\/wordpress1\/index.php?rest_route=%2Fwp%2Fv2%2Fmedia&parent=813"}],"curies":[{"name":"wp","href":"https:\/\/api.w.org\/{rel}","templated":true}]}}