{"id":826,"date":"2011-02-02T16:42:31","date_gmt":"2011-02-02T14:42:31","guid":{"rendered":"http:\/\/residencedespins.ddns.net\/wordpress1\/?page_id=826"},"modified":"2025-07-19T21:29:40","modified_gmt":"2025-07-19T19:29:40","slug":"histoire-des-jumeaux-evaarii-et-tiarii","status":"publish","type":"page","link":"http:\/\/residencedespins.ddns.net\/wordpress1\/?page_id=826","title":{"rendered":"Histoire des jumeaux Evaarii et Tiarii"},"content":{"rendered":"<p>Le demi-dieu Maui, h\u00e9ritier de l\u2019\u00eele de Raivavae, rencontra Te-arii-vahine-te-ahura\u2019i. De leur union naquit Taniau puis des jumeaux: Evaarii, l\u2019a\u00een\u00e9e et Tiarii. Lorsqu\u2019on interrogea les accoucheuses sur le sexe de l\u2019a\u00een\u00e9e, elles r\u00e9pondirent qu\u2019il s\u2019agissait d\u2019une fille. Evaarii fut d\u00e9sh\u00e9rit\u00e9e de ses terres, mais plus tard, on se rendit compte qu\u2019Evaarii \u00e9tait un gar\u00e7on. De honte, il d\u00e9cida de s\u2019exiler \u00e0 Tubuai. Ainsi, la partie nord de l\u2019\u00eele, \u00ab Ahani \u00bb fut dirig\u00e9e par Tiarii et la partie sud, \u00ab Hamuri \u00bb, prit Taniau comme chef. Chacun avait acc\u00e8s \u00e0 un point d\u2019eau, une plage, une montagne pour qu\u00eater les ennemis et un mar\u00e9cage pour d\u00e9velopper la culture du taro et du cocotier. Les Hamuri devenaient de plus en plus nombreux et il leur fallait plus de terres \u00e0 cultiver alors que les Ahani n\u2019utilisaient qu\u2019une partie de leur mar\u00e9cage de fa\u00e7on \u00e0 laisser cette portion en jach\u00e8re. Taniau suppli\u00e2t son fr\u00e8re de lui c\u00e9der une partie de ses terres mais sans r\u00e9sultat. Un conflit \u00e9clata entre les deux clans. Ce sont les mutations religieuses qui permirent d\u2019arr\u00eater les effusions de sang, obligeant Tiarii \u00e0 c\u00e9der ses terres pour la culture tout en conservant leur droit sur l\u2019exploitation.<\/p>\n\n\n<figure class=\"wp-block-video aligncenter\"><video controls src=\"http:\/\/residencedespins.ddns.net\/wordpress1\/wp-content\/uploads\/2025\/07\/Heiva-Tahiti-JumeauxRaivavae.mp4\"><\/video><figcaption class=\"wp-element-caption\">Grand prix du Heiva 2009 &#8211; Partage des terres de Raivavae<\/figcaption><\/figure>\n\n\n\n<p class=\"has-text-align-right\"><a href=\"https:\/\/la1ere.franceinfo.fr\/polynesie\/tahiti\/polynesie-francaise\/heiva-i-tahiti-2022-re-decouvrez-les-prestations-de-chant-en-integralite-1308568.html\">Polyn\u00e9sie 1\u00e8re<\/a><\/p>\n\n\n\n<p>Ce r\u00e9cit illustre les conflits entre fr\u00e8res, les importantes pressions \u00e0 l\u2019obtention des terres qui conduisent aux conflits et rappelle la place importante de la religion en Polyn\u00e9sie.<\/p>\n","protected":false},"excerpt":{"rendered":"<p>Le demi-dieu Maui, h\u00e9ritier de l\u2019\u00eele de Raivavae, rencontra Te-arii-vahine-te-ahura\u2019i. De leur union naquit Taniau puis des jumeaux: Evaarii, l\u2019a\u00een\u00e9e et Tiarii. Lorsqu\u2019on interrogea les accoucheuses sur le sexe de l\u2019a\u00een\u00e9e, elles r\u00e9pondirent qu\u2019il s\u2019agissait d\u2019une fille. Evaarii fut d\u00e9sh\u00e9rit\u00e9e de ses terres, mais plus tard, on se rendit compte qu\u2019Evaarii \u00e9tait un gar\u00e7on. De [&hellip;]<\/p>\n","protected":false},"author":1,"featured_media":0,"parent":2,"menu_order":210,"comment_status":"closed","ping_status":"open","template":"","meta":{"footnotes":""},"class_list":["post-826","page","type-page","status-publish","hentry"],"_links":{"self":[{"href":"http:\/\/residencedespins.ddns.net\/wordpress1\/index.php?rest_route=\/wp\/v2\/pages\/826","targetHints":{"allow":["GET"]}}],"collection":[{"href":"http:\/\/residencedespins.ddns.net\/wordpress1\/index.php?rest_route=\/wp\/v2\/pages"}],"about":[{"href":"http:\/\/residencedespins.ddns.net\/wordpress1\/index.php?rest_route=\/wp\/v2\/types\/page"}],"author":[{"embeddable":true,"href":"http:\/\/residencedespins.ddns.net\/wordpress1\/index.php?rest_route=\/wp\/v2\/users\/1"}],"replies":[{"embeddable":true,"href":"http:\/\/residencedespins.ddns.net\/wordpress1\/index.php?rest_route=%2Fwp%2Fv2%2Fcomments&post=826"}],"version-history":[{"count":8,"href":"http:\/\/residencedespins.ddns.net\/wordpress1\/index.php?rest_route=\/wp\/v2\/pages\/826\/revisions"}],"predecessor-version":[{"id":2130,"href":"http:\/\/residencedespins.ddns.net\/wordpress1\/index.php?rest_route=\/wp\/v2\/pages\/826\/revisions\/2130"}],"up":[{"embeddable":true,"href":"http:\/\/residencedespins.ddns.net\/wordpress1\/index.php?rest_route=\/wp\/v2\/pages\/2"}],"wp:attachment":[{"href":"http:\/\/residencedespins.ddns.net\/wordpress1\/index.php?rest_route=%2Fwp%2Fv2%2Fmedia&parent=826"}],"curies":[{"name":"wp","href":"https:\/\/api.w.org\/{rel}","templated":true}]}}